{"id":83,"date":"2025-11-08T10:09:42","date_gmt":"2025-11-08T18:09:42","guid":{"rendered":"https:\/\/slforklift.com\/?post_type=product&#038;p=83"},"modified":"2026-01-07T09:37:29","modified_gmt":"2026-01-07T17:37:29","slug":"truck-hand-pallet-hydraulic-3-ton","status":"publish","type":"product","link":"https:\/\/slforklift.com\/pt\/product\/truck-hand-pallet-hydraulic-3-ton\/","title":{"rendered":"Empilhador Manual de Paletes Hidr\u00e1ulico 3 Toneladas"},"content":{"rendered":"<h1 data-start=\"160\" data-end=\"197\">Empilhador Manual de Paletes Hidr\u00e1ulico 3 Toneladas<\/h1>\n<p data-start=\"198\" data-end=\"252\"><strong data-start=\"198\" data-end=\"252\">Solu\u00e7\u00e3o de Empilhador Manual de Paletes Industrial e de Alta Resist\u00eancia<\/strong><\/p>\n<h2 data-start=\"254\" data-end=\"276\">Descri\u00e7\u00e3o do Produto<\/h2>\n<p data-start=\"278\" data-end=\"650\">O <strong data-start=\"282\" data-end=\"319\">empilhador manual de paletes hidr\u00e1ulico 3 toneladas<\/strong> \u00e9 uma solu\u00e7\u00e3o robusta e fi\u00e1vel de manuseio de materiais concebida para armaz\u00e9ns, f\u00e1bricas, centros log\u00edsticos e ambientes industriais. Este <strong data-start=\"461\" data-end=\"488\">empilhador manual de paletes 3 toneladas<\/strong> combina uma estrutura de a\u00e7o refor\u00e7ado com um sistema hidr\u00e1ulico de alto desempenho, garantindo eleva\u00e7\u00e3o est\u00e1vel, descida suave e durabilidade a longo prazo sob cargas pesadas.<\/p>\n<p data-start=\"652\" data-end=\"1122\">Como um <strong data-start=\"657\" data-end=\"684\">Empilhador manual de 3 toneladas<\/strong>, \u00e9 projetado para lidar com opera\u00e7\u00f5es di\u00e1rias exigentes, oferecendo desempenho consistente na transporte de paletes. Quer seja utilizado como um <strong data-start=\"818\" data-end=\"852\">empilhador manual de paletes 3 toneladas<\/strong> ou um <strong data-start=\"858\" data-end=\"895\">empilhador hidr\u00e1ulico de paletes 3 toneladas<\/strong>, este modelo oferece excelente controlo de carga, seguran\u00e7a e efici\u00eancia operacional. \u00c9 amplamente reconhecido como um <strong data-start=\"1006\" data-end=\"1044\">empilhador manual de paletes de alta resist\u00eancia de 3 toneladas<\/strong> e um <strong data-start=\"1051\" data-end=\"1089\">empilhador industrial de paletes de 3 toneladas<\/strong> adequado para mercados globais B2B.<\/p>\n<p><img alt=\"\" fetchpriority=\"high\" decoding=\"async\" class=\"wp-image-86 aligncenter\" src=\"https:\/\/slforklift.com\/wp-content\/uploads\/2025\/11\/Hand-Pallet-Truck-3.0T-red-5.jpg\" width=\"600\" height=\"600\" srcset=\"https:\/\/slforklift.com\/wp-content\/uploads\/2025\/11\/Hand-Pallet-Truck-3.0T-red-5.jpg 800w, https:\/\/slforklift.com\/wp-content\/uploads\/2025\/11\/Hand-Pallet-Truck-3.0T-red-5-300x300.jpg 300w, https:\/\/slforklift.com\/wp-content\/uploads\/2025\/11\/Hand-Pallet-Truck-3.0T-red-5-100x100.jpg 100w, https:\/\/slforklift.com\/wp-content\/uploads\/2025\/11\/Hand-Pallet-Truck-3.0T-red-5-600x600.jpg 600w, https:\/\/slforklift.com\/wp-content\/uploads\/2025\/11\/Hand-Pallet-Truck-3.0T-red-5-150x150.jpg 150w, https:\/\/slforklift.com\/wp-content\/uploads\/2025\/11\/Hand-Pallet-Truck-3.0T-red-5-768x768.jpg 768w\" sizes=\"(max-width: 600px) 100vw, 600px\" \/><\/p>\n<h2 data-start=\"1129\" data-end=\"1148\">Caracter\u00edsticas do Produto<\/h2>\n<ul data-start=\"1150\" data-end=\"1790\">\n<li data-start=\"1150\" data-end=\"1242\">\n<p data-start=\"1152\" data-end=\"1242\"><strong data-start=\"1152\" data-end=\"1189\">Man\u00edpulo de controlo de tr\u00eas velocidades simples<\/strong> para controlo de eleva\u00e7\u00e3o, neutralidade e descida precisos<\/p>\n<\/li>\n<li data-start=\"1243\" data-end=\"1351\">\n<p data-start=\"1245\" data-end=\"1351\"><strong data-start=\"1245\" data-end=\"1272\">Bomba de fundi\u00e7\u00e3o integrada<\/strong>, dispositivo de retorno de \u00f3leo e v\u00e1lvula de al\u00edvio de seguran\u00e7a para desempenho hidr\u00e1ulico est\u00e1vel<\/p>\n<\/li>\n<li data-start=\"1352\" data-end=\"1424\">\n<p data-start=\"1354\" data-end=\"1424\"><strong data-start=\"1354\" data-end=\"1390\">Estrutura refor\u00e7ada altamente equilibrada<\/strong> garante resist\u00eancia e durabilidade<\/p>\n<\/li>\n<li data-start=\"1425\" data-end=\"1509\">\n<p data-start=\"1427\" data-end=\"1509\"><strong data-start=\"1427\" data-end=\"1457\">Velocidade de descida control\u00e1vel<\/strong> com descida lenta e suave para maior seguran\u00e7a<\/p>\n<\/li>\n<li data-start=\"1510\" data-end=\"1587\">\n<p data-start=\"1512\" data-end=\"1587\"><strong data-start=\"1512\" data-end=\"1531\">Rod\u00edzios opcionais<\/strong>: roda de nylon, roda de poliuretano (PU) ou roda de a\u00e7o<\/p>\n<\/li>\n<li data-start=\"1588\" data-end=\"1691\">\n<p data-start=\"1590\" data-end=\"1691\"><strong data-start=\"1590\" data-end=\"1640\">Requisitos especiais podem ser negociados e atendidos<\/strong> (tamanho do garfo, cor, marca, op\u00e7\u00f5es de roda de carga)<\/p>\n<\/li>\n<li data-start=\"1692\" data-end=\"1790\">\n<p data-start=\"1694\" data-end=\"1790\"><strong data-start=\"1694\" data-end=\"1745\">5000 eleva\u00e7\u00f5es sem deforma\u00e7\u00e3o sob carga nominal<\/strong>, provando longa vida \u00fatil e fiabilidade<\/p>\n<\/li>\n<\/ul>\n<p data-start=\"1792\" data-end=\"1978\">Configura\u00e7\u00f5es populares incluem <strong data-start=\"1823\" data-end=\"1869\">Empilhador hidr\u00e1ulico manual com capacidade de 3 toneladas<\/strong> e <strong data-start=\"1874\" data-end=\"1952\">Empilhador hidr\u00e1ulico manual com pre\u00e7o de 3 toneladas, empilhador manual de alta resist\u00eancia de 3 toneladas<\/strong> modelos para uso intensivo.<\/p>\n<h4><strong><b>Shenli <\/b><\/strong><strong><b>3.0<\/b><\/strong><strong><b>Par\u00e2metros do Empilhador Hidr\u00e1ulico T (Especifica\u00e7\u00e3o)<\/b><\/strong><\/h4>\n<h2 data-start=\"1985\" data-end=\"2008\">Aplica\u00e7\u00f5es do Produto<\/h2>\n<p data-start=\"2010\" data-end=\"2096\">Isto <strong data-start=\"2015\" data-end=\"2042\">Empilhador manual de 3 toneladas<\/strong> \u00e9 ideal para uma vasta gama de aplica\u00e7\u00f5es, incluindo:<\/p>\n<ul data-start=\"2098\" data-end=\"2348\">\n<li data-start=\"2098\" data-end=\"2137\">\n<p data-start=\"2100\" data-end=\"2137\">Armaz\u00e9ns e centros de distribui\u00e7\u00e3o<\/p>\n<\/li>\n<li data-start=\"2138\" data-end=\"2176\">\n<p data-start=\"2140\" data-end=\"2176\">F\u00e1bricas de produ\u00e7\u00e3o e oficinas<\/p>\n<\/li>\n<li data-start=\"2177\" data-end=\"2222\">\n<p data-start=\"2179\" data-end=\"2222\">Opera\u00e7\u00f5es de log\u00edstica e manuseio de carga<\/p>\n<\/li>\n<li data-start=\"2223\" data-end=\"2268\">\n<p data-start=\"2225\" data-end=\"2268\">Armaz\u00e9ns de retalho e instala\u00e7\u00f5es de atacado<\/p>\n<\/li>\n<li data-start=\"2269\" data-end=\"2348\">\n<p data-start=\"2271\" data-end=\"2348\">Projetos de exporta\u00e7\u00e3o e industriais que requerem <strong data-start=\"2312\" data-end=\"2348\">Capacidade de empilhador manual de 3 toneladas<\/strong><\/p>\n<\/li>\n<\/ul>\n<p data-start=\"2350\" data-end=\"2588\">\u00c9 comumente utilizado em mercados internacionais como <strong data-start=\"2403\" data-end=\"2439\">Empilhador manual de 3 toneladas em Portugal<\/strong>, <strong data-start=\"2441\" data-end=\"2488\">empilhador manual de 3 toneladas pre\u00e7o em Bangladesh<\/strong>, e Sudeste Asi\u00e1tico, onde os compradores comparam <strong data-start=\"2531\" data-end=\"2564\">pre\u00e7o do empilhador manual de 3 toneladas<\/strong> para decis\u00f5es de sourcing.<\/p>\n<hr data-start=\"2590\" data-end=\"2593\" \/>\n<h2 data-start=\"2595\" data-end=\"2628\">Rod\u00edzios &amp; Op\u00e7\u00f5es de Configura\u00e7\u00e3o<\/h2>\n<p data-start=\"2630\" data-end=\"2929\">Para atender diferentes condi\u00e7\u00f5es de opera\u00e7\u00e3o, este modelo suporta m\u00faltiplas op\u00e7\u00f5es de rodas, incluindo <strong data-start=\"2724\" data-end=\"2793\">3 rodas de carga de poliuretano para empilhador manual global serial e682577<\/strong>, rodas de nylon e rodas de a\u00e7o. Os clientes podem escolher configura\u00e7\u00f5es com base nas condi\u00e7\u00f5es do piso, requisitos de ru\u00eddo e intensidade da carga.<\/p>\n<hr data-start=\"2931\" data-end=\"2934\" \/>\n<h2 data-start=\"2936\" data-end=\"2967\">Garantia de Qualidade &amp; Garantia<\/h2>\n<p data-start=\"2969\" data-end=\"3281\">Cada <strong data-start=\"2975\" data-end=\"3012\">empilhador manual de paletes hidr\u00e1ulico 3 toneladas<\/strong> \u00e9 fabricado sob rigorosos padr\u00f5es de controle de qualidade. Cada unidade passa por testes de carga e inspe\u00e7\u00e3o hidr\u00e1ulica antes da entrega. Oferecemos uma garantia padr\u00e3o que cobre integridade estrutural e componentes hidr\u00e1ulicos, garantindo confian\u00e7a para coopera\u00e7\u00e3o B2B a longo prazo.<\/p>\n<hr data-start=\"3283\" data-end=\"3286\" \/>\n<h2 data-start=\"3288\" data-end=\"3317\">Pre\u00e7os &amp; Refer\u00eancia de Mercado<\/h2>\n<p data-start=\"3319\" data-end=\"3666\">Pre\u00e7os para este <strong data-start=\"3336\" data-end=\"3369\">pre\u00e7o do empilhador manual de paletes de 3 toneladas<\/strong> varia com base na configura\u00e7\u00e3o, tipo de roda, quantidade de pedido e personaliza\u00e7\u00e3o. Os compradores frequentemente comparam <strong data-start=\"3469\" data-end=\"3502\">pre\u00e7o do empilhador manual de 3 toneladas<\/strong>, <strong data-start=\"3504\" data-end=\"3547\">pre\u00e7o do empilhador hidr\u00e1ulico de paletes manual de 3 toneladas<\/strong>, e refer\u00eancias regionais como <strong data-start=\"3581\" data-end=\"3628\">empilhador manual de 3 toneladas pre\u00e7o em Bangladesh<\/strong> or <strong data-start=\"3632\" data-end=\"3665\">pre\u00e7o do empilhador manual de 3 toneladas<\/strong>.<\/p>\n<p data-start=\"3668\" data-end=\"3932\">Nossa oferta direta de f\u00e1brica oferece alternativas competitivas a marcas bem conhecidas como <strong data-start=\"3755\" data-end=\"3789\">empilhador manual de paletes Godrej de 3 toneladas<\/strong>, <strong data-start=\"3791\" data-end=\"3827\">empilhador manual de paletes Nilkamal de 3 toneladas<\/strong>, e <strong data-start=\"3833\" data-end=\"3873\">empilhador de paletes manual ITI de 3 toneladas 685\u00d71150<\/strong>, mantendo uma qualidade fi\u00e1vel e tempos de entrega est\u00e1veis.<\/p>\n<hr data-start=\"3934\" data-end=\"3937\" \/>\n<h2 data-start=\"3939\" data-end=\"3959\">Suporte OEM \/ ODM<\/h2>\n<p data-start=\"3961\" data-end=\"4154\">Apoiamos produ\u00e7\u00e3o OEM e ODM para <strong data-start=\"3999\" data-end=\"4045\">Empilhador hidr\u00e1ulico manual com capacidade de 3 toneladas<\/strong> modelos, incluindo tamanhos de garfos personalizados, branding, embalagem e especifica\u00e7\u00f5es para atender \u00e0s necessidades do seu mercado.<\/p>\n<figure id=\"attachment_246\" aria-describedby=\"caption-attachment-246\" style=\"width: 600px\" class=\"wp-caption aligncenter\"><img decoding=\"async\" class=\"wp-image-246\" src=\"https:\/\/slforklift.com\/wp-content\/uploads\/2025\/11\/Hand-Pallet-Truck-Details-1.jpg\" alt=\"Manual de instru\u00e7\u00f5es do empilhador hidr\u00e1ulico de paletes de m\u00e3o\" width=\"600\" height=\"849\" srcset=\"https:\/\/slforklift.com\/wp-content\/uploads\/2025\/11\/Hand-Pallet-Truck-Details-1.jpg 1280w, https:\/\/slforklift.com\/wp-content\/uploads\/2025\/11\/Hand-Pallet-Truck-Details-1-212x300.jpg 212w, https:\/\/slforklift.com\/wp-content\/uploads\/2025\/11\/Hand-Pallet-Truck-Details-1-724x1024.jpg 724w, https:\/\/slforklift.com\/wp-content\/uploads\/2025\/11\/Hand-Pallet-Truck-Details-1-768x1087.jpg 768w, https:\/\/slforklift.com\/wp-content\/uploads\/2025\/11\/Hand-Pallet-Truck-Details-1-1086x1536.jpg 1086w, https:\/\/slforklift.com\/wp-content\/uploads\/2025\/11\/Hand-Pallet-Truck-Details-1-600x849.jpg 600w\" sizes=\"(max-width: 600px) 100vw, 600px\" \/><figcaption id=\"caption-attachment-246\" class=\"wp-caption-text\">Manual de instru\u00e7\u00f5es do empilhador hidr\u00e1ulico de paletes de m\u00e3o<\/figcaption><\/figure>\n<p><strong>Shenli <\/strong><strong>3.0<\/strong><strong>Detalhes do Empilhador Hidr\u00e1ulico T:<\/strong><\/p>\n<figure id=\"attachment_322\" aria-describedby=\"caption-attachment-322\" style=\"width: 600px\" class=\"wp-caption aligncenter\"><img decoding=\"async\" class=\"wp-image-322 size-full\" src=\"https:\/\/slforklift.com\/wp-content\/uploads\/2025\/11\/Hand-Pallet-Truck-Details3.webp\" alt=\"Manual de instru\u00e7\u00f5es do empilhador hidr\u00e1ulico de paletes de m\u00e3o\" width=\"600\" height=\"600\" srcset=\"https:\/\/slforklift.com\/wp-content\/uploads\/2025\/11\/Hand-Pallet-Truck-Details3.webp 600w, https:\/\/slforklift.com\/wp-content\/uploads\/2025\/11\/Hand-Pallet-Truck-Details3-300x300.webp 300w, https:\/\/slforklift.com\/wp-content\/uploads\/2025\/11\/Hand-Pallet-Truck-Details3-150x150.webp 150w, https:\/\/slforklift.com\/wp-content\/uploads\/2025\/11\/Hand-Pallet-Truck-Details3-100x100.webp 100w\" sizes=\"(max-width: 600px) 100vw, 600px\" \/><figcaption id=\"caption-attachment-322\" class=\"wp-caption-text\">Manual de instru\u00e7\u00f5es do empilhador hidr\u00e1ulico de paletes de m\u00e3o<\/figcaption><\/figure>","protected":false},"excerpt":{"rendered":"<p>A Shenli \u00e9 uma fabricante e fornecedora de empilhadores manuais hidr\u00e1ulicos de 2.0T de grande escala na China. Temos sido especializados em equipamentos de manuseio de carga h\u00e1 muitos anos. Como f\u00e1brica, a vantagem de pre\u00e7o, capacidade OEM&amp;ODM, sistema rigoroso de controlo de qualidade e bom servi\u00e7o p\u00f3s-venda atraem-nos tantos clientes em todo o mundo. Esperamos tornar-nos seu parceiro a longo prazo em Portugal.<\/p>","protected":false},"featured_media":406,"template":"","meta":{"_seopress_robots_primary_cat":"none","_seopress_titles_title":"Truck Hand Pallet Hydraulic 3 Ton | Heavy Duty Pallet Truck","_seopress_titles_desc":"Truck hand pallet hydraulic 3 ton with reinforced frame and stable hydraulic system. Heavy duty hand pallet truck for warehouse and industrial use.","_seopress_robots_index":"","_uag_custom_page_level_css":"","site-sidebar-layout":"default","site-content-layout":"","ast-site-content-layout":"default","site-content-style":"default","site-sidebar-style":"default","ast-global-header-display":"","ast-banner-title-visibility":"","ast-main-header-display":"","ast-hfb-above-header-display":"","ast-hfb-below-header-display":"","ast-hfb-mobile-header-display":"","site-post-title":"","ast-breadcrumbs-content":"","ast-featured-img":"","footer-sml-layout":"","ast-disable-related-posts":"","theme-transparent-header-meta":"default","adv-header-id-meta":"","stick-header-meta":"","header-above-stick-meta":"","header-main-stick-meta":"","header-below-stick-meta":"","astra-migrate-meta-layouts":"set","ast-page-background-enabled":"default","ast-page-background-meta":{"desktop":{"background-color":"var(--ast-global-color-5)","background-image":"","background-repeat":"repeat","background-position":"center center","background-size":"auto","background-attachment":"scroll","background-type":"","background-media":"","overlay-type":"","overlay-color":"","overlay-opacity":"","overlay-gradient":""},"tablet":{"background-color":"","background-image":"","background-repeat":"repeat","background-position":"center center","background-size":"auto","background-attachment":"scroll","background-type":"","background-media":"","overlay-type":"","overlay-color":"","overlay-opacity":"","overlay-gradient":""},"mobile":{"background-color":"","background-image":"","background-repeat":"repeat","background-position":"center center","background-size":"auto","background-attachment":"scroll","background-type":"","background-media":"","overlay-type":"","overlay-color":"","overlay-opacity":"","overlay-gradient":""}},"ast-content-background-meta":{"desktop":{"background-color":"var(--ast-global-color-4)","background-image":"","background-repeat":"repeat","background-position":"center center","background-size":"auto","background-attachment":"scroll","background-type":"","background-media":"","overlay-type":"","overlay-color":"","overlay-opacity":"","overlay-gradient":""},"tablet":{"background-color":"var(--ast-global-color-4)","background-image":"","background-repeat":"repeat","background-position":"center center","background-size":"auto","background-attachment":"scroll","background-type":"","background-media":"","overlay-type":"","overlay-color":"","overlay-opacity":"","overlay-gradient":""},"mobile":{"background-color":"var(--ast-global-color-4)","background-image":"","background-repeat":"repeat","background-position":"center center","background-size":"auto","background-attachment":"scroll","background-type":"","background-media":"","overlay-type":"","overlay-color":"","overlay-opacity":"","overlay-gradient":""}}},"product_brand":[],"product_cat":[28],"product_tag":[24],"class_list":{"0":"post-83","1":"product","2":"type-product","3":"status-publish","4":"has-post-thumbnail","6":"product_cat-3-0-tonnes","7":"product_tag-hand-pallet-truck","8":"desktop-align-left","9":"tablet-align-left","10":"mobile-align-left","12":"first","13":"instock","14":"shipping-taxable","15":"product-type-simple"},"uagb_featured_image_src":{"full":["https:\/\/slforklift.com\/wp-content\/uploads\/2025\/11\/Hand-Pallet-Truck-3.0T-red-1-1.webp",800,800,false],"thumbnail":["https:\/\/slforklift.com\/wp-content\/uploads\/2025\/11\/Hand-Pallet-Truck-3.0T-red-1-1-150x150.webp",150,150,true],"medium":["https:\/\/slforklift.com\/wp-content\/uploads\/2025\/11\/Hand-Pallet-Truck-3.0T-red-1-1-300x300.webp",300,300,true],"medium_large":["https:\/\/slforklift.com\/wp-content\/uploads\/2025\/11\/Hand-Pallet-Truck-3.0T-red-1-1-768x768.webp",768,768,true],"large":["https:\/\/slforklift.com\/wp-content\/uploads\/2025\/11\/Hand-Pallet-Truck-3.0T-red-1-1.webp",800,800,false],"1536x1536":["https:\/\/slforklift.com\/wp-content\/uploads\/2025\/11\/Hand-Pallet-Truck-3.0T-red-1-1.webp",800,800,false],"2048x2048":["https:\/\/slforklift.com\/wp-content\/uploads\/2025\/11\/Hand-Pallet-Truck-3.0T-red-1-1.webp",800,800,false],"trp-custom-language-flag":["https:\/\/slforklift.com\/wp-content\/uploads\/2025\/11\/Hand-Pallet-Truck-3.0T-red-1-1.webp",12,12,false],"woocommerce_thumbnail":["https:\/\/slforklift.com\/wp-content\/uploads\/2025\/11\/Hand-Pallet-Truck-3.0T-red-1-1-300x300.webp",300,300,true],"woocommerce_single":["https:\/\/slforklift.com\/wp-content\/uploads\/2025\/11\/Hand-Pallet-Truck-3.0T-red-1-1-600x600.webp",600,600,true],"woocommerce_gallery_thumbnail":["https:\/\/slforklift.com\/wp-content\/uploads\/2025\/11\/Hand-Pallet-Truck-3.0T-red-1-1-100x100.webp",100,100,true]},"uagb_author_info":{"display_name":"diniu2025@outlook.com","author_link":"https:\/\/slforklift.com\/pt\/author\/"},"uagb_comment_info":0,"uagb_excerpt":"Shenli is a large-scale 3.0T Hydraulic Hand Pallet Truck manufacturer and supplier in China.We have been specialized in Cargo handling equipment for many years.As a factory,the price advantage, OEM&amp;ODM capability,strict quality control system and good sales-after service bring us so many clients all over the world.We look forward to becoming your long-term partner in China.","_links":{"self":[{"href":"https:\/\/slforklift.com\/pt\/wp-json\/wp\/v2\/product\/83","targetHints":{"allow":["GET"]}}],"collection":[{"href":"https:\/\/slforklift.com\/pt\/wp-json\/wp\/v2\/product"}],"about":[{"href":"https:\/\/slforklift.com\/pt\/wp-json\/wp\/v2\/types\/product"}],"version-history":[{"count":2,"href":"https:\/\/slforklift.com\/pt\/wp-json\/wp\/v2\/product\/83\/revisions"}],"predecessor-version":[{"id":712,"href":"https:\/\/slforklift.com\/pt\/wp-json\/wp\/v2\/product\/83\/revisions\/712"}],"wp:featuredmedia":[{"embeddable":true,"href":"https:\/\/slforklift.com\/pt\/wp-json\/wp\/v2\/media\/406"}],"wp:attachment":[{"href":"https:\/\/slforklift.com\/pt\/wp-json\/wp\/v2\/media?parent=83"}],"wp:term":[{"taxonomy":"product_brand","embeddable":true,"href":"https:\/\/slforklift.com\/pt\/wp-json\/wp\/v2\/product_brand?post=83"},{"taxonomy":"product_cat","embeddable":true,"href":"https:\/\/slforklift.com\/pt\/wp-json\/wp\/v2\/product_cat?post=83"},{"taxonomy":"product_tag","embeddable":true,"href":"https:\/\/slforklift.com\/pt\/wp-json\/wp\/v2\/product_tag?post=83"}],"curies":[{"name":"wp","href":"https:\/\/api.w.org\/{rel}","templated":true}]}}