{"id":78,"date":"2025-11-08T10:05:41","date_gmt":"2025-11-08T18:05:41","guid":{"rendered":"https:\/\/slforklift.com\/?post_type=product&#038;p=78"},"modified":"2026-01-04T05:01:39","modified_gmt":"2026-01-04T13:01:39","slug":"truck-hand-pallet-hydraulic-2-5-ton","status":"publish","type":"product","link":"https:\/\/slforklift.com\/pt\/product\/truck-hand-pallet-hydraulic-2-5-ton\/","title":{"rendered":"Empilhador hidr\u00e1ulico manual de paletes 2,5 toneladas"},"content":{"rendered":"<h2 data-start=\"127\" data-end=\"167\">Empilhador manual de paletes hidr\u00e1ulico de 2,5 toneladas<\/h2>\n<h3 data-start=\"168\" data-end=\"238\">Carrinho de paletes de 2500kg | Empilhador hidr\u00e1ulico manual de 2,5 toneladas de capacidade<\/h3>\n<h3 data-start=\"240\" data-end=\"265\">Descri\u00e7\u00e3o do Produto<\/h3>\n<p data-start=\"266\" data-end=\"691\">O <strong data-start=\"270\" data-end=\"309\">Empilhador manual de paletes hidr\u00e1ulico de 2,5 toneladas<\/strong> \u00e9 uma solu\u00e7\u00e3o de manuseio de materiais de alta resist\u00eancia, concebida para transporte eficiente de paletes em armaz\u00e9ns, f\u00e1bricas, centros log\u00edsticos e ambientes de distribui\u00e7\u00e3o ao retalho.<br data-start=\"480\" data-end=\"483\" \/>Isto <strong data-start=\"488\" data-end=\"517\">porta-paletes manual de 2,5 toneladas<\/strong> combina uma estrutura de a\u00e7o robusta com um sistema hidr\u00e1ulico de alto desempenho, proporcionando eleva\u00e7\u00e3o est\u00e1vel, descida suave e durabilidade a longo prazo sob opera\u00e7\u00e3o intensiva di\u00e1ria.<\/p>\n<p data-start=\"693\" data-end=\"990\">Com uma carga nominal de <strong data-start=\"714\" data-end=\"737\">empilhador de paletes de 2500kg<\/strong>, este <strong data-start=\"744\" data-end=\"792\">empilhador hidr\u00e1ulico manual de paletes de 2,5 toneladas de capacidade<\/strong> foi concebido para cumprir os padr\u00f5es industriais internacionais e \u00e9 amplamente utilizado como um <strong data-start=\"874\" data-end=\"897\">carro de paletes de 2,5 toneladas<\/strong>, <strong data-start=\"899\" data-end=\"933\">empilhador hidr\u00e1ulico de paletes de 2,5 toneladas<\/strong>, ou <strong data-start=\"938\" data-end=\"967\">trolley hidr\u00e1ulico de 2,5 toneladas<\/strong> em mercados globais.<\/p>\n<hr data-start=\"992\" data-end=\"995\" \/>\n<h2 data-start=\"997\" data-end=\"1022\">Aplica\u00e7\u00f5es do Produto<\/h2>\n<p data-start=\"1023\" data-end=\"1141\">O <strong data-start=\"1027\" data-end=\"1066\">Empilhador hidr\u00e1ulico manual de paletes de 2,5 toneladas<\/strong> \u00e9 adequado para uma vasta gama de aplica\u00e7\u00f5es de manuseio de materiais, incluindo:<\/p>\n<ul data-start=\"1143\" data-end=\"1351\">\n<li data-start=\"1143\" data-end=\"1183\">\n<p data-start=\"1145\" data-end=\"1183\">Armaz\u00e9ns e centros de distribui\u00e7\u00e3o<\/p>\n<\/li>\n<li data-start=\"1184\" data-end=\"1226\">\n<p data-start=\"1186\" data-end=\"1226\">F\u00e1bricas de processamento de alimentos e bebidas<\/p>\n<\/li>\n<li data-start=\"1227\" data-end=\"1265\">\n<p data-start=\"1229\" data-end=\"1265\">F\u00e1bricas de produ\u00e7\u00e3o e oficinas<\/p>\n<\/li>\n<li data-start=\"1266\" data-end=\"1304\">\n<p data-start=\"1268\" data-end=\"1304\">Supermercados e mercados grossistas<\/p>\n<\/li>\n<li data-start=\"1305\" data-end=\"1351\">\n<p data-start=\"1307\" data-end=\"1351\">Opera\u00e7\u00f5es de carregamento e descarregamento de contentores<\/p>\n<\/li>\n<\/ul>\n<p data-start=\"1353\" data-end=\"1547\">Em instala\u00e7\u00f5es que requerem empilhamento vertical ou opera\u00e7\u00f5es de eleva\u00e7\u00e3o mais altas, este modelo pode tamb\u00e9m ser combinado com uma <strong data-start=\"1464\" data-end=\"1512\">empilhador manual, empilhador de paletes de 2,5m de altura<\/strong> para maior flexibilidade na manipula\u00e7\u00e3o.<\/p>\n<hr data-start=\"1549\" data-end=\"1552\" \/>\n<h2 data-start=\"1554\" data-end=\"1575\">Caracter\u00edsticas do Produto<\/h2>\n<ul data-start=\"1577\" data-end=\"2533\">\n<li data-start=\"1577\" data-end=\"1708\">\n<p data-start=\"1579\" data-end=\"1708\"><strong data-start=\"1579\" data-end=\"1616\">Man\u00edpulo de controlo de tr\u00eas velocidades simples<\/strong><br data-start=\"1616\" data-end=\"1619\" \/>Permite fun\u00e7\u00f5es de eleva\u00e7\u00e3o, neutraliza\u00e7\u00e3o e descida com opera\u00e7\u00e3o precisa e sem esfor\u00e7o.<\/p>\n<\/li>\n<li data-start=\"1710\" data-end=\"1872\">\n<p data-start=\"1712\" data-end=\"1872\"><strong data-start=\"1712\" data-end=\"1782\">*Bomba de fundi\u00e7\u00e3o integrada, dispositivo de retorno de \u00f3leo e v\u00e1lvula de al\u00edvio de seguran\u00e7a.<\/strong><br data-start=\"1782\" data-end=\"1785\" \/>Assegura desempenho hidr\u00e1ulico est\u00e1vel, prote\u00e7\u00e3o contra sobrecarga e vida \u00fatil prolongada.<\/p>\n<\/li>\n<li data-start=\"1874\" data-end=\"1995\">\n<p data-start=\"1876\" data-end=\"1995\"><strong data-start=\"1876\" data-end=\"1912\">Estrutura refor\u00e7ada altamente equilibrada<\/strong><br data-start=\"1912\" data-end=\"1915\" \/>Projetado para alta estabilidade de carga, prevenindo deforma\u00e7\u00f5es durante uso prolongado.<\/p>\n<\/li>\n<li data-start=\"1997\" data-end=\"2122\">\n<p data-start=\"1999\" data-end=\"2122\"><strong data-start=\"1999\" data-end=\"2043\">Velocidade de descida control\u00e1vel, descida lenta<\/strong><br data-start=\"2043\" data-end=\"2046\" \/>Garante uma descida suave e segura das mercadorias, reduzindo riscos de danos na carga.<\/p>\n<\/li>\n<li data-start=\"2124\" data-end=\"2266\">\n<p data-start=\"2126\" data-end=\"2266\"><strong data-start=\"2126\" data-end=\"2196\">Rod\u00edzios opcionais: roda de nylon, roda de poliuretano (PU), roda de a\u00e7o<\/strong><br data-start=\"2196\" data-end=\"2199\" \/>Adapt\u00e1vel a diferentes condi\u00e7\u00f5es de piso e ambientes de trabalho.<\/p>\n<\/li>\n<li data-start=\"2268\" data-end=\"2401\">\n<p data-start=\"2270\" data-end=\"2401\"><strong data-start=\"2270\" data-end=\"2320\">Requisitos especiais podem ser negociados e atendidos<\/strong><br data-start=\"2320\" data-end=\"2323\" \/>Especifica\u00e7\u00f5es, dimens\u00f5es ou configura\u00e7\u00f5es personalizadas dispon\u00edveis mediante solicita\u00e7\u00e3o.<\/p>\n<\/li>\n<li data-start=\"2403\" data-end=\"2533\">\n<p data-start=\"2405\" data-end=\"2533\"><strong data-start=\"2405\" data-end=\"2456\">5000 eleva\u00e7\u00f5es sem deforma\u00e7\u00e3o sob carga nominal<\/strong><br data-start=\"2456\" data-end=\"2459\" \/>Durabilidade comprovada e integridade estrutural para uso industrial intensivo.<\/p>\n<\/li>\n<\/ul>\n<hr data-start=\"2535\" data-end=\"2538\" \/>\n<h2 data-start=\"2540\" data-end=\"2563\">Vantagens do Produto<\/h2>\n<p data-start=\"2564\" data-end=\"2643\">Comparado com carrinhos palete padr\u00e3o, o <strong data-start=\"2606\" data-end=\"2635\">empilhador manual de paletes de 2,5 toneladas<\/strong> oferece:<\/p>\n<ul data-start=\"2645\" data-end=\"2878\">\n<li data-start=\"2645\" data-end=\"2695\">\n<p data-start=\"2647\" data-end=\"2695\">Capacidade de carga mais robusta e refor\u00e7o do quadro<\/p>\n<\/li>\n<li data-start=\"2696\" data-end=\"2736\">\n<p data-start=\"2698\" data-end=\"2736\">Sistema de eleva\u00e7\u00e3o hidr\u00e1ulica mais est\u00e1vel<\/p>\n<\/li>\n<li data-start=\"2737\" data-end=\"2796\">\n<p data-start=\"2739\" data-end=\"2796\">Custos de manuten\u00e7\u00e3o mais baixos e maior durabilidade operacional<\/p>\n<\/li>\n<li data-start=\"2797\" data-end=\"2878\">\n<p data-start=\"2799\" data-end=\"2878\">Competitivo <strong data-start=\"2811\" data-end=\"2846\">pre\u00e7o de empilhador de paletes manual de 2,5 toneladas<\/strong> para compradores em atacado e grossista<\/p>\n<\/li>\n<\/ul>\n<p data-start=\"2880\" data-end=\"3038\">Isto torna-o uma escolha ideal para compradores que procuram um <strong data-start=\"2940\" data-end=\"2979\">empilhador hidr\u00e1ulico manual de paletes de 2,5 toneladas<\/strong> com desempenho consistente e excelente efici\u00eancia de custos.<\/p>\n<hr data-start=\"3040\" data-end=\"3043\" \/>\n<h2 data-start=\"3045\" data-end=\"3078\">Garantia de Qualidade &amp; Garantia<\/h2>\n<p data-start=\"3079\" data-end=\"3194\">Cada <strong data-start=\"3084\" data-end=\"3123\">Empilhador manual de paletes hidr\u00e1ulico de 2,5 toneladas<\/strong> \u00e9 fabricado sob rigorosos procedimentos de controlo de qualidade.<br data-start=\"3180\" data-end=\"3183\" \/>Fornecemos:<\/p>\n<ul data-start=\"3196\" data-end=\"3339\">\n<li data-start=\"3196\" data-end=\"3234\">\n<p data-start=\"3198\" data-end=\"3234\">Inspe\u00e7\u00e3o de f\u00e1brica antes do envio<\/p>\n<\/li>\n<li data-start=\"3235\" data-end=\"3272\">\n<p data-start=\"3237\" data-end=\"3272\">Testes de carga sob capacidade nominal<\/p>\n<\/li>\n<li data-start=\"3273\" data-end=\"3339\">\n<p data-start=\"3275\" data-end=\"3339\">Cobertura de garantia para componentes estruturais principais e hidr\u00e1ulicos<\/p>\n<\/li>\n<\/ul>\n<p data-start=\"3341\" data-end=\"3450\">O nosso compromisso garante que cada <strong data-start=\"3370\" data-end=\"3393\">carro de paletes de 2,5 toneladas<\/strong> oferece desempenho est\u00e1vel ao longo de toda a sua vida \u00fatil.<\/p>\n<hr data-start=\"3452\" data-end=\"3455\" \/>\n<h2 data-start=\"3457\" data-end=\"3507\">Por que escolher o nosso empilhador hidr\u00e1ulico de 2,5 toneladas<\/h2>\n<ul data-start=\"3508\" data-end=\"3708\">\n<li data-start=\"3508\" data-end=\"3542\">\n<p data-start=\"3510\" data-end=\"3542\">Design de grau industrial comprovado<\/p>\n<\/li>\n<li data-start=\"3543\" data-end=\"3587\">\n<p data-start=\"3545\" data-end=\"3587\">Op\u00e7\u00f5es flex\u00edveis de rodas e personaliza\u00e7\u00e3o<\/p>\n<\/li>\n<li data-start=\"3588\" data-end=\"3637\">\n<p data-start=\"3590\" data-end=\"3637\">Fornecimento est\u00e1vel para pedidos de exporta\u00e7\u00e3o e atacado<\/p>\n<\/li>\n<li data-start=\"3638\" data-end=\"3708\">\n<p data-start=\"3640\" data-end=\"3708\">Pre\u00e7os competitivos globais em <strong data-start=\"3670\" data-end=\"3699\">porta-paletes manual de 2,5 toneladas<\/strong> modelos<\/p>\n<\/li>\n<\/ul>\n<p data-start=\"3710\" data-end=\"3859\">Para compradores \u00e0 procura de um fi\u00e1vel <strong data-start=\"3746\" data-end=\"3780\">empilhador hidr\u00e1ulico de paletes de 2,5 toneladas<\/strong>, este modelo oferece o equil\u00edbrio ideal entre resist\u00eancia, seguran\u00e7a e valor a longo prazo.<\/p>\n<h4><strong><b>Caracter\u00edsticas do produto:<\/b><\/strong><\/h4>\n<p>*Man\u00edpulo de controlo de tr\u00eas velocidades simples<\/p>\n<p>*Bomba de fundi\u00e7\u00e3o integrada, dispositivo de retorno de \u00f3leo e v\u00e1lvula de al\u00edvio de seguran\u00e7a.<\/p>\n<p>*Estrutura refor\u00e7ada altamente equilibrada<\/p>\n<p>*Velocidade de descida control\u00e1vel, descida lenta<\/p>\n<p>*Rod\u00edzios opcionais: roda de nylon, roda de poliuretano (PU), roda de a\u00e7o<\/p>\n<p>*Requisitos especiais podem ser negociados e atendidos<\/p>\n<p>*5000 eleva\u00e7\u00f5es sem deforma\u00e7\u00e3o sob carga nominal<\/p>\n<figure id=\"attachment_246\" aria-describedby=\"caption-attachment-246\" style=\"width: 600px\" class=\"wp-caption aligncenter\"><img fetchpriority=\"high\" decoding=\"async\" class=\"wp-image-246\" src=\"https:\/\/slforklift.com\/wp-content\/uploads\/2025\/11\/Hand-Pallet-Truck-Details-1.jpg\" alt=\"Manual de instru\u00e7\u00f5es do empilhador hidr\u00e1ulico de paletes de m\u00e3o\" width=\"600\" height=\"849\" srcset=\"https:\/\/slforklift.com\/wp-content\/uploads\/2025\/11\/Hand-Pallet-Truck-Details-1.jpg 1280w, https:\/\/slforklift.com\/wp-content\/uploads\/2025\/11\/Hand-Pallet-Truck-Details-1-212x300.jpg 212w, https:\/\/slforklift.com\/wp-content\/uploads\/2025\/11\/Hand-Pallet-Truck-Details-1-724x1024.jpg 724w, https:\/\/slforklift.com\/wp-content\/uploads\/2025\/11\/Hand-Pallet-Truck-Details-1-768x1087.jpg 768w, https:\/\/slforklift.com\/wp-content\/uploads\/2025\/11\/Hand-Pallet-Truck-Details-1-1086x1536.jpg 1086w, https:\/\/slforklift.com\/wp-content\/uploads\/2025\/11\/Hand-Pallet-Truck-Details-1-600x849.jpg 600w\" sizes=\"(max-width: 600px) 100vw, 600px\" \/><figcaption id=\"caption-attachment-246\" class=\"wp-caption-text\">Manual de instru\u00e7\u00f5es do empilhador hidr\u00e1ulico de paletes de m\u00e3o<\/figcaption><\/figure>","protected":false},"excerpt":{"rendered":"<p>A Shenli \u00e9 uma fabricante e fornecedora de empilhadores manuais hidr\u00e1ulicos de 2.0T de grande escala na China. Temos sido especializados em equipamentos de manuseio de carga h\u00e1 muitos anos. Como f\u00e1brica, a vantagem de pre\u00e7o, capacidade OEM&amp;ODM, sistema rigoroso de controlo de qualidade e bom servi\u00e7o p\u00f3s-venda atraem-nos tantos clientes em todo o mundo. Esperamos tornar-nos seu parceiro a longo prazo em Portugal.<\/p>","protected":false},"featured_media":407,"template":"","meta":{"_seopress_robots_primary_cat":"none","_seopress_titles_title":"Truck Hand Pallet Hydraulic 2.5 Ton | 2500kg Pallet Truck","_seopress_titles_desc":"Truck hand pallet hydraulic 2.5 ton with 2500kg capacity. Durable hydraulic hand pallet truck, optional wheels, smooth descent, factory price for wholesale buyers.","_seopress_robots_index":"","_uag_custom_page_level_css":"","site-sidebar-layout":"default","site-content-layout":"","ast-site-content-layout":"default","site-content-style":"default","site-sidebar-style":"default","ast-global-header-display":"","ast-banner-title-visibility":"","ast-main-header-display":"","ast-hfb-above-header-display":"","ast-hfb-below-header-display":"","ast-hfb-mobile-header-display":"","site-post-title":"","ast-breadcrumbs-content":"","ast-featured-img":"","footer-sml-layout":"","ast-disable-related-posts":"","theme-transparent-header-meta":"default","adv-header-id-meta":"","stick-header-meta":"","header-above-stick-meta":"","header-main-stick-meta":"","header-below-stick-meta":"","astra-migrate-meta-layouts":"set","ast-page-background-enabled":"default","ast-page-background-meta":{"desktop":{"background-color":"var(--ast-global-color-5)","background-image":"","background-repeat":"repeat","background-position":"center center","background-size":"auto","background-attachment":"scroll","background-type":"","background-media":"","overlay-type":"","overlay-color":"","overlay-opacity":"","overlay-gradient":""},"tablet":{"background-color":"","background-image":"","background-repeat":"repeat","background-position":"center center","background-size":"auto","background-attachment":"scroll","background-type":"","background-media":"","overlay-type":"","overlay-color":"","overlay-opacity":"","overlay-gradient":""},"mobile":{"background-color":"","background-image":"","background-repeat":"repeat","background-position":"center center","background-size":"auto","background-attachment":"scroll","background-type":"","background-media":"","overlay-type":"","overlay-color":"","overlay-opacity":"","overlay-gradient":""}},"ast-content-background-meta":{"desktop":{"background-color":"var(--ast-global-color-4)","background-image":"","background-repeat":"repeat","background-position":"center center","background-size":"auto","background-attachment":"scroll","background-type":"","background-media":"","overlay-type":"","overlay-color":"","overlay-opacity":"","overlay-gradient":""},"tablet":{"background-color":"var(--ast-global-color-4)","background-image":"","background-repeat":"repeat","background-position":"center center","background-size":"auto","background-attachment":"scroll","background-type":"","background-media":"","overlay-type":"","overlay-color":"","overlay-opacity":"","overlay-gradient":""},"mobile":{"background-color":"var(--ast-global-color-4)","background-image":"","background-repeat":"repeat","background-position":"center center","background-size":"auto","background-attachment":"scroll","background-type":"","background-media":"","overlay-type":"","overlay-color":"","overlay-opacity":"","overlay-gradient":""}}},"product_brand":[],"product_cat":[27],"product_tag":[24],"class_list":{"0":"post-78","1":"product","2":"type-product","3":"status-publish","4":"has-post-thumbnail","6":"product_cat-2-5-tonnes","7":"product_tag-hand-pallet-truck","8":"desktop-align-left","9":"tablet-align-left","10":"mobile-align-left","12":"first","13":"instock","14":"shipping-taxable","15":"product-type-simple"},"uagb_featured_image_src":{"full":["https:\/\/slforklift.com\/wp-content\/uploads\/2025\/11\/Hand-Pallet-Truck-2.5T-yellow-1.webp",800,800,false],"thumbnail":["https:\/\/slforklift.com\/wp-content\/uploads\/2025\/11\/Hand-Pallet-Truck-2.5T-yellow-1-150x150.webp",150,150,true],"medium":["https:\/\/slforklift.com\/wp-content\/uploads\/2025\/11\/Hand-Pallet-Truck-2.5T-yellow-1-300x300.webp",300,300,true],"medium_large":["https:\/\/slforklift.com\/wp-content\/uploads\/2025\/11\/Hand-Pallet-Truck-2.5T-yellow-1-768x768.webp",768,768,true],"large":["https:\/\/slforklift.com\/wp-content\/uploads\/2025\/11\/Hand-Pallet-Truck-2.5T-yellow-1.webp",800,800,false],"1536x1536":["https:\/\/slforklift.com\/wp-content\/uploads\/2025\/11\/Hand-Pallet-Truck-2.5T-yellow-1.webp",800,800,false],"2048x2048":["https:\/\/slforklift.com\/wp-content\/uploads\/2025\/11\/Hand-Pallet-Truck-2.5T-yellow-1.webp",800,800,false],"trp-custom-language-flag":["https:\/\/slforklift.com\/wp-content\/uploads\/2025\/11\/Hand-Pallet-Truck-2.5T-yellow-1.webp",12,12,false],"woocommerce_thumbnail":["https:\/\/slforklift.com\/wp-content\/uploads\/2025\/11\/Hand-Pallet-Truck-2.5T-yellow-1-300x300.webp",300,300,true],"woocommerce_single":["https:\/\/slforklift.com\/wp-content\/uploads\/2025\/11\/Hand-Pallet-Truck-2.5T-yellow-1-600x600.webp",600,600,true],"woocommerce_gallery_thumbnail":["https:\/\/slforklift.com\/wp-content\/uploads\/2025\/11\/Hand-Pallet-Truck-2.5T-yellow-1-100x100.webp",100,100,true]},"uagb_author_info":{"display_name":"diniu2025@outlook.com","author_link":"https:\/\/slforklift.com\/pt\/author\/"},"uagb_comment_info":0,"uagb_excerpt":"Shenli is a large-scale 2.5T Hydraulic Hand Pallet Truck manufacturer and supplier in China.We have been specialized in Cargo handling equipment for many years.As a factory,the price advantage, OEM&amp;ODM capability,strict quality control system and good sales-after service bring us so many clients all over the world.We look forward to becoming your long-term partner in China.","_links":{"self":[{"href":"https:\/\/slforklift.com\/pt\/wp-json\/wp\/v2\/product\/78","targetHints":{"allow":["GET"]}}],"collection":[{"href":"https:\/\/slforklift.com\/pt\/wp-json\/wp\/v2\/product"}],"about":[{"href":"https:\/\/slforklift.com\/pt\/wp-json\/wp\/v2\/types\/product"}],"version-history":[{"count":2,"href":"https:\/\/slforklift.com\/pt\/wp-json\/wp\/v2\/product\/78\/revisions"}],"predecessor-version":[{"id":707,"href":"https:\/\/slforklift.com\/pt\/wp-json\/wp\/v2\/product\/78\/revisions\/707"}],"wp:featuredmedia":[{"embeddable":true,"href":"https:\/\/slforklift.com\/pt\/wp-json\/wp\/v2\/media\/407"}],"wp:attachment":[{"href":"https:\/\/slforklift.com\/pt\/wp-json\/wp\/v2\/media?parent=78"}],"wp:term":[{"taxonomy":"product_brand","embeddable":true,"href":"https:\/\/slforklift.com\/pt\/wp-json\/wp\/v2\/product_brand?post=78"},{"taxonomy":"product_cat","embeddable":true,"href":"https:\/\/slforklift.com\/pt\/wp-json\/wp\/v2\/product_cat?post=78"},{"taxonomy":"product_tag","embeddable":true,"href":"https:\/\/slforklift.com\/pt\/wp-json\/wp\/v2\/product_tag?post=78"}],"curies":[{"name":"wp","href":"https:\/\/api.w.org\/{rel}","templated":true}]}}