{"id":459,"date":"2025-11-18T16:12:46","date_gmt":"2025-11-19T00:12:46","guid":{"rendered":"https:\/\/slforklift.com\/?post_type=product&#038;p=459"},"modified":"2025-12-16T06:41:45","modified_gmt":"2025-12-16T14:41:45","slug":"dsc00936","status":"publish","type":"product","link":"https:\/\/slforklift.com\/pt\/product\/dsc00936\/","title":{"rendered":"DSC00936"},"content":{"rendered":"<ol start=\"1\">\n<li>\n<p class=\"ds-markdown-paragraph\"><strong>Aumento Significativo de 20% na Efici\u00eancia de Produ\u00e7\u00e3o<\/strong><br \/>\nAo implementar um modo de opera\u00e7\u00e3o cont\u00ednuo de \u201clinha de produ\u00e7\u00e3o sem paragens\u201d, o sistema AGV eliminou completamente as interrup\u00e7\u00f5es de produ\u00e7\u00e3o anteriormente causadas pelo manuseio manual de materiais. Com base num padr\u00e3o de produ\u00e7\u00e3o di\u00e1rio de 500 unidades, a elimina\u00e7\u00e3o de 36 minutos de paragem di\u00e1ria aumentou a capacidade efetiva para 600 unidades, alcan\u00e7ando uma melhoria not\u00e1vel de 20% na efici\u00eancia geral de produ\u00e7\u00e3o. Esta melhoria traduz-se diretamente em maior utiliza\u00e7\u00e3o do equipamento e produ\u00e7\u00e3o mensal.<\/p>\n<\/li>\n<li>\n<p class=\"ds-markdown-paragraph\"><strong>Redu\u00e7\u00e3o Direta de 7,5% nos Custos de M\u00e3o-de-Obra Relacionados<\/strong><br \/>\nEm termos de controlo de custos, a substitui\u00e7\u00e3o de tarefas espec\u00edficas de manuseio de materiais pelo sistema AGV reduziu diretamente os custos de m\u00e3o-de-obra para posi\u00e7\u00f5es relacionadas. Com base num sal\u00e1rio hor\u00e1rio de RMB 25 por pessoa, o sistema economiza o equivalente a 0,6 horas de trabalho efetivo por dia. Isto representa uma redu\u00e7\u00e3o direta de 7,5% no custo total di\u00e1rio de m\u00e3o-de-obra para esta fun\u00e7\u00e3o. Al\u00e9m de reduzir despesas de compensa\u00e7\u00e3o direta, esta otimiza\u00e7\u00e3o permite a reatribui\u00e7\u00e3o de funcion\u00e1rios para posi\u00e7\u00f5es de maior valor.<\/p>\n<\/li>\n<li>\n<p class=\"ds-markdown-paragraph\"><strong>Redu\u00e7\u00e3o Fundamental de 100% na Intensidade de Trabalho<\/strong><br \/>\nA implementa\u00e7\u00e3o de AGVs libertou completamente os operadores de tarefas repetitivas e fisicamente exigentes de manuseio manual. Especificamente, para a tarefa de \u201ctransfer\u00eancia de paletes na linha de produ\u00e7\u00e3o\u201d, a intensidade de trabalho f\u00edsico foi reduzida em 100%. Isto n\u00e3o s\u00f3 reflete uma filosofia de gest\u00e3o orientada para as pessoas e melhora o ambiente de trabalho, como tamb\u00e9m estabelece uma base s\u00f3lida para reduzir o risco de acidentes laborais e aumentar a atratividade do emprego.<\/p>\n<\/li>\n<\/ol>\n<p class=\"ds-markdown-paragraph\"><strong>Resumo:<\/strong><br \/>\nEm conclus\u00e3o, a introdu\u00e7\u00e3o do sistema de manuseio de materiais AGV representa uma pr\u00e1tica de produ\u00e7\u00e3o enxuta bem-sucedida. Proporcionou resultados imediatos na melhoria da efici\u00eancia (+20%), na redu\u00e7\u00e3o de custos (-7,5%) e na melhoria das condi\u00e7\u00f5es de trabalho (-100%), fornecendo experi\u00eancia e dados valiosos para apoiar futuras atualiza\u00e7\u00f5es inteligentes abrangentes.<\/p>","protected":false},"excerpt":{"rendered":"<p>Significant 20% Increase in Production Efficiency By implementing a continuous &#8220;non-stop production line&#8221; operation mode, the AGV system has completely [&hellip;]<\/p>","protected":false},"featured_media":460,"template":"","meta":{"_seopress_robots_primary_cat":"","_seopress_titles_title":"","_seopress_titles_desc":"","_seopress_robots_index":"","_uag_custom_page_level_css":"","site-sidebar-layout":"default","site-content-layout":"","ast-site-content-layout":"default","site-content-style":"default","site-sidebar-style":"default","ast-global-header-display":"","ast-banner-title-visibility":"","ast-main-header-display":"","ast-hfb-above-header-display":"","ast-hfb-below-header-display":"","ast-hfb-mobile-header-display":"","site-post-title":"","ast-breadcrumbs-content":"","ast-featured-img":"","footer-sml-layout":"","ast-disable-related-posts":"","theme-transparent-header-meta":"default","adv-header-id-meta":"","stick-header-meta":"","header-above-stick-meta":"","header-main-stick-meta":"","header-below-stick-meta":"","astra-migrate-meta-layouts":"set","ast-page-background-enabled":"default","ast-page-background-meta":{"desktop":{"background-color":"var(--ast-global-color-5)","background-image":"","background-repeat":"repeat","background-position":"center center","background-size":"auto","background-attachment":"scroll","background-type":"","background-media":"","overlay-type":"","overlay-color":"","overlay-opacity":"","overlay-gradient":""},"tablet":{"background-color":"","background-image":"","background-repeat":"repeat","background-position":"center center","background-size":"auto","background-attachment":"scroll","background-type":"","background-media":"","overlay-type":"","overlay-color":"","overlay-opacity":"","overlay-gradient":""},"mobile":{"background-color":"","background-image":"","background-repeat":"repeat","background-position":"center center","background-size":"auto","background-attachment":"scroll","background-type":"","background-media":"","overlay-type":"","overlay-color":"","overlay-opacity":"","overlay-gradient":""}},"ast-content-background-meta":{"desktop":{"background-color":"var(--ast-global-color-4)","background-image":"","background-repeat":"repeat","background-position":"center center","background-size":"auto","background-attachment":"scroll","background-type":"","background-media":"","overlay-type":"","overlay-color":"","overlay-opacity":"","overlay-gradient":""},"tablet":{"background-color":"var(--ast-global-color-4)","background-image":"","background-repeat":"repeat","background-position":"center center","background-size":"auto","background-attachment":"scroll","background-type":"","background-media":"","overlay-type":"","overlay-color":"","overlay-opacity":"","overlay-gradient":""},"mobile":{"background-color":"var(--ast-global-color-4)","background-image":"","background-repeat":"repeat","background-position":"center center","background-size":"auto","background-attachment":"scroll","background-type":"","background-media":"","overlay-type":"","overlay-color":"","overlay-opacity":"","overlay-gradient":""}}},"product_brand":[],"product_cat":[19],"product_tag":[],"class_list":{"0":"post-459","1":"product","2":"type-product","3":"status-publish","4":"has-post-thumbnail","6":"product_cat-uncategorized","7":"desktop-align-left","8":"tablet-align-left","9":"mobile-align-left","11":"first","12":"instock","13":"shipping-taxable","14":"product-type-simple"},"uagb_featured_image_src":{"full":["https:\/\/slforklift.com\/wp-content\/uploads\/2025\/11\/DSC00936-1-1.webp",800,800,false],"thumbnail":["https:\/\/slforklift.com\/wp-content\/uploads\/2025\/11\/DSC00936-1-1-150x150.webp",150,150,true],"medium":["https:\/\/slforklift.com\/wp-content\/uploads\/2025\/11\/DSC00936-1-1-300x300.webp",300,300,true],"medium_large":["https:\/\/slforklift.com\/wp-content\/uploads\/2025\/11\/DSC00936-1-1-768x768.webp",768,768,true],"large":["https:\/\/slforklift.com\/wp-content\/uploads\/2025\/11\/DSC00936-1-1.webp",800,800,false],"1536x1536":["https:\/\/slforklift.com\/wp-content\/uploads\/2025\/11\/DSC00936-1-1.webp",800,800,false],"2048x2048":["https:\/\/slforklift.com\/wp-content\/uploads\/2025\/11\/DSC00936-1-1.webp",800,800,false],"trp-custom-language-flag":["https:\/\/slforklift.com\/wp-content\/uploads\/2025\/11\/DSC00936-1-1.webp",12,12,false],"woocommerce_thumbnail":["https:\/\/slforklift.com\/wp-content\/uploads\/2025\/11\/DSC00936-1-1-300x300.webp",300,300,true],"woocommerce_single":["https:\/\/slforklift.com\/wp-content\/uploads\/2025\/11\/DSC00936-1-1-600x600.webp",600,600,true],"woocommerce_gallery_thumbnail":["https:\/\/slforklift.com\/wp-content\/uploads\/2025\/11\/DSC00936-1-1-100x100.webp",100,100,true]},"uagb_author_info":{"display_name":"diniu2025@outlook.com","author_link":"https:\/\/slforklift.com\/pt\/author\/"},"uagb_comment_info":0,"uagb_excerpt":"Significant 20% Increase in Production Efficiency By implementing a continuous &#8220;non-stop production line&#8221; operation mode, the AGV system has completely [&hellip;]","_links":{"self":[{"href":"https:\/\/slforklift.com\/pt\/wp-json\/wp\/v2\/product\/459","targetHints":{"allow":["GET"]}}],"collection":[{"href":"https:\/\/slforklift.com\/pt\/wp-json\/wp\/v2\/product"}],"about":[{"href":"https:\/\/slforklift.com\/pt\/wp-json\/wp\/v2\/types\/product"}],"version-history":[{"count":0,"href":"https:\/\/slforklift.com\/pt\/wp-json\/wp\/v2\/product\/459\/revisions"}],"wp:featuredmedia":[{"embeddable":true,"href":"https:\/\/slforklift.com\/pt\/wp-json\/wp\/v2\/media\/460"}],"wp:attachment":[{"href":"https:\/\/slforklift.com\/pt\/wp-json\/wp\/v2\/media?parent=459"}],"wp:term":[{"taxonomy":"product_brand","embeddable":true,"href":"https:\/\/slforklift.com\/pt\/wp-json\/wp\/v2\/product_brand?post=459"},{"taxonomy":"product_cat","embeddable":true,"href":"https:\/\/slforklift.com\/pt\/wp-json\/wp\/v2\/product_cat?post=459"},{"taxonomy":"product_tag","embeddable":true,"href":"https:\/\/slforklift.com\/pt\/wp-json\/wp\/v2\/product_tag?post=459"}],"curies":[{"name":"wp","href":"https:\/\/api.w.org\/{rel}","templated":true}]}}