{"id":83,"date":"2025-11-08T10:09:42","date_gmt":"2025-11-08T18:09:42","guid":{"rendered":"https:\/\/slforklift.com\/?post_type=product&#038;p=83"},"modified":"2026-01-07T09:37:29","modified_gmt":"2026-01-07T17:37:29","slug":"truck-hand-pallet-hydraulic-3-ton","status":"publish","type":"product","link":"https:\/\/slforklift.com\/fr\/product\/truck-hand-pallet-hydraulic-3-ton\/","title":{"rendered":"Chariot hydraulique manuel 3 tonnes"},"content":{"rendered":"<h1 data-start=\"160\" data-end=\"197\">Chariot \u00e9l\u00e9vateur \u00e0 main pour palettes hydrauliques 3 tonnes<\/h1>\n<p data-start=\"198\" data-end=\"252\"><strong data-start=\"198\" data-end=\"252\">Solution robuste et industrielle pour chariot \u00e9l\u00e9vateur \u00e0 main<\/strong><\/p>\n<h2 data-start=\"254\" data-end=\"276\">Description du produit<\/h2>\n<p data-start=\"278\" data-end=\"650\">Le <strong data-start=\"282\" data-end=\"319\">Chariot \u00e9l\u00e9vateur \u00e0 main pour palettes hydraulique 3 tonnes<\/strong> est une solution de manutention robuste et fiable con\u00e7ue pour les entrep\u00f4ts, usines, centres logistiques et environnements industriels. Cela <strong data-start=\"461\" data-end=\"488\">chariot \u00e9l\u00e9vateur \u00e0 main pour palettes 3 tonnes<\/strong> combine un cadre en acier renforc\u00e9 avec un syst\u00e8me hydraulique haute performance, garantissant une lev\u00e9e stable, une descente en douceur et une durabilit\u00e9 \u00e0 long terme sous de lourdes charges.<\/p>\n<p data-start=\"652\" data-end=\"1122\">En tant que <strong data-start=\"657\" data-end=\"684\">Transpalette manuel de 3 tonnes<\/strong>, il est con\u00e7u pour g\u00e9rer des op\u00e9rations quotidiennes exigeantes, offrant des performances constantes pour le transport de palettes. Qu'il soit utilis\u00e9 comme un <strong data-start=\"818\" data-end=\"852\">chariot \u00e9l\u00e9vateur \u00e0 main manuel 3 tonnes<\/strong> ou un <strong data-start=\"858\" data-end=\"895\">chariot \u00e9l\u00e9vateur hydraulique \u00e0 main 3 tonnes<\/strong>, ce mod\u00e8le offre un excellent contr\u00f4le de la charge, la s\u00e9curit\u00e9 et l'efficacit\u00e9 op\u00e9rationnelle. Il est largement reconnu comme un <strong data-start=\"1006\" data-end=\"1044\">chariot \u00e9l\u00e9vateur \u00e0 main robuste de 3 tonnes<\/strong> et un <strong data-start=\"1051\" data-end=\"1089\">chariot \u00e9l\u00e9vateur industriel \u00e0 main de 3 tonnes<\/strong> adapt\u00e9 aux march\u00e9s B2B mondiaux.<\/p>\n<p><img alt=\"\" fetchpriority=\"high\" decoding=\"async\" class=\"wp-image-86 aligncenter\" src=\"https:\/\/slforklift.com\/wp-content\/uploads\/2025\/11\/Hand-Pallet-Truck-3.0T-red-5.jpg\" width=\"600\" height=\"600\" srcset=\"https:\/\/slforklift.com\/wp-content\/uploads\/2025\/11\/Hand-Pallet-Truck-3.0T-red-5.jpg 800w, https:\/\/slforklift.com\/wp-content\/uploads\/2025\/11\/Hand-Pallet-Truck-3.0T-red-5-300x300.jpg 300w, https:\/\/slforklift.com\/wp-content\/uploads\/2025\/11\/Hand-Pallet-Truck-3.0T-red-5-100x100.jpg 100w, https:\/\/slforklift.com\/wp-content\/uploads\/2025\/11\/Hand-Pallet-Truck-3.0T-red-5-600x600.jpg 600w, https:\/\/slforklift.com\/wp-content\/uploads\/2025\/11\/Hand-Pallet-Truck-3.0T-red-5-150x150.jpg 150w, https:\/\/slforklift.com\/wp-content\/uploads\/2025\/11\/Hand-Pallet-Truck-3.0T-red-5-768x768.jpg 768w\" sizes=\"(max-width: 600px) 100vw, 600px\" \/><\/p>\n<h2 data-start=\"1129\" data-end=\"1148\">Caract\u00e9ristiques du produit<\/h2>\n<ul data-start=\"1150\" data-end=\"1790\">\n<li data-start=\"1150\" data-end=\"1242\">\n<p data-start=\"1152\" data-end=\"1242\"><strong data-start=\"1152\" data-end=\"1189\">Poign\u00e9e de contr\u00f4le \u00e0 trois vitesses simple<\/strong> pour une lev\u00e9e, une neutralit\u00e9 et une descente pr\u00e9cises<\/p>\n<\/li>\n<li data-start=\"1243\" data-end=\"1351\">\n<p data-start=\"1245\" data-end=\"1351\"><strong data-start=\"1245\" data-end=\"1272\">Pompe de moulage int\u00e9gr\u00e9e<\/strong>, dispositif de retour d'huile, et soupape de s\u00e9curit\u00e9 pour une performance hydraulique stable<\/p>\n<\/li>\n<li data-start=\"1352\" data-end=\"1424\">\n<p data-start=\"1354\" data-end=\"1424\"><strong data-start=\"1354\" data-end=\"1390\">Cadre renforc\u00e9 tr\u00e8s \u00e9quilibr\u00e9<\/strong> assure la r\u00e9sistance et la durabilit\u00e9<\/p>\n<\/li>\n<li data-start=\"1425\" data-end=\"1509\">\n<p data-start=\"1427\" data-end=\"1509\"><strong data-start=\"1427\" data-end=\"1457\">Vitesse de descente contr\u00f4lable<\/strong> avec une descente lente et douce pour une s\u00e9curit\u00e9 accrue<\/p>\n<\/li>\n<li data-start=\"1510\" data-end=\"1587\">\n<p data-start=\"1512\" data-end=\"1587\"><strong data-start=\"1512\" data-end=\"1531\">Roues optionnelles<\/strong>: roue en nylon, roue en polyur\u00e9thane (PU), ou roue en acier<\/p>\n<\/li>\n<li data-start=\"1588\" data-end=\"1691\">\n<p data-start=\"1590\" data-end=\"1691\"><strong data-start=\"1590\" data-end=\"1640\">Des exigences particuli\u00e8res peuvent \u00eatre n\u00e9goci\u00e9es et satisfaites<\/strong> (taille de la fourche, couleur, marquage, options de roue de charge)<\/p>\n<\/li>\n<li data-start=\"1692\" data-end=\"1790\">\n<p data-start=\"1694\" data-end=\"1790\"><strong data-start=\"1694\" data-end=\"1745\">5000 levages sans d\u00e9formation sous charge nominale<\/strong>, prouvant une longue dur\u00e9e de vie et fiabilit\u00e9<\/p>\n<\/li>\n<\/ul>\n<p data-start=\"1792\" data-end=\"1978\">Les configurations populaires incluent <strong data-start=\"1823\" data-end=\"1869\">Transpalette hydraulique manuel capacit\u00e9 3 tonnes<\/strong> et <strong data-start=\"1874\" data-end=\"1952\">Transpalette hydraulique manuel 3 tonnes prix, transpalette robuste 3 tonnes<\/strong> mod\u00e8les pour une utilisation intensive.<\/p>\n<h4><strong><b>Shenli <\/b><\/strong><strong><b>3.0<\/b><\/strong><strong><b>Param\u00e8tre (sp\u00e9cification) du chariot \u00e9l\u00e9vateur hydraulique T<\/b><\/strong><\/h4>\n<h2 data-start=\"1985\" data-end=\"2008\">Applications du produit<\/h2>\n<p data-start=\"2010\" data-end=\"2096\">Ceci <strong data-start=\"2015\" data-end=\"2042\">Transpalette manuel de 3 tonnes<\/strong> est id\u00e9al pour une large gamme d'applications, y compris :<\/p>\n<ul data-start=\"2098\" data-end=\"2348\">\n<li data-start=\"2098\" data-end=\"2137\">\n<p data-start=\"2100\" data-end=\"2137\">Entrep\u00f4ts et centres de distribution<\/p>\n<\/li>\n<li data-start=\"2138\" data-end=\"2176\">\n<p data-start=\"2140\" data-end=\"2176\">Usines de fabrication et ateliers<\/p>\n<\/li>\n<li data-start=\"2177\" data-end=\"2222\">\n<p data-start=\"2179\" data-end=\"2222\">Op\u00e9rations logistiques et de manutention de fret<\/p>\n<\/li>\n<li data-start=\"2223\" data-end=\"2268\">\n<p data-start=\"2225\" data-end=\"2268\">Salles de stockage au d\u00e9tail et installations en gros<\/p>\n<\/li>\n<li data-start=\"2269\" data-end=\"2348\">\n<p data-start=\"2271\" data-end=\"2348\">Projets d'exportation et industriels n\u00e9cessitant <strong data-start=\"2312\" data-end=\"2348\">Capacit\u00e9 de transpalette manuel de 3 tonnes<\/strong><\/p>\n<\/li>\n<\/ul>\n<p data-start=\"2350\" data-end=\"2588\">Il est couramment utilis\u00e9 sur les march\u00e9s internationaux tels que <strong data-start=\"2403\" data-end=\"2439\">Transpalette manuel de 3 tonnes en France<\/strong>, <strong data-start=\"2441\" data-end=\"2488\">Prix du transpalette manuel de 3 tonnes en France<\/strong>, et en Asie du Sud-Est, o\u00f9 les acheteurs comparent <strong data-start=\"2531\" data-end=\"2564\">harga transpalette manuel de 3 tonnes<\/strong> pour les d\u00e9cisions d'approvisionnement.<\/p>\n<hr data-start=\"2590\" data-end=\"2593\" \/>\n<h2 data-start=\"2595\" data-end=\"2628\">Roues &amp; Options de configuration<\/h2>\n<p data-start=\"2630\" data-end=\"2929\">Pour r\u00e9pondre \u00e0 diff\u00e9rentes conditions d'exploitation, ce mod\u00e8le supporte plusieurs options de roues, y compris <strong data-start=\"2724\" data-end=\"2793\">transpalette manuel mondial \u00e0 roue de charge en polyur\u00e9thane de s\u00e9rie e682577<\/strong>, roues en nylon, et roues en acier. Les clients peuvent choisir des configurations en fonction des conditions du sol, des exigences sonores et de l'intensit\u00e9 de la charge.<\/p>\n<hr data-start=\"2931\" data-end=\"2934\" \/>\n<h2 data-start=\"2936\" data-end=\"2967\">Assurance qualit\u00e9 &amp; Garantie<\/h2>\n<p data-start=\"2969\" data-end=\"3281\">Chaque <strong data-start=\"2975\" data-end=\"3012\">Chariot \u00e9l\u00e9vateur \u00e0 main pour palettes hydraulique 3 tonnes<\/strong> est fabriqu\u00e9 selon des normes strictes de contr\u00f4le qualit\u00e9. Chaque unit\u00e9 subit un test de charge et une inspection hydraulique avant livraison. Nous offrons une garantie standard couvrant l'int\u00e9grit\u00e9 structurelle et les composants hydrauliques, assurant la confiance pour une coop\u00e9ration B2B \u00e0 long terme.<\/p>\n<hr data-start=\"3283\" data-end=\"3286\" \/>\n<h2 data-start=\"3288\" data-end=\"3317\">Tarification &amp; R\u00e9f\u00e9rence du march\u00e9<\/h2>\n<p data-start=\"3319\" data-end=\"3666\">Tarification pour ce <strong data-start=\"3336\" data-end=\"3369\">prix du transpalette manuel 3 tonnes<\/strong> varie en fonction de la configuration, du type de roue, de la quantit\u00e9 command\u00e9e et de la personnalisation. Les acheteurs comparent souvent <strong data-start=\"3469\" data-end=\"3502\">prix du transpalette manuel 3 tonnes<\/strong>, <strong data-start=\"3504\" data-end=\"3547\">transpalette hydraulique manuel 3 tonnes<\/strong>, et r\u00e9f\u00e9rences r\u00e9gionales telles que <strong data-start=\"3581\" data-end=\"3628\">Prix du transpalette manuel de 3 tonnes en France<\/strong> or <strong data-start=\"3632\" data-end=\"3665\">harga transpalette manuel de 3 tonnes<\/strong>.<\/p>\n<p data-start=\"3668\" data-end=\"3932\">Notre approvisionnement direct d'usine offre des alternatives comp\u00e9titives \u00e0 des marques bien connues telles que <strong data-start=\"3755\" data-end=\"3789\">transpalette manuel Godrej 3 tonnes<\/strong>, <strong data-start=\"3791\" data-end=\"3827\">transpalette manuel Nilkamal 3 tonnes<\/strong>, et <strong data-start=\"3833\" data-end=\"3873\">transpalette manuel ITI 3 tonnes 685\u00d71150<\/strong>, tout en maintenant une qualit\u00e9 fiable et des d\u00e9lais stables.<\/p>\n<hr data-start=\"3934\" data-end=\"3937\" \/>\n<h2 data-start=\"3939\" data-end=\"3959\">Support OEM \/ ODM<\/h2>\n<p data-start=\"3961\" data-end=\"4154\">Nous supportons la production OEM et ODM pour <strong data-start=\"3999\" data-end=\"4045\">Transpalette hydraulique manuel capacit\u00e9 3 tonnes<\/strong> mod\u00e8les, y compris les tailles de fourche personnalis\u00e9es, la marque, l'emballage et les sp\u00e9cifications pour r\u00e9pondre aux besoins de votre march\u00e9.<\/p>\n<figure id=\"attachment_246\" aria-describedby=\"caption-attachment-246\" style=\"width: 600px\" class=\"wp-caption aligncenter\"><img decoding=\"async\" class=\"wp-image-246\" src=\"https:\/\/slforklift.com\/wp-content\/uploads\/2025\/11\/Hand-Pallet-Truck-Details-1.jpg\" alt=\"Manuel d&#039;instructions pour transpalette hydraulique de camion\" width=\"600\" height=\"849\" srcset=\"https:\/\/slforklift.com\/wp-content\/uploads\/2025\/11\/Hand-Pallet-Truck-Details-1.jpg 1280w, https:\/\/slforklift.com\/wp-content\/uploads\/2025\/11\/Hand-Pallet-Truck-Details-1-212x300.jpg 212w, https:\/\/slforklift.com\/wp-content\/uploads\/2025\/11\/Hand-Pallet-Truck-Details-1-724x1024.jpg 724w, https:\/\/slforklift.com\/wp-content\/uploads\/2025\/11\/Hand-Pallet-Truck-Details-1-768x1087.jpg 768w, https:\/\/slforklift.com\/wp-content\/uploads\/2025\/11\/Hand-Pallet-Truck-Details-1-1086x1536.jpg 1086w, https:\/\/slforklift.com\/wp-content\/uploads\/2025\/11\/Hand-Pallet-Truck-Details-1-600x849.jpg 600w\" sizes=\"(max-width: 600px) 100vw, 600px\" \/><figcaption id=\"caption-attachment-246\" class=\"wp-caption-text\">Manuel d'instructions pour transpalette hydraulique de camion<\/figcaption><\/figure>\n<p><strong>Shenli <\/strong><strong>3.0<\/strong><strong>D\u00e9tails du chariot \u00e9l\u00e9vateur hydraulique T :<\/strong><\/p>\n<figure id=\"attachment_322\" aria-describedby=\"caption-attachment-322\" style=\"width: 600px\" class=\"wp-caption aligncenter\"><img decoding=\"async\" class=\"wp-image-322 size-full\" src=\"https:\/\/slforklift.com\/wp-content\/uploads\/2025\/11\/Hand-Pallet-Truck-Details3.webp\" alt=\"Manuel d&#039;instructions pour transpalette hydraulique de camion\" width=\"600\" height=\"600\" srcset=\"https:\/\/slforklift.com\/wp-content\/uploads\/2025\/11\/Hand-Pallet-Truck-Details3.webp 600w, https:\/\/slforklift.com\/wp-content\/uploads\/2025\/11\/Hand-Pallet-Truck-Details3-300x300.webp 300w, https:\/\/slforklift.com\/wp-content\/uploads\/2025\/11\/Hand-Pallet-Truck-Details3-150x150.webp 150w, https:\/\/slforklift.com\/wp-content\/uploads\/2025\/11\/Hand-Pallet-Truck-Details3-100x100.webp 100w\" sizes=\"(max-width: 600px) 100vw, 600px\" \/><figcaption id=\"caption-attachment-322\" class=\"wp-caption-text\">Manuel d'instructions pour transpalette hydraulique de camion<\/figcaption><\/figure>","protected":false},"excerpt":{"rendered":"<p>Shenli est un fabricant et fournisseur de chariots \u00e9l\u00e9vateurs \u00e0 main hydrauliques 3.0T de grande envergure en Chine. Nous sommes sp\u00e9cialis\u00e9s dans les \u00e9quipements de manutention de cargaison depuis de nombreuses ann\u00e9es. En tant qu'usine, l'avantage de prix, la capacit\u00e9 OEM&amp;ODM, un syst\u00e8me de contr\u00f4le qualit\u00e9 strict et un bon service apr\u00e8s-vente nous apportent de nombreux clients \u00e0 travers le monde. Nous esp\u00e9rons devenir votre partenaire \u00e0 long terme en France.<\/p>","protected":false},"featured_media":406,"template":"","meta":{"_seopress_robots_primary_cat":"none","_seopress_titles_title":"Truck Hand Pallet Hydraulic 3 Ton | Heavy Duty Pallet Truck","_seopress_titles_desc":"Truck hand pallet hydraulic 3 ton with reinforced frame and stable hydraulic system. Heavy duty hand pallet truck for warehouse and industrial use.","_seopress_robots_index":"","_uag_custom_page_level_css":"","site-sidebar-layout":"default","site-content-layout":"","ast-site-content-layout":"default","site-content-style":"default","site-sidebar-style":"default","ast-global-header-display":"","ast-banner-title-visibility":"","ast-main-header-display":"","ast-hfb-above-header-display":"","ast-hfb-below-header-display":"","ast-hfb-mobile-header-display":"","site-post-title":"","ast-breadcrumbs-content":"","ast-featured-img":"","footer-sml-layout":"","ast-disable-related-posts":"","theme-transparent-header-meta":"default","adv-header-id-meta":"","stick-header-meta":"","header-above-stick-meta":"","header-main-stick-meta":"","header-below-stick-meta":"","astra-migrate-meta-layouts":"set","ast-page-background-enabled":"default","ast-page-background-meta":{"desktop":{"background-color":"var(--ast-global-color-5)","background-image":"","background-repeat":"repeat","background-position":"center center","background-size":"auto","background-attachment":"scroll","background-type":"","background-media":"","overlay-type":"","overlay-color":"","overlay-opacity":"","overlay-gradient":""},"tablet":{"background-color":"","background-image":"","background-repeat":"repeat","background-position":"center center","background-size":"auto","background-attachment":"scroll","background-type":"","background-media":"","overlay-type":"","overlay-color":"","overlay-opacity":"","overlay-gradient":""},"mobile":{"background-color":"","background-image":"","background-repeat":"repeat","background-position":"center center","background-size":"auto","background-attachment":"scroll","background-type":"","background-media":"","overlay-type":"","overlay-color":"","overlay-opacity":"","overlay-gradient":""}},"ast-content-background-meta":{"desktop":{"background-color":"var(--ast-global-color-4)","background-image":"","background-repeat":"repeat","background-position":"center center","background-size":"auto","background-attachment":"scroll","background-type":"","background-media":"","overlay-type":"","overlay-color":"","overlay-opacity":"","overlay-gradient":""},"tablet":{"background-color":"var(--ast-global-color-4)","background-image":"","background-repeat":"repeat","background-position":"center center","background-size":"auto","background-attachment":"scroll","background-type":"","background-media":"","overlay-type":"","overlay-color":"","overlay-opacity":"","overlay-gradient":""},"mobile":{"background-color":"var(--ast-global-color-4)","background-image":"","background-repeat":"repeat","background-position":"center center","background-size":"auto","background-attachment":"scroll","background-type":"","background-media":"","overlay-type":"","overlay-color":"","overlay-opacity":"","overlay-gradient":""}}},"product_brand":[],"product_cat":[28],"product_tag":[24],"class_list":{"0":"post-83","1":"product","2":"type-product","3":"status-publish","4":"has-post-thumbnail","6":"product_cat-3-0-tonnes","7":"product_tag-hand-pallet-truck","8":"desktop-align-left","9":"tablet-align-left","10":"mobile-align-left","12":"first","13":"instock","14":"shipping-taxable","15":"product-type-simple"},"uagb_featured_image_src":{"full":["https:\/\/slforklift.com\/wp-content\/uploads\/2025\/11\/Hand-Pallet-Truck-3.0T-red-1-1.webp",800,800,false],"thumbnail":["https:\/\/slforklift.com\/wp-content\/uploads\/2025\/11\/Hand-Pallet-Truck-3.0T-red-1-1-150x150.webp",150,150,true],"medium":["https:\/\/slforklift.com\/wp-content\/uploads\/2025\/11\/Hand-Pallet-Truck-3.0T-red-1-1-300x300.webp",300,300,true],"medium_large":["https:\/\/slforklift.com\/wp-content\/uploads\/2025\/11\/Hand-Pallet-Truck-3.0T-red-1-1-768x768.webp",768,768,true],"large":["https:\/\/slforklift.com\/wp-content\/uploads\/2025\/11\/Hand-Pallet-Truck-3.0T-red-1-1.webp",800,800,false],"1536x1536":["https:\/\/slforklift.com\/wp-content\/uploads\/2025\/11\/Hand-Pallet-Truck-3.0T-red-1-1.webp",800,800,false],"2048x2048":["https:\/\/slforklift.com\/wp-content\/uploads\/2025\/11\/Hand-Pallet-Truck-3.0T-red-1-1.webp",800,800,false],"trp-custom-language-flag":["https:\/\/slforklift.com\/wp-content\/uploads\/2025\/11\/Hand-Pallet-Truck-3.0T-red-1-1.webp",12,12,false],"woocommerce_thumbnail":["https:\/\/slforklift.com\/wp-content\/uploads\/2025\/11\/Hand-Pallet-Truck-3.0T-red-1-1-300x300.webp",300,300,true],"woocommerce_single":["https:\/\/slforklift.com\/wp-content\/uploads\/2025\/11\/Hand-Pallet-Truck-3.0T-red-1-1-600x600.webp",600,600,true],"woocommerce_gallery_thumbnail":["https:\/\/slforklift.com\/wp-content\/uploads\/2025\/11\/Hand-Pallet-Truck-3.0T-red-1-1-100x100.webp",100,100,true]},"uagb_author_info":{"display_name":"diniu2025@outlook.com","author_link":"https:\/\/slforklift.com\/fr\/author\/"},"uagb_comment_info":0,"uagb_excerpt":"Shenli is a large-scale 3.0T Hydraulic Hand Pallet Truck manufacturer and supplier in China.We have been specialized in Cargo handling equipment for many years.As a factory,the price advantage, OEM&amp;ODM capability,strict quality control system and good sales-after service bring us so many clients all over the world.We look forward to becoming your long-term partner in China.","_links":{"self":[{"href":"https:\/\/slforklift.com\/fr\/wp-json\/wp\/v2\/product\/83","targetHints":{"allow":["GET"]}}],"collection":[{"href":"https:\/\/slforklift.com\/fr\/wp-json\/wp\/v2\/product"}],"about":[{"href":"https:\/\/slforklift.com\/fr\/wp-json\/wp\/v2\/types\/product"}],"version-history":[{"count":2,"href":"https:\/\/slforklift.com\/fr\/wp-json\/wp\/v2\/product\/83\/revisions"}],"predecessor-version":[{"id":712,"href":"https:\/\/slforklift.com\/fr\/wp-json\/wp\/v2\/product\/83\/revisions\/712"}],"wp:featuredmedia":[{"embeddable":true,"href":"https:\/\/slforklift.com\/fr\/wp-json\/wp\/v2\/media\/406"}],"wp:attachment":[{"href":"https:\/\/slforklift.com\/fr\/wp-json\/wp\/v2\/media?parent=83"}],"wp:term":[{"taxonomy":"product_brand","embeddable":true,"href":"https:\/\/slforklift.com\/fr\/wp-json\/wp\/v2\/product_brand?post=83"},{"taxonomy":"product_cat","embeddable":true,"href":"https:\/\/slforklift.com\/fr\/wp-json\/wp\/v2\/product_cat?post=83"},{"taxonomy":"product_tag","embeddable":true,"href":"https:\/\/slforklift.com\/fr\/wp-json\/wp\/v2\/product_tag?post=83"}],"curies":[{"name":"wp","href":"https:\/\/api.w.org\/{rel}","templated":true}]}}