{"id":78,"date":"2025-11-08T10:05:41","date_gmt":"2025-11-08T18:05:41","guid":{"rendered":"https:\/\/slforklift.com\/?post_type=product&#038;p=78"},"modified":"2026-01-04T05:01:39","modified_gmt":"2026-01-04T13:01:39","slug":"truck-hand-pallet-hydraulic-2-5-ton","status":"publish","type":"product","link":"https:\/\/slforklift.com\/fr\/product\/truck-hand-pallet-hydraulic-2-5-ton\/","title":{"rendered":"Chariot hydraulique manuel 2,5 tonnes\u200b"},"content":{"rendered":"<h2 data-start=\"127\" data-end=\"167\">Transpalette manuel hydraulique pour camion 2,5 tonnes<\/h2>\n<h3 data-start=\"168\" data-end=\"238\">Chariot \u00e9l\u00e9vateur palette 2500kg | Transpalette hydraulique manuel capacit\u00e9 2,5 tonnes<\/h3>\n<h3 data-start=\"240\" data-end=\"265\">Description du produit<\/h3>\n<p data-start=\"266\" data-end=\"691\">Le <strong data-start=\"270\" data-end=\"309\">transpalette manuel hydraulique pour camion 2,5 tonnes<\/strong> est une solution de manutention lourde con\u00e7ue pour un transport efficace des palettes dans les entrep\u00f4ts, usines, centres logistiques et environnements de distribution au d\u00e9tail.<br data-start=\"480\" data-end=\"483\" \/>Ceci <strong data-start=\"488\" data-end=\"517\">; les mod\u00e8les standards<\/strong> combine un cadre en acier robuste avec un syst\u00e8me hydraulique haute performance, offrant une lev\u00e9e stable, une descente en douceur et une durabilit\u00e9 \u00e0 long terme sous une utilisation intensive quotidienne.<\/p>\n<p data-start=\"693\" data-end=\"990\">Avec une charge nominale de <strong data-start=\"714\" data-end=\"737\">transpalette palette 2500kg<\/strong>, ce <strong data-start=\"744\" data-end=\"792\">transpalette hydraulique manuel capacit\u00e9 2,5 tonnes<\/strong> est con\u00e7u pour r\u00e9pondre aux normes industrielles internationales et est largement utilis\u00e9 comme un <strong data-start=\"874\" data-end=\"897\">chariot \u00e9l\u00e9vateur 2,5 tonnes<\/strong>, <strong data-start=\"899\" data-end=\"933\">transpalette hydraulique 2,5 tonnes<\/strong>, ou <strong data-start=\"938\" data-end=\"967\">trolley hydraulique 2,5 tonnes<\/strong> sur les march\u00e9s mondiaux.<\/p>\n<hr data-start=\"992\" data-end=\"995\" \/>\n<h2 data-start=\"997\" data-end=\"1022\">Applications du produit<\/h2>\n<p data-start=\"1023\" data-end=\"1141\">Le <strong data-start=\"1027\" data-end=\"1066\">Transpalette hydraulique manuel 2,5 tonnes<\/strong> convient \u00e0 une large gamme d'applications de manutention, notamment :<\/p>\n<ul data-start=\"1143\" data-end=\"1351\">\n<li data-start=\"1143\" data-end=\"1183\">\n<p data-start=\"1145\" data-end=\"1183\">entrep\u00f4ts et centres de distribution<\/p>\n<\/li>\n<li data-start=\"1184\" data-end=\"1226\">\n<p data-start=\"1186\" data-end=\"1226\">usines de transformation alimentaire et de boissons<\/p>\n<\/li>\n<li data-start=\"1227\" data-end=\"1265\">\n<p data-start=\"1229\" data-end=\"1265\">Usines de fabrication et ateliers<\/p>\n<\/li>\n<li data-start=\"1266\" data-end=\"1304\">\n<p data-start=\"1268\" data-end=\"1304\">Supermarch\u00e9s et march\u00e9s de gros<\/p>\n<\/li>\n<li data-start=\"1305\" data-end=\"1351\">\n<p data-start=\"1307\" data-end=\"1351\">Op\u00e9rations de chargement et de d\u00e9chargement de conteneurs<\/p>\n<\/li>\n<\/ul>\n<p data-start=\"1353\" data-end=\"1547\">Dans les installations n\u00e9cessitant un empilement vertical ou des op\u00e9rations de levage plus \u00e9lev\u00e9es, ce mod\u00e8le peut \u00e9galement \u00eatre combin\u00e9 avec un <strong data-start=\"1464\" data-end=\"1512\">transpalette manuel 2,5 m de hauteur<\/strong> pour une flexibilit\u00e9 de manutention am\u00e9lior\u00e9e.<\/p>\n<hr data-start=\"1549\" data-end=\"1552\" \/>\n<h2 data-start=\"1554\" data-end=\"1575\">Caract\u00e9ristiques du produit<\/h2>\n<ul data-start=\"1577\" data-end=\"2533\">\n<li data-start=\"1577\" data-end=\"1708\">\n<p data-start=\"1579\" data-end=\"1708\"><strong data-start=\"1579\" data-end=\"1616\">Poign\u00e9e de contr\u00f4le \u00e0 trois vitesses simple<\/strong><br data-start=\"1616\" data-end=\"1619\" \/>Permet des fonctions de levage, de neutralisation et d'abaissement avec une op\u00e9ration pr\u00e9cise et sans effort.<\/p>\n<\/li>\n<li data-start=\"1710\" data-end=\"1872\">\n<p data-start=\"1712\" data-end=\"1872\"><strong data-start=\"1712\" data-end=\"1782\">*Pompe en fonte int\u00e9gr\u00e9e, dispositif de retour d'huile et soupape de s\u00e9curit\u00e9.<\/strong><br data-start=\"1782\" data-end=\"1785\" \/>Assure une performance hydraulique stable, une protection contre la surcharge et une dur\u00e9e de vie prolong\u00e9e.<\/p>\n<\/li>\n<li data-start=\"1874\" data-end=\"1995\">\n<p data-start=\"1876\" data-end=\"1995\"><strong data-start=\"1876\" data-end=\"1912\">Cadre renforc\u00e9 tr\u00e8s \u00e9quilibr\u00e9<\/strong><br data-start=\"1912\" data-end=\"1915\" \/>Con\u00e7u pour une stabilit\u00e9 \u00e9lev\u00e9e de la charge, emp\u00eachant la d\u00e9formation lors d'une utilisation prolong\u00e9e.<\/p>\n<\/li>\n<li data-start=\"1997\" data-end=\"2122\">\n<p data-start=\"1999\" data-end=\"2122\"><strong data-start=\"1999\" data-end=\"2043\">Vitesse de descente contr\u00f4lable, descente lente<\/strong><br data-start=\"2043\" data-end=\"2046\" \/>Garantit une descente douce et s\u00fbre des marchandises, r\u00e9duisant les risques de dommages \u00e0 la cargaison.<\/p>\n<\/li>\n<li data-start=\"2124\" data-end=\"2266\">\n<p data-start=\"2126\" data-end=\"2266\"><strong data-start=\"2126\" data-end=\"2196\">Roues en option : roue en nylon, roue en polyur\u00e9thane (PU), roue en acier<\/strong><br data-start=\"2196\" data-end=\"2199\" \/>Adaptable \u00e0 diff\u00e9rentes conditions de sol et environnements de travail.<\/p>\n<\/li>\n<li data-start=\"2268\" data-end=\"2401\">\n<p data-start=\"2270\" data-end=\"2401\"><strong data-start=\"2270\" data-end=\"2320\">Des exigences particuli\u00e8res peuvent \u00eatre n\u00e9goci\u00e9es et satisfaites<\/strong><br data-start=\"2320\" data-end=\"2323\" \/>Sp\u00e9cifications, dimensions ou configurations personnalis\u00e9es disponibles sur demande.<\/p>\n<\/li>\n<li data-start=\"2403\" data-end=\"2533\">\n<p data-start=\"2405\" data-end=\"2533\"><strong data-start=\"2405\" data-end=\"2456\">5000 levages sans d\u00e9formation sous charge nominale<\/strong><br data-start=\"2456\" data-end=\"2459\" \/>Durabilit\u00e9 \u00e9prouv\u00e9e et int\u00e9grit\u00e9 structurelle pour une utilisation industrielle intensive.<\/p>\n<\/li>\n<\/ul>\n<hr data-start=\"2535\" data-end=\"2538\" \/>\n<h2 data-start=\"2540\" data-end=\"2563\">Avantages du produit<\/h2>\n<p data-start=\"2564\" data-end=\"2643\">Compar\u00e9 aux transpalettes standards, le <strong data-start=\"2606\" data-end=\"2635\">transpalette manuel 2,5 tonnes<\/strong> offre :<\/p>\n<ul data-start=\"2645\" data-end=\"2878\">\n<li data-start=\"2645\" data-end=\"2695\">\n<p data-start=\"2647\" data-end=\"2695\">Une capacit\u00e9 de charge plus forte et un renforcement du cadre<\/p>\n<\/li>\n<li data-start=\"2696\" data-end=\"2736\">\n<p data-start=\"2698\" data-end=\"2736\">Syst\u00e8me de levage hydraulique plus stable<\/p>\n<\/li>\n<li data-start=\"2737\" data-end=\"2796\">\n<p data-start=\"2739\" data-end=\"2796\">Co\u00fbts de maintenance r\u00e9duits et dur\u00e9e de vie op\u00e9rationnelle plus longue<\/p>\n<\/li>\n<li data-start=\"2797\" data-end=\"2878\">\n<p data-start=\"2799\" data-end=\"2878\">Comp\u00e9titif <strong data-start=\"2811\" data-end=\"2846\">prix du transpalette \u00e9lectrique 2,5 tonnes<\/strong> pour acheteurs en gros et en volume<\/p>\n<\/li>\n<\/ul>\n<p data-start=\"2880\" data-end=\"3038\">Cela en fait un choix id\u00e9al pour les acheteurs recherchant un <strong data-start=\"2940\" data-end=\"2979\">chariot \u00e9l\u00e9vateur \u00e0 main hydraulique 2,5 tonnes<\/strong> avec des performances constantes et une excellente efficacit\u00e9 \u00e9conomique.<\/p>\n<hr data-start=\"3040\" data-end=\"3043\" \/>\n<h2 data-start=\"3045\" data-end=\"3078\">Assurance qualit\u00e9 &amp; Garantie<\/h2>\n<p data-start=\"3079\" data-end=\"3194\">Chaque <strong data-start=\"3084\" data-end=\"3123\">transpalette manuel hydraulique pour camion 2,5 tonnes<\/strong> est fabriqu\u00e9 selon des proc\u00e9dures strictes de contr\u00f4le qualit\u00e9.<br data-start=\"3180\" data-end=\"3183\" \/>Nous fournissons :<\/p>\n<ul data-start=\"3196\" data-end=\"3339\">\n<li data-start=\"3196\" data-end=\"3234\">\n<p data-start=\"3198\" data-end=\"3234\">Inspection en usine avant exp\u00e9dition<\/p>\n<\/li>\n<li data-start=\"3235\" data-end=\"3272\">\n<p data-start=\"3237\" data-end=\"3272\">Test de charge sous capacit\u00e9 nominale<\/p>\n<\/li>\n<li data-start=\"3273\" data-end=\"3339\">\n<p data-start=\"3275\" data-end=\"3339\">Couverture de garantie pour les composants structurels et hydrauliques principaux<\/p>\n<\/li>\n<\/ul>\n<p data-start=\"3341\" data-end=\"3450\">Notre engagement garantit que chaque <strong data-start=\"3370\" data-end=\"3393\">chariot \u00e9l\u00e9vateur 2,5 tonnes<\/strong> offre des performances stables tout au long de sa dur\u00e9e de vie.<\/p>\n<hr data-start=\"3452\" data-end=\"3455\" \/>\n<h2 data-start=\"3457\" data-end=\"3507\">Pourquoi choisir notre chariot \u00e9l\u00e9vateur hydraulique de 2,5 tonnes<\/h2>\n<ul data-start=\"3508\" data-end=\"3708\">\n<li data-start=\"3508\" data-end=\"3542\">\n<p data-start=\"3510\" data-end=\"3542\">Conception industrielle \u00e9prouv\u00e9e<\/p>\n<\/li>\n<li data-start=\"3543\" data-end=\"3587\">\n<p data-start=\"3545\" data-end=\"3587\">Options de roues flexibles et de personnalisation<\/p>\n<\/li>\n<li data-start=\"3588\" data-end=\"3637\">\n<p data-start=\"3590\" data-end=\"3637\">Approvisionnement stable pour les commandes d'exportation et en gros<\/p>\n<\/li>\n<li data-start=\"3638\" data-end=\"3708\">\n<p data-start=\"3640\" data-end=\"3708\">Tarification mondiale comp\u00e9titive sur <strong data-start=\"3670\" data-end=\"3699\">; les mod\u00e8les standards<\/strong> mod\u00e8les<\/p>\n<\/li>\n<\/ul>\n<p data-start=\"3710\" data-end=\"3859\">Pour les acheteurs \u00e0 la recherche d'une fiable <strong data-start=\"3746\" data-end=\"3780\">transpalette hydraulique 2,5 tonnes<\/strong>, ce mod\u00e8le offre l'\u00e9quilibre id\u00e9al entre robustesse, s\u00e9curit\u00e9 et valeur \u00e0 long terme.<\/p>\n<h4><strong><b>Caract\u00e9ristiques du produit :<\/b><\/strong><\/h4>\n<p>*Poign\u00e9e de contr\u00f4le \u00e0 trois vitesses simple<\/p>\n<p>*Pompe en fonte int\u00e9gr\u00e9e, dispositif de retour d'huile et soupape de s\u00e9curit\u00e9.<\/p>\n<p>*Ch\u00e2ssis renforc\u00e9 tr\u00e8s \u00e9quilibr\u00e9<\/p>\n<p>*Vitesse de descente contr\u00f4lable, descente lente<\/p>\n<p>*Roues optionnelles : roue en nylon, roue en polyur\u00e9thane (PU), roue en acier<\/p>\n<p>*Les exigences particuli\u00e8res peuvent \u00eatre n\u00e9goci\u00e9es et satisfaites<\/p>\n<p>*5000 levages sans d\u00e9formation sous charge nominale<\/p>\n<figure id=\"attachment_246\" aria-describedby=\"caption-attachment-246\" style=\"width: 600px\" class=\"wp-caption aligncenter\"><img fetchpriority=\"high\" decoding=\"async\" class=\"wp-image-246\" src=\"https:\/\/slforklift.com\/wp-content\/uploads\/2025\/11\/Hand-Pallet-Truck-Details-1.jpg\" alt=\"Manuel d&#039;instructions pour transpalette hydraulique de camion\" width=\"600\" height=\"849\" srcset=\"https:\/\/slforklift.com\/wp-content\/uploads\/2025\/11\/Hand-Pallet-Truck-Details-1.jpg 1280w, https:\/\/slforklift.com\/wp-content\/uploads\/2025\/11\/Hand-Pallet-Truck-Details-1-212x300.jpg 212w, https:\/\/slforklift.com\/wp-content\/uploads\/2025\/11\/Hand-Pallet-Truck-Details-1-724x1024.jpg 724w, https:\/\/slforklift.com\/wp-content\/uploads\/2025\/11\/Hand-Pallet-Truck-Details-1-768x1087.jpg 768w, https:\/\/slforklift.com\/wp-content\/uploads\/2025\/11\/Hand-Pallet-Truck-Details-1-1086x1536.jpg 1086w, https:\/\/slforklift.com\/wp-content\/uploads\/2025\/11\/Hand-Pallet-Truck-Details-1-600x849.jpg 600w\" sizes=\"(max-width: 600px) 100vw, 600px\" \/><figcaption id=\"caption-attachment-246\" class=\"wp-caption-text\">Manuel d'instructions pour transpalette hydraulique de camion<\/figcaption><\/figure>","protected":false},"excerpt":{"rendered":"<p>Shenli est un fabricant et fournisseur de chariots \u00e9l\u00e9vateurs \u00e0 main hydrauliques 3.0T de grande envergure en Chine. Nous sommes sp\u00e9cialis\u00e9s dans les \u00e9quipements de manutention de cargaison depuis de nombreuses ann\u00e9es. En tant qu'usine, l'avantage de prix, la capacit\u00e9 OEM&amp;ODM, un syst\u00e8me de contr\u00f4le qualit\u00e9 strict et un bon service apr\u00e8s-vente nous apportent de nombreux clients \u00e0 travers le monde. Nous esp\u00e9rons devenir votre partenaire \u00e0 long terme en France.<\/p>","protected":false},"featured_media":407,"template":"","meta":{"_seopress_robots_primary_cat":"none","_seopress_titles_title":"Truck Hand Pallet Hydraulic 2.5 Ton | 2500kg Pallet Truck","_seopress_titles_desc":"Truck hand pallet hydraulic 2.5 ton with 2500kg capacity. Durable hydraulic hand pallet truck, optional wheels, smooth descent, factory price for wholesale buyers.","_seopress_robots_index":"","_uag_custom_page_level_css":"","site-sidebar-layout":"default","site-content-layout":"","ast-site-content-layout":"default","site-content-style":"default","site-sidebar-style":"default","ast-global-header-display":"","ast-banner-title-visibility":"","ast-main-header-display":"","ast-hfb-above-header-display":"","ast-hfb-below-header-display":"","ast-hfb-mobile-header-display":"","site-post-title":"","ast-breadcrumbs-content":"","ast-featured-img":"","footer-sml-layout":"","ast-disable-related-posts":"","theme-transparent-header-meta":"default","adv-header-id-meta":"","stick-header-meta":"","header-above-stick-meta":"","header-main-stick-meta":"","header-below-stick-meta":"","astra-migrate-meta-layouts":"set","ast-page-background-enabled":"default","ast-page-background-meta":{"desktop":{"background-color":"var(--ast-global-color-5)","background-image":"","background-repeat":"repeat","background-position":"center center","background-size":"auto","background-attachment":"scroll","background-type":"","background-media":"","overlay-type":"","overlay-color":"","overlay-opacity":"","overlay-gradient":""},"tablet":{"background-color":"","background-image":"","background-repeat":"repeat","background-position":"center center","background-size":"auto","background-attachment":"scroll","background-type":"","background-media":"","overlay-type":"","overlay-color":"","overlay-opacity":"","overlay-gradient":""},"mobile":{"background-color":"","background-image":"","background-repeat":"repeat","background-position":"center center","background-size":"auto","background-attachment":"scroll","background-type":"","background-media":"","overlay-type":"","overlay-color":"","overlay-opacity":"","overlay-gradient":""}},"ast-content-background-meta":{"desktop":{"background-color":"var(--ast-global-color-4)","background-image":"","background-repeat":"repeat","background-position":"center center","background-size":"auto","background-attachment":"scroll","background-type":"","background-media":"","overlay-type":"","overlay-color":"","overlay-opacity":"","overlay-gradient":""},"tablet":{"background-color":"var(--ast-global-color-4)","background-image":"","background-repeat":"repeat","background-position":"center center","background-size":"auto","background-attachment":"scroll","background-type":"","background-media":"","overlay-type":"","overlay-color":"","overlay-opacity":"","overlay-gradient":""},"mobile":{"background-color":"var(--ast-global-color-4)","background-image":"","background-repeat":"repeat","background-position":"center center","background-size":"auto","background-attachment":"scroll","background-type":"","background-media":"","overlay-type":"","overlay-color":"","overlay-opacity":"","overlay-gradient":""}}},"product_brand":[],"product_cat":[27],"product_tag":[24],"class_list":{"0":"post-78","1":"product","2":"type-product","3":"status-publish","4":"has-post-thumbnail","6":"product_cat-2-5-tonnes","7":"product_tag-hand-pallet-truck","8":"desktop-align-left","9":"tablet-align-left","10":"mobile-align-left","12":"first","13":"instock","14":"shipping-taxable","15":"product-type-simple"},"uagb_featured_image_src":{"full":["https:\/\/slforklift.com\/wp-content\/uploads\/2025\/11\/Hand-Pallet-Truck-2.5T-yellow-1.webp",800,800,false],"thumbnail":["https:\/\/slforklift.com\/wp-content\/uploads\/2025\/11\/Hand-Pallet-Truck-2.5T-yellow-1-150x150.webp",150,150,true],"medium":["https:\/\/slforklift.com\/wp-content\/uploads\/2025\/11\/Hand-Pallet-Truck-2.5T-yellow-1-300x300.webp",300,300,true],"medium_large":["https:\/\/slforklift.com\/wp-content\/uploads\/2025\/11\/Hand-Pallet-Truck-2.5T-yellow-1-768x768.webp",768,768,true],"large":["https:\/\/slforklift.com\/wp-content\/uploads\/2025\/11\/Hand-Pallet-Truck-2.5T-yellow-1.webp",800,800,false],"1536x1536":["https:\/\/slforklift.com\/wp-content\/uploads\/2025\/11\/Hand-Pallet-Truck-2.5T-yellow-1.webp",800,800,false],"2048x2048":["https:\/\/slforklift.com\/wp-content\/uploads\/2025\/11\/Hand-Pallet-Truck-2.5T-yellow-1.webp",800,800,false],"trp-custom-language-flag":["https:\/\/slforklift.com\/wp-content\/uploads\/2025\/11\/Hand-Pallet-Truck-2.5T-yellow-1.webp",12,12,false],"woocommerce_thumbnail":["https:\/\/slforklift.com\/wp-content\/uploads\/2025\/11\/Hand-Pallet-Truck-2.5T-yellow-1-300x300.webp",300,300,true],"woocommerce_single":["https:\/\/slforklift.com\/wp-content\/uploads\/2025\/11\/Hand-Pallet-Truck-2.5T-yellow-1-600x600.webp",600,600,true],"woocommerce_gallery_thumbnail":["https:\/\/slforklift.com\/wp-content\/uploads\/2025\/11\/Hand-Pallet-Truck-2.5T-yellow-1-100x100.webp",100,100,true]},"uagb_author_info":{"display_name":"diniu2025@outlook.com","author_link":"https:\/\/slforklift.com\/fr\/author\/"},"uagb_comment_info":0,"uagb_excerpt":"Shenli is a large-scale 2.5T Hydraulic Hand Pallet Truck manufacturer and supplier in China.We have been specialized in Cargo handling equipment for many years.As a factory,the price advantage, OEM&amp;ODM capability,strict quality control system and good sales-after service bring us so many clients all over the world.We look forward to becoming your long-term partner in China.","_links":{"self":[{"href":"https:\/\/slforklift.com\/fr\/wp-json\/wp\/v2\/product\/78","targetHints":{"allow":["GET"]}}],"collection":[{"href":"https:\/\/slforklift.com\/fr\/wp-json\/wp\/v2\/product"}],"about":[{"href":"https:\/\/slforklift.com\/fr\/wp-json\/wp\/v2\/types\/product"}],"version-history":[{"count":2,"href":"https:\/\/slforklift.com\/fr\/wp-json\/wp\/v2\/product\/78\/revisions"}],"predecessor-version":[{"id":707,"href":"https:\/\/slforklift.com\/fr\/wp-json\/wp\/v2\/product\/78\/revisions\/707"}],"wp:featuredmedia":[{"embeddable":true,"href":"https:\/\/slforklift.com\/fr\/wp-json\/wp\/v2\/media\/407"}],"wp:attachment":[{"href":"https:\/\/slforklift.com\/fr\/wp-json\/wp\/v2\/media?parent=78"}],"wp:term":[{"taxonomy":"product_brand","embeddable":true,"href":"https:\/\/slforklift.com\/fr\/wp-json\/wp\/v2\/product_brand?post=78"},{"taxonomy":"product_cat","embeddable":true,"href":"https:\/\/slforklift.com\/fr\/wp-json\/wp\/v2\/product_cat?post=78"},{"taxonomy":"product_tag","embeddable":true,"href":"https:\/\/slforklift.com\/fr\/wp-json\/wp\/v2\/product_tag?post=78"}],"curies":[{"name":"wp","href":"https:\/\/api.w.org\/{rel}","templated":true}]}}