{"id":459,"date":"2025-11-18T16:12:46","date_gmt":"2025-11-19T00:12:46","guid":{"rendered":"https:\/\/slforklift.com\/?post_type=product&#038;p=459"},"modified":"2025-12-16T06:41:45","modified_gmt":"2025-12-16T14:41:45","slug":"dsc00936","status":"publish","type":"product","link":"https:\/\/slforklift.com\/fr\/product\/dsc00936\/","title":{"rendered":"DSC00936"},"content":{"rendered":"<ol start=\"1\">\n<li>\n<p class=\"ds-markdown-paragraph\"><strong>Augmentation significative de 20% de l'efficacit\u00e9 de la production<\/strong><br \/>\nEn mettant en \u0153uvre un mode de fonctionnement en ligne de production continue \u00ab non-stop \u00bb, le syst\u00e8me AGV a compl\u00e8tement \u00e9limin\u00e9 les interruptions de production auparavant caus\u00e9es par la manutention manuelle des mat\u00e9riaux. Sur la base d\u2019un seuil de production quotidien de 500 unit\u00e9s, l\u2019\u00e9limination de 36 minutes d\u2019indisponibilit\u00e9 quotidienne a augment\u00e9 la capacit\u00e9 effective \u00e0 600 unit\u00e9s, r\u00e9alisant une am\u00e9lioration notable de 20% de l\u2019efficacit\u00e9 globale de la production. Cette am\u00e9lioration se traduit directement par une meilleure utilisation des \u00e9quipements et une production mensuelle accrue.<\/p>\n<\/li>\n<li>\n<p class=\"ds-markdown-paragraph\"><strong>R\u00e9duction directe de 7,5% des co\u00fbts de main-d'\u0153uvre li\u00e9s<\/strong><br \/>\nEn termes de contr\u00f4le des co\u00fbts, la substitution de t\u00e2ches sp\u00e9cifiques de manutention par le syst\u00e8me AGV a directement r\u00e9duit les co\u00fbts de main-d'\u0153uvre pour les postes concern\u00e9s. Sur la base d\u2019un salaire horaire de 25 RMB par personne, le syst\u00e8me permet d\u2019\u00e9conomiser l\u2019\u00e9quivalent de 0,6 heure de travail effectif par jour. Cela repr\u00e9sente une r\u00e9duction directe de 7,5% du co\u00fbt de main-d'\u0153uvre quotidien total pour ce r\u00f4le. En plus de r\u00e9duire les d\u00e9penses de r\u00e9mun\u00e9ration directe, cette optimisation permet de r\u00e9affecter les employ\u00e9s \u00e0 des postes \u00e0 plus forte valeur ajout\u00e9e.<\/p>\n<\/li>\n<li>\n<p class=\"ds-markdown-paragraph\"><strong>R\u00e9duction fondamentale de 100% de l\u2019intensit\u00e9 du travail<\/strong><br \/>\nLa mise en \u0153uvre des AGV a compl\u00e8tement lib\u00e9r\u00e9 les op\u00e9rateurs des t\u00e2ches r\u00e9p\u00e9titives et physiquement exigeantes de manutention manuelle. Plus pr\u00e9cis\u00e9ment, pour la t\u00e2che de \u00ab transfert de palettes sur la ligne de production \u00bb, l\u2019intensit\u00e9 physique a \u00e9t\u00e9 r\u00e9duite de 100%. Cela refl\u00e8te non seulement une philosophie de gestion orient\u00e9e vers les personnes et am\u00e9liore l\u2019environnement de travail, mais pose \u00e9galement une base solide pour r\u00e9duire le risque de blessures professionnelles et rendre le poste plus attractif.<\/p>\n<\/li>\n<\/ol>\n<p class=\"ds-markdown-paragraph\"><strong>R\u00e9sum\u00e9 :<\/strong><br \/>\nEn conclusion, l\u2019introduction du syst\u00e8me de manutention automatis\u00e9e AGV repr\u00e9sente une pratique de fabrication lean r\u00e9ussie. Elle a permis d\u2019obtenir des r\u00e9sultats imm\u00e9diats en termes d\u2019am\u00e9lioration de l\u2019efficacit\u00e9 (+20%), de r\u00e9duction des co\u00fbts (-7,5%) et d\u2019am\u00e9lioration des conditions de travail (-100%), fournissant une exp\u00e9rience pr\u00e9cieuse et des donn\u00e9es pour soutenir de futures am\u00e9liorations intelligentes globales.<\/p>","protected":false},"excerpt":{"rendered":"<p>Significant 20% Increase in Production Efficiency By implementing a continuous &#8220;non-stop production line&#8221; operation mode, the AGV system has completely [&hellip;]<\/p>","protected":false},"featured_media":460,"template":"","meta":{"_seopress_robots_primary_cat":"","_seopress_titles_title":"","_seopress_titles_desc":"","_seopress_robots_index":"","_uag_custom_page_level_css":"","site-sidebar-layout":"default","site-content-layout":"","ast-site-content-layout":"default","site-content-style":"default","site-sidebar-style":"default","ast-global-header-display":"","ast-banner-title-visibility":"","ast-main-header-display":"","ast-hfb-above-header-display":"","ast-hfb-below-header-display":"","ast-hfb-mobile-header-display":"","site-post-title":"","ast-breadcrumbs-content":"","ast-featured-img":"","footer-sml-layout":"","ast-disable-related-posts":"","theme-transparent-header-meta":"default","adv-header-id-meta":"","stick-header-meta":"","header-above-stick-meta":"","header-main-stick-meta":"","header-below-stick-meta":"","astra-migrate-meta-layouts":"set","ast-page-background-enabled":"default","ast-page-background-meta":{"desktop":{"background-color":"var(--ast-global-color-5)","background-image":"","background-repeat":"repeat","background-position":"center center","background-size":"auto","background-attachment":"scroll","background-type":"","background-media":"","overlay-type":"","overlay-color":"","overlay-opacity":"","overlay-gradient":""},"tablet":{"background-color":"","background-image":"","background-repeat":"repeat","background-position":"center center","background-size":"auto","background-attachment":"scroll","background-type":"","background-media":"","overlay-type":"","overlay-color":"","overlay-opacity":"","overlay-gradient":""},"mobile":{"background-color":"","background-image":"","background-repeat":"repeat","background-position":"center center","background-size":"auto","background-attachment":"scroll","background-type":"","background-media":"","overlay-type":"","overlay-color":"","overlay-opacity":"","overlay-gradient":""}},"ast-content-background-meta":{"desktop":{"background-color":"var(--ast-global-color-4)","background-image":"","background-repeat":"repeat","background-position":"center center","background-size":"auto","background-attachment":"scroll","background-type":"","background-media":"","overlay-type":"","overlay-color":"","overlay-opacity":"","overlay-gradient":""},"tablet":{"background-color":"var(--ast-global-color-4)","background-image":"","background-repeat":"repeat","background-position":"center center","background-size":"auto","background-attachment":"scroll","background-type":"","background-media":"","overlay-type":"","overlay-color":"","overlay-opacity":"","overlay-gradient":""},"mobile":{"background-color":"var(--ast-global-color-4)","background-image":"","background-repeat":"repeat","background-position":"center center","background-size":"auto","background-attachment":"scroll","background-type":"","background-media":"","overlay-type":"","overlay-color":"","overlay-opacity":"","overlay-gradient":""}}},"product_brand":[],"product_cat":[19],"product_tag":[],"class_list":{"0":"post-459","1":"product","2":"type-product","3":"status-publish","4":"has-post-thumbnail","6":"product_cat-uncategorized","7":"desktop-align-left","8":"tablet-align-left","9":"mobile-align-left","11":"first","12":"instock","13":"shipping-taxable","14":"product-type-simple"},"uagb_featured_image_src":{"full":["https:\/\/slforklift.com\/wp-content\/uploads\/2025\/11\/DSC00936-1-1.webp",800,800,false],"thumbnail":["https:\/\/slforklift.com\/wp-content\/uploads\/2025\/11\/DSC00936-1-1-150x150.webp",150,150,true],"medium":["https:\/\/slforklift.com\/wp-content\/uploads\/2025\/11\/DSC00936-1-1-300x300.webp",300,300,true],"medium_large":["https:\/\/slforklift.com\/wp-content\/uploads\/2025\/11\/DSC00936-1-1-768x768.webp",768,768,true],"large":["https:\/\/slforklift.com\/wp-content\/uploads\/2025\/11\/DSC00936-1-1.webp",800,800,false],"1536x1536":["https:\/\/slforklift.com\/wp-content\/uploads\/2025\/11\/DSC00936-1-1.webp",800,800,false],"2048x2048":["https:\/\/slforklift.com\/wp-content\/uploads\/2025\/11\/DSC00936-1-1.webp",800,800,false],"trp-custom-language-flag":["https:\/\/slforklift.com\/wp-content\/uploads\/2025\/11\/DSC00936-1-1.webp",12,12,false],"woocommerce_thumbnail":["https:\/\/slforklift.com\/wp-content\/uploads\/2025\/11\/DSC00936-1-1-300x300.webp",300,300,true],"woocommerce_single":["https:\/\/slforklift.com\/wp-content\/uploads\/2025\/11\/DSC00936-1-1-600x600.webp",600,600,true],"woocommerce_gallery_thumbnail":["https:\/\/slforklift.com\/wp-content\/uploads\/2025\/11\/DSC00936-1-1-100x100.webp",100,100,true]},"uagb_author_info":{"display_name":"diniu2025@outlook.com","author_link":"https:\/\/slforklift.com\/fr\/author\/"},"uagb_comment_info":0,"uagb_excerpt":"Significant 20% Increase in Production Efficiency By implementing a continuous &#8220;non-stop production line&#8221; operation mode, the AGV system has completely [&hellip;]","_links":{"self":[{"href":"https:\/\/slforklift.com\/fr\/wp-json\/wp\/v2\/product\/459","targetHints":{"allow":["GET"]}}],"collection":[{"href":"https:\/\/slforklift.com\/fr\/wp-json\/wp\/v2\/product"}],"about":[{"href":"https:\/\/slforklift.com\/fr\/wp-json\/wp\/v2\/types\/product"}],"version-history":[{"count":0,"href":"https:\/\/slforklift.com\/fr\/wp-json\/wp\/v2\/product\/459\/revisions"}],"wp:featuredmedia":[{"embeddable":true,"href":"https:\/\/slforklift.com\/fr\/wp-json\/wp\/v2\/media\/460"}],"wp:attachment":[{"href":"https:\/\/slforklift.com\/fr\/wp-json\/wp\/v2\/media?parent=459"}],"wp:term":[{"taxonomy":"product_brand","embeddable":true,"href":"https:\/\/slforklift.com\/fr\/wp-json\/wp\/v2\/product_brand?post=459"},{"taxonomy":"product_cat","embeddable":true,"href":"https:\/\/slforklift.com\/fr\/wp-json\/wp\/v2\/product_cat?post=459"},{"taxonomy":"product_tag","embeddable":true,"href":"https:\/\/slforklift.com\/fr\/wp-json\/wp\/v2\/product_tag?post=459"}],"curies":[{"name":"wp","href":"https:\/\/api.w.org\/{rel}","templated":true}]}}