{"id":83,"date":"2025-11-08T10:09:42","date_gmt":"2025-11-08T18:09:42","guid":{"rendered":"https:\/\/slforklift.com\/?post_type=product&#038;p=83"},"modified":"2026-01-07T09:37:29","modified_gmt":"2026-01-07T17:37:29","slug":"truck-hand-pallet-hydraulic-3-ton","status":"publish","type":"product","link":"https:\/\/slforklift.com\/es\/product\/truck-hand-pallet-hydraulic-3-ton\/","title":{"rendered":"Carretilla elevadora hidr\u00e1ulica manual de 3 toneladas"},"content":{"rendered":"<h1 data-start=\"160\" data-end=\"197\">Carretilla manual de horquilla hidr\u00e1ulica de 3 toneladas<\/h1>\n<p data-start=\"198\" data-end=\"252\"><strong data-start=\"198\" data-end=\"252\">Soluci\u00f3n de carretilla manual de horquilla industrial y de alta resistencia<\/strong><\/p>\n<h2 data-start=\"254\" data-end=\"276\">Descripci\u00f3n del producto<\/h2>\n<p data-start=\"278\" data-end=\"650\">El <strong data-start=\"282\" data-end=\"319\">carretilla manual de horquilla hidr\u00e1ulica de 3 toneladas<\/strong> es una soluci\u00f3n robusta y confiable para el manejo de materiales dise\u00f1ada para almacenes, f\u00e1bricas, centros log\u00edsticos y entornos industriales. Esto <strong data-start=\"461\" data-end=\"488\">carretilla manual de horquilla de 3 toneladas<\/strong> combina un marco de acero reforzado con un sistema hidr\u00e1ulico de alto rendimiento, asegurando elevaci\u00f3n estable, descenso suave y durabilidad a largo plazo bajo cargas pesadas.<\/p>\n<p data-start=\"652\" data-end=\"1122\">Como una <strong data-start=\"657\" data-end=\"684\">Transpaleta manual de 3 toneladas<\/strong>, est\u00e1 dise\u00f1ada para manejar operaciones diarias exigentes, ofreciendo un rendimiento constante para el transporte de palets. Ya sea utilizada como una <strong data-start=\"818\" data-end=\"852\">carretilla manual de horquilla de 3 toneladas<\/strong> o una <strong data-start=\"858\" data-end=\"895\">carretilla hidr\u00e1ulica de horquilla de 3 toneladas<\/strong>, este modelo ofrece un excelente control de carga, seguridad y eficiencia operativa. Es ampliamente reconocida como una <strong data-start=\"1006\" data-end=\"1044\">carretilla manual de horquilla de alta resistencia de 3 toneladas<\/strong> y una <strong data-start=\"1051\" data-end=\"1089\">carretilla industrial de horquilla de 3 toneladas<\/strong> apropiada para mercados B2B globales.<\/p>\n<p><img alt=\"\" fetchpriority=\"high\" decoding=\"async\" class=\"wp-image-86 aligncenter\" src=\"https:\/\/slforklift.com\/wp-content\/uploads\/2025\/11\/Hand-Pallet-Truck-3.0T-red-5.jpg\" width=\"600\" height=\"600\" srcset=\"https:\/\/slforklift.com\/wp-content\/uploads\/2025\/11\/Hand-Pallet-Truck-3.0T-red-5.jpg 800w, https:\/\/slforklift.com\/wp-content\/uploads\/2025\/11\/Hand-Pallet-Truck-3.0T-red-5-300x300.jpg 300w, https:\/\/slforklift.com\/wp-content\/uploads\/2025\/11\/Hand-Pallet-Truck-3.0T-red-5-100x100.jpg 100w, https:\/\/slforklift.com\/wp-content\/uploads\/2025\/11\/Hand-Pallet-Truck-3.0T-red-5-600x600.jpg 600w, https:\/\/slforklift.com\/wp-content\/uploads\/2025\/11\/Hand-Pallet-Truck-3.0T-red-5-150x150.jpg 150w, https:\/\/slforklift.com\/wp-content\/uploads\/2025\/11\/Hand-Pallet-Truck-3.0T-red-5-768x768.jpg 768w\" sizes=\"(max-width: 600px) 100vw, 600px\" \/><\/p>\n<h2 data-start=\"1129\" data-end=\"1148\">Caracter\u00edsticas del producto<\/h2>\n<ul data-start=\"1150\" data-end=\"1790\">\n<li data-start=\"1150\" data-end=\"1242\">\n<p data-start=\"1152\" data-end=\"1242\"><strong data-start=\"1152\" data-end=\"1189\">Manija de control de tres velocidades sencilla<\/strong> para elevaci\u00f3n, neutral y control de descenso precisos<\/p>\n<\/li>\n<li data-start=\"1243\" data-end=\"1351\">\n<p data-start=\"1245\" data-end=\"1351\"><strong data-start=\"1245\" data-end=\"1272\">Bomba de fundici\u00f3n integrada<\/strong>, dispositivo de retorno de aceite y v\u00e1lvula de alivio de seguridad para un rendimiento hidr\u00e1ulico estable<\/p>\n<\/li>\n<li data-start=\"1352\" data-end=\"1424\">\n<p data-start=\"1354\" data-end=\"1424\"><strong data-start=\"1354\" data-end=\"1390\">Estructura reforzada altamente equilibrada<\/strong> garantiza resistencia y durabilidad<\/p>\n<\/li>\n<li data-start=\"1425\" data-end=\"1509\">\n<p data-start=\"1427\" data-end=\"1509\"><strong data-start=\"1427\" data-end=\"1457\">Velocidad de descenso controlable<\/strong> con descenso lento y suave para mayor seguridad<\/p>\n<\/li>\n<li data-start=\"1510\" data-end=\"1587\">\n<p data-start=\"1512\" data-end=\"1587\"><strong data-start=\"1512\" data-end=\"1531\">Ruedas opcionales<\/strong>: rueda de nylon, rueda de poliuretano (PU) o rueda de acero<\/p>\n<\/li>\n<li data-start=\"1588\" data-end=\"1691\">\n<p data-start=\"1590\" data-end=\"1691\"><strong data-start=\"1590\" data-end=\"1640\">Requisitos especiales pueden ser negociados y cumplidos<\/strong> (tama\u00f1o del horquilla, color, marca, opciones de rueda de carga)<\/p>\n<\/li>\n<li data-start=\"1692\" data-end=\"1790\">\n<p data-start=\"1694\" data-end=\"1790\"><strong data-start=\"1694\" data-end=\"1745\">5000 elevaciones sin deformaci\u00f3n bajo carga nominal<\/strong>, demostrando larga vida \u00fatil y fiabilidad<\/p>\n<\/li>\n<\/ul>\n<p data-start=\"1792\" data-end=\"1978\">Las configuraciones populares incluyen <strong data-start=\"1823\" data-end=\"1869\">Transpaleta hidr\u00e1ulica manual de capacidad de 3 toneladas<\/strong> y <strong data-start=\"1874\" data-end=\"1952\">Transpaleta hidr\u00e1ulica manual de 3 toneladas, precio, transpaleta de uso intensivo de 3 toneladas<\/strong> modelos para uso intensivo.<\/p>\n<h4><strong><b>Shenli <\/b><\/strong><strong><b>3.0<\/b><\/strong><strong><b>Par\u00e1metros (Especificaciones) de la Carretilla Elevadora Hidr\u00e1ulica Shenli 2.5T<\/b><\/strong><\/h4>\n<h2 data-start=\"1985\" data-end=\"2008\">Aplicaciones del producto<\/h2>\n<p data-start=\"2010\" data-end=\"2096\">Esto <strong data-start=\"2015\" data-end=\"2042\">Transpaleta manual de 3 toneladas<\/strong> es ideal para una amplia gama de aplicaciones, incluyendo:<\/p>\n<ul data-start=\"2098\" data-end=\"2348\">\n<li data-start=\"2098\" data-end=\"2137\">\n<p data-start=\"2100\" data-end=\"2137\">Almacenes y centros de distribuci\u00f3n<\/p>\n<\/li>\n<li data-start=\"2138\" data-end=\"2176\">\n<p data-start=\"2140\" data-end=\"2176\">Plantillas de fabricaci\u00f3n y talleres<\/p>\n<\/li>\n<li data-start=\"2177\" data-end=\"2222\">\n<p data-start=\"2179\" data-end=\"2222\">Operaciones de log\u00edstica y manejo de carga<\/p>\n<\/li>\n<li data-start=\"2223\" data-end=\"2268\">\n<p data-start=\"2225\" data-end=\"2268\">Almacenes minoristas y instalaciones mayoristas<\/p>\n<\/li>\n<li data-start=\"2269\" data-end=\"2348\">\n<p data-start=\"2271\" data-end=\"2348\">Proyectos de exportaci\u00f3n e industriales que requieren <strong data-start=\"2312\" data-end=\"2348\">Capacidad de carretilla manual de 3 toneladas<\/strong><\/p>\n<\/li>\n<\/ul>\n<p data-start=\"2350\" data-end=\"2588\">Se utiliza com\u00fanmente en mercados internacionales como <strong data-start=\"2403\" data-end=\"2439\">Carretilla manual de 3 toneladas en Espa\u00f1a<\/strong>, <strong data-start=\"2441\" data-end=\"2488\">precio de carretilla manual de 3 toneladas en Bangladesh<\/strong>, y el sudeste asi\u00e1tico, donde los compradores comparan <strong data-start=\"2531\" data-end=\"2564\">harga de carretilla manual de 3 toneladas<\/strong> para decisiones de abastecimiento.<\/p>\n<hr data-start=\"2590\" data-end=\"2593\" \/>\n<h2 data-start=\"2595\" data-end=\"2628\">Ruedas y opciones de configuraci\u00f3n<\/h2>\n<p data-start=\"2630\" data-end=\"2929\">Para satisfacer diferentes condiciones operativas, este modelo soporta m\u00faltiples opciones de ruedas, incluyendo <strong data-start=\"2724\" data-end=\"2793\">carretilla manual global con rueda de carga de poliuretano de 3 toneladas serie e682577<\/strong>, ruedas de nylon y ruedas de acero. Los clientes pueden elegir configuraciones seg\u00fan las condiciones del suelo, requisitos de ruido y intensidad de carga.<\/p>\n<hr data-start=\"2931\" data-end=\"2934\" \/>\n<h2 data-start=\"2936\" data-end=\"2967\">Aseguramiento de calidad y garant\u00eda<\/h2>\n<p data-start=\"2969\" data-end=\"3281\">Cada <strong data-start=\"2975\" data-end=\"3012\">carretilla manual de horquilla hidr\u00e1ulica de 3 toneladas<\/strong> se fabrica bajo estrictos est\u00e1ndares de control de calidad. Cada unidad pasa por pruebas de carga e inspecci\u00f3n hidr\u00e1ulica antes de la entrega. Ofrecemos una garant\u00eda est\u00e1ndar que cubre la integridad estructural y los componentes hidr\u00e1ulicos, asegurando confianza para una cooperaci\u00f3n B2B a largo plazo.<\/p>\n<hr data-start=\"3283\" data-end=\"3286\" \/>\n<h2 data-start=\"3288\" data-end=\"3317\">Precios y referencia de mercado<\/h2>\n<p data-start=\"3319\" data-end=\"3666\">Precios para este <strong data-start=\"3336\" data-end=\"3369\">precio de carretilla elevadora manual de 3 toneladas<\/strong> var\u00eda seg\u00fan la configuraci\u00f3n, tipo de rueda, cantidad de pedido y personalizaci\u00f3n. Los compradores suelen comparar <strong data-start=\"3469\" data-end=\"3502\">precio de carretilla elevadora manual de 3 toneladas<\/strong>, <strong data-start=\"3504\" data-end=\"3547\">precio de carretilla hidr\u00e1ulica manual de 3 toneladas<\/strong>, y referencias regionales como <strong data-start=\"3581\" data-end=\"3628\">precio de carretilla manual de 3 toneladas en Bangladesh<\/strong> or <strong data-start=\"3632\" data-end=\"3665\">harga de carretilla manual de 3 toneladas<\/strong>.<\/p>\n<p data-start=\"3668\" data-end=\"3932\">Nuestra oferta directa de f\u00e1brica ofrece alternativas competitivas a marcas conocidas como <strong data-start=\"3755\" data-end=\"3789\">carretilla elevadora manual Godrej de 3 toneladas<\/strong>, <strong data-start=\"3791\" data-end=\"3827\">carretilla elevadora manual Nilkamal de 3 toneladas<\/strong>, y <strong data-start=\"3833\" data-end=\"3873\">carretilla elevadora manual ITI de 3 toneladas 685\u00d71150<\/strong>, manteniendo una calidad confiable y tiempos de entrega estables.<\/p>\n<hr data-start=\"3934\" data-end=\"3937\" \/>\n<h2 data-start=\"3939\" data-end=\"3959\">Soporte OEM \/ ODM<\/h2>\n<p data-start=\"3961\" data-end=\"4154\">Apoyamos la producci\u00f3n OEM y ODM para <strong data-start=\"3999\" data-end=\"4045\">Transpaleta hidr\u00e1ulica manual de capacidad de 3 toneladas<\/strong> modelos, incluyendo tama\u00f1os de horquillas personalizados, marca, embalaje y especificaciones para adaptarse a las necesidades de su mercado.<\/p>\n<figure id=\"attachment_246\" aria-describedby=\"caption-attachment-246\" style=\"width: 600px\" class=\"wp-caption aligncenter\"><img decoding=\"async\" class=\"wp-image-246\" src=\"https:\/\/slforklift.com\/wp-content\/uploads\/2025\/11\/Hand-Pallet-Truck-Details-1.jpg\" alt=\"Manual de instrucciones de la carretilla elevadora hidr\u00e1ulica de mano para camiones\" width=\"600\" height=\"849\" srcset=\"https:\/\/slforklift.com\/wp-content\/uploads\/2025\/11\/Hand-Pallet-Truck-Details-1.jpg 1280w, https:\/\/slforklift.com\/wp-content\/uploads\/2025\/11\/Hand-Pallet-Truck-Details-1-212x300.jpg 212w, https:\/\/slforklift.com\/wp-content\/uploads\/2025\/11\/Hand-Pallet-Truck-Details-1-724x1024.jpg 724w, https:\/\/slforklift.com\/wp-content\/uploads\/2025\/11\/Hand-Pallet-Truck-Details-1-768x1087.jpg 768w, https:\/\/slforklift.com\/wp-content\/uploads\/2025\/11\/Hand-Pallet-Truck-Details-1-1086x1536.jpg 1086w, https:\/\/slforklift.com\/wp-content\/uploads\/2025\/11\/Hand-Pallet-Truck-Details-1-600x849.jpg 600w\" sizes=\"(max-width: 600px) 100vw, 600px\" \/><figcaption id=\"caption-attachment-246\" class=\"wp-caption-text\">Manual de instrucciones de la carretilla elevadora hidr\u00e1ulica de mano para camiones<\/figcaption><\/figure>\n<p><strong>Shenli <\/strong><strong>3.0<\/strong><strong>Detalles de la Carretilla Hidr\u00e1ulica Manual 3.0T 685 amarillo:<\/strong><\/p>\n<figure id=\"attachment_322\" aria-describedby=\"caption-attachment-322\" style=\"width: 600px\" class=\"wp-caption aligncenter\"><img decoding=\"async\" class=\"wp-image-322 size-full\" src=\"https:\/\/slforklift.com\/wp-content\/uploads\/2025\/11\/Hand-Pallet-Truck-Details3.webp\" alt=\"Manual de instrucciones de la carretilla elevadora hidr\u00e1ulica de mano para camiones\" width=\"600\" height=\"600\" srcset=\"https:\/\/slforklift.com\/wp-content\/uploads\/2025\/11\/Hand-Pallet-Truck-Details3.webp 600w, https:\/\/slforklift.com\/wp-content\/uploads\/2025\/11\/Hand-Pallet-Truck-Details3-300x300.webp 300w, https:\/\/slforklift.com\/wp-content\/uploads\/2025\/11\/Hand-Pallet-Truck-Details3-150x150.webp 150w, https:\/\/slforklift.com\/wp-content\/uploads\/2025\/11\/Hand-Pallet-Truck-Details3-100x100.webp 100w\" sizes=\"(max-width: 600px) 100vw, 600px\" \/><figcaption id=\"caption-attachment-322\" class=\"wp-caption-text\">Manual de instrucciones de la carretilla elevadora hidr\u00e1ulica de mano para camiones<\/figcaption><\/figure>","protected":false},"excerpt":{"rendered":"<p>Shenli es un fabricante y proveedor de carretillas elevadoras hidr\u00e1ulicas manuales de 2.5T a gran escala en China. Hemos estado especializados en equipos de manejo de carga durante muchos a\u00f1os. Como f\u00e1brica, la ventaja de precio, capacidad OEM y ODM, sistema de control de calidad estricto y buen servicio postventa nos traen tantos clientes en todo el mundo. Esperamos convertirnos en su socio a largo plazo en China.<\/p>","protected":false},"featured_media":406,"template":"","meta":{"_seopress_robots_primary_cat":"none","_seopress_titles_title":"Truck Hand Pallet Hydraulic 3 Ton | Heavy Duty Pallet Truck","_seopress_titles_desc":"Truck hand pallet hydraulic 3 ton with reinforced frame and stable hydraulic system. Heavy duty hand pallet truck for warehouse and industrial use.","_seopress_robots_index":"","_uag_custom_page_level_css":"","site-sidebar-layout":"default","site-content-layout":"","ast-site-content-layout":"default","site-content-style":"default","site-sidebar-style":"default","ast-global-header-display":"","ast-banner-title-visibility":"","ast-main-header-display":"","ast-hfb-above-header-display":"","ast-hfb-below-header-display":"","ast-hfb-mobile-header-display":"","site-post-title":"","ast-breadcrumbs-content":"","ast-featured-img":"","footer-sml-layout":"","ast-disable-related-posts":"","theme-transparent-header-meta":"default","adv-header-id-meta":"","stick-header-meta":"","header-above-stick-meta":"","header-main-stick-meta":"","header-below-stick-meta":"","astra-migrate-meta-layouts":"set","ast-page-background-enabled":"default","ast-page-background-meta":{"desktop":{"background-color":"var(--ast-global-color-5)","background-image":"","background-repeat":"repeat","background-position":"center center","background-size":"auto","background-attachment":"scroll","background-type":"","background-media":"","overlay-type":"","overlay-color":"","overlay-opacity":"","overlay-gradient":""},"tablet":{"background-color":"","background-image":"","background-repeat":"repeat","background-position":"center center","background-size":"auto","background-attachment":"scroll","background-type":"","background-media":"","overlay-type":"","overlay-color":"","overlay-opacity":"","overlay-gradient":""},"mobile":{"background-color":"","background-image":"","background-repeat":"repeat","background-position":"center center","background-size":"auto","background-attachment":"scroll","background-type":"","background-media":"","overlay-type":"","overlay-color":"","overlay-opacity":"","overlay-gradient":""}},"ast-content-background-meta":{"desktop":{"background-color":"var(--ast-global-color-4)","background-image":"","background-repeat":"repeat","background-position":"center center","background-size":"auto","background-attachment":"scroll","background-type":"","background-media":"","overlay-type":"","overlay-color":"","overlay-opacity":"","overlay-gradient":""},"tablet":{"background-color":"var(--ast-global-color-4)","background-image":"","background-repeat":"repeat","background-position":"center center","background-size":"auto","background-attachment":"scroll","background-type":"","background-media":"","overlay-type":"","overlay-color":"","overlay-opacity":"","overlay-gradient":""},"mobile":{"background-color":"var(--ast-global-color-4)","background-image":"","background-repeat":"repeat","background-position":"center center","background-size":"auto","background-attachment":"scroll","background-type":"","background-media":"","overlay-type":"","overlay-color":"","overlay-opacity":"","overlay-gradient":""}}},"product_brand":[],"product_cat":[28],"product_tag":[24],"class_list":{"0":"post-83","1":"product","2":"type-product","3":"status-publish","4":"has-post-thumbnail","6":"product_cat-3-0-tonnes","7":"product_tag-hand-pallet-truck","8":"desktop-align-left","9":"tablet-align-left","10":"mobile-align-left","12":"first","13":"instock","14":"shipping-taxable","15":"product-type-simple"},"uagb_featured_image_src":{"full":["https:\/\/slforklift.com\/wp-content\/uploads\/2025\/11\/Hand-Pallet-Truck-3.0T-red-1-1.webp",800,800,false],"thumbnail":["https:\/\/slforklift.com\/wp-content\/uploads\/2025\/11\/Hand-Pallet-Truck-3.0T-red-1-1-150x150.webp",150,150,true],"medium":["https:\/\/slforklift.com\/wp-content\/uploads\/2025\/11\/Hand-Pallet-Truck-3.0T-red-1-1-300x300.webp",300,300,true],"medium_large":["https:\/\/slforklift.com\/wp-content\/uploads\/2025\/11\/Hand-Pallet-Truck-3.0T-red-1-1-768x768.webp",768,768,true],"large":["https:\/\/slforklift.com\/wp-content\/uploads\/2025\/11\/Hand-Pallet-Truck-3.0T-red-1-1.webp",800,800,false],"1536x1536":["https:\/\/slforklift.com\/wp-content\/uploads\/2025\/11\/Hand-Pallet-Truck-3.0T-red-1-1.webp",800,800,false],"2048x2048":["https:\/\/slforklift.com\/wp-content\/uploads\/2025\/11\/Hand-Pallet-Truck-3.0T-red-1-1.webp",800,800,false],"trp-custom-language-flag":["https:\/\/slforklift.com\/wp-content\/uploads\/2025\/11\/Hand-Pallet-Truck-3.0T-red-1-1.webp",12,12,false],"woocommerce_thumbnail":["https:\/\/slforklift.com\/wp-content\/uploads\/2025\/11\/Hand-Pallet-Truck-3.0T-red-1-1-300x300.webp",300,300,true],"woocommerce_single":["https:\/\/slforklift.com\/wp-content\/uploads\/2025\/11\/Hand-Pallet-Truck-3.0T-red-1-1-600x600.webp",600,600,true],"woocommerce_gallery_thumbnail":["https:\/\/slforklift.com\/wp-content\/uploads\/2025\/11\/Hand-Pallet-Truck-3.0T-red-1-1-100x100.webp",100,100,true]},"uagb_author_info":{"display_name":"diniu2025@outlook.com","author_link":"https:\/\/slforklift.com\/es\/author\/"},"uagb_comment_info":0,"uagb_excerpt":"Shenli is a large-scale 3.0T Hydraulic Hand Pallet Truck manufacturer and supplier in China.We have been specialized in Cargo handling equipment for many years.As a factory,the price advantage, OEM&amp;ODM capability,strict quality control system and good sales-after service bring us so many clients all over the world.We look forward to becoming your long-term partner in China.","_links":{"self":[{"href":"https:\/\/slforklift.com\/es\/wp-json\/wp\/v2\/product\/83","targetHints":{"allow":["GET"]}}],"collection":[{"href":"https:\/\/slforklift.com\/es\/wp-json\/wp\/v2\/product"}],"about":[{"href":"https:\/\/slforklift.com\/es\/wp-json\/wp\/v2\/types\/product"}],"version-history":[{"count":2,"href":"https:\/\/slforklift.com\/es\/wp-json\/wp\/v2\/product\/83\/revisions"}],"predecessor-version":[{"id":712,"href":"https:\/\/slforklift.com\/es\/wp-json\/wp\/v2\/product\/83\/revisions\/712"}],"wp:featuredmedia":[{"embeddable":true,"href":"https:\/\/slforklift.com\/es\/wp-json\/wp\/v2\/media\/406"}],"wp:attachment":[{"href":"https:\/\/slforklift.com\/es\/wp-json\/wp\/v2\/media?parent=83"}],"wp:term":[{"taxonomy":"product_brand","embeddable":true,"href":"https:\/\/slforklift.com\/es\/wp-json\/wp\/v2\/product_brand?post=83"},{"taxonomy":"product_cat","embeddable":true,"href":"https:\/\/slforklift.com\/es\/wp-json\/wp\/v2\/product_cat?post=83"},{"taxonomy":"product_tag","embeddable":true,"href":"https:\/\/slforklift.com\/es\/wp-json\/wp\/v2\/product_tag?post=83"}],"curies":[{"name":"wp","href":"https:\/\/api.w.org\/{rel}","templated":true}]}}