{"id":78,"date":"2025-11-08T10:05:41","date_gmt":"2025-11-08T18:05:41","guid":{"rendered":"https:\/\/slforklift.com\/?post_type=product&#038;p=78"},"modified":"2026-01-04T05:01:39","modified_gmt":"2026-01-04T13:01:39","slug":"truck-hand-pallet-hydraulic-2-5-ton","status":"publish","type":"product","link":"https:\/\/slforklift.com\/es\/product\/truck-hand-pallet-hydraulic-2-5-ton\/","title":{"rendered":"Transpaleta hidr\u00e1ulica manual 2.5 toneladas\u200b"},"content":{"rendered":"<h2 data-start=\"127\" data-end=\"167\">Transpaleta manual hidr\u00e1ulica de cami\u00f3n 2.5 toneladas<\/h2>\n<h3 data-start=\"168\" data-end=\"238\">Transpaleta de 2500kg | Transpaleta hidr\u00e1ulica manual de 2.5 toneladas de capacidad<\/h3>\n<h3 data-start=\"240\" data-end=\"265\">Descripci\u00f3n del producto<\/h3>\n<p data-start=\"266\" data-end=\"691\">El <strong data-start=\"270\" data-end=\"309\">transpaleta manual hidr\u00e1ulica de cami\u00f3n 2.5 toneladas<\/strong> es una soluci\u00f3n de manejo de materiales de alta resistencia dise\u00f1ada para el transporte eficiente de palets en almacenes, f\u00e1bricas, centros log\u00edsticos y entornos de distribuci\u00f3n minorista.<br data-start=\"480\" data-end=\"483\" \/>Esto <strong data-start=\"488\" data-end=\"517\">2,5 toneladas de transpaleta manual<\/strong> combina un marco de acero robusto con un sistema hidr\u00e1ulico de alto rendimiento, ofreciendo elevaci\u00f3n estable, descenso suave y durabilidad a largo plazo bajo operaciones diarias intensivas.<\/p>\n<p data-start=\"693\" data-end=\"990\">Con una carga nominal de <strong data-start=\"714\" data-end=\"737\">transpaleta de 2500kg<\/strong>, esto <strong data-start=\"744\" data-end=\"792\">transpaleta hidr\u00e1ulica manual de palets de 2.5 toneladas de capacidad<\/strong> est\u00e1 dise\u00f1ada para cumplir con los est\u00e1ndares industriales internacionales y se utiliza ampliamente como un <strong data-start=\"874\" data-end=\"897\">transpaleta de 2.5 toneladas<\/strong>, <strong data-start=\"899\" data-end=\"933\">transpaleta hidr\u00e1ulica de 2.5 toneladas<\/strong>, o <strong data-start=\"938\" data-end=\"967\">carretilla hidr\u00e1ulica de 2.5 toneladas<\/strong> en mercados globales.<\/p>\n<hr data-start=\"992\" data-end=\"995\" \/>\n<h2 data-start=\"997\" data-end=\"1022\">Aplicaciones del producto<\/h2>\n<p data-start=\"1023\" data-end=\"1141\">El <strong data-start=\"1027\" data-end=\"1066\">Transpaleta hidr\u00e1ulica manual de 2.5 toneladas<\/strong> es adecuada para una amplia gama de aplicaciones de manejo de materiales, incluyendo:<\/p>\n<ul data-start=\"1143\" data-end=\"1351\">\n<li data-start=\"1143\" data-end=\"1183\">\n<p data-start=\"1145\" data-end=\"1183\">Almacenes y centros de distribuci\u00f3n<\/p>\n<\/li>\n<li data-start=\"1184\" data-end=\"1226\">\n<p data-start=\"1186\" data-end=\"1226\">F\u00e1bricas de procesamiento de alimentos y bebidas<\/p>\n<\/li>\n<li data-start=\"1227\" data-end=\"1265\">\n<p data-start=\"1229\" data-end=\"1265\">Plantillas de fabricaci\u00f3n y talleres<\/p>\n<\/li>\n<li data-start=\"1266\" data-end=\"1304\">\n<p data-start=\"1268\" data-end=\"1304\">Supermercados y mercados mayoristas<\/p>\n<\/li>\n<li data-start=\"1305\" data-end=\"1351\">\n<p data-start=\"1307\" data-end=\"1351\">Operaciones de carga y descarga de contenedores<\/p>\n<\/li>\n<\/ul>\n<p data-start=\"1353\" data-end=\"1547\">En instalaciones que requieren apilamiento vertical u operaciones de elevaci\u00f3n superiores, este modelo tambi\u00e9n puede combinarse con un <strong data-start=\"1464\" data-end=\"1512\">apilador manual, transpaleta elevadora de 2.5 m de altura<\/strong> para una mayor flexibilidad en el manejo.<\/p>\n<hr data-start=\"1549\" data-end=\"1552\" \/>\n<h2 data-start=\"1554\" data-end=\"1575\">Caracter\u00edsticas del producto<\/h2>\n<ul data-start=\"1577\" data-end=\"2533\">\n<li data-start=\"1577\" data-end=\"1708\">\n<p data-start=\"1579\" data-end=\"1708\"><strong data-start=\"1579\" data-end=\"1616\">Manija de control de tres velocidades sencilla<\/strong><br data-start=\"1616\" data-end=\"1619\" \/>Permite funciones de elevaci\u00f3n, neutralizaci\u00f3n y bajada con operaci\u00f3n precisa y sin esfuerzo.<\/p>\n<\/li>\n<li data-start=\"1710\" data-end=\"1872\">\n<p data-start=\"1712\" data-end=\"1872\"><strong data-start=\"1712\" data-end=\"1782\">* Bomba de fundici\u00f3n integrada, dispositivo de retorno de aceite y v\u00e1lvula de alivio de seguridad.<\/strong><br data-start=\"1782\" data-end=\"1785\" \/>Garantiza un rendimiento hidr\u00e1ulico estable, protecci\u00f3n contra sobrecargas y una vida \u00fatil prolongada.<\/p>\n<\/li>\n<li data-start=\"1874\" data-end=\"1995\">\n<p data-start=\"1876\" data-end=\"1995\"><strong data-start=\"1876\" data-end=\"1912\">Estructura reforzada altamente equilibrada<\/strong><br data-start=\"1912\" data-end=\"1915\" \/>Dise\u00f1ado para una alta estabilidad de carga, evitando deformaciones durante el uso prolongado.<\/p>\n<\/li>\n<li data-start=\"1997\" data-end=\"2122\">\n<p data-start=\"1999\" data-end=\"2122\"><strong data-start=\"1999\" data-end=\"2043\">Velocidad de descenso controlable, descenso lento<\/strong><br data-start=\"2043\" data-end=\"2046\" \/>Garantiza una bajada suave y segura de las mercanc\u00edas, reduciendo riesgos de da\u00f1o a la carga.<\/p>\n<\/li>\n<li data-start=\"2124\" data-end=\"2266\">\n<p data-start=\"2126\" data-end=\"2266\"><strong data-start=\"2126\" data-end=\"2196\">Ruedas opcionales: rueda de nylon, rueda de poliuretano (PU), rueda de acero<\/strong><br data-start=\"2196\" data-end=\"2199\" \/>Adaptable a diferentes condiciones del suelo y entornos de trabajo.<\/p>\n<\/li>\n<li data-start=\"2268\" data-end=\"2401\">\n<p data-start=\"2270\" data-end=\"2401\"><strong data-start=\"2270\" data-end=\"2320\">Requisitos especiales pueden ser negociados y cumplidos<\/strong><br data-start=\"2320\" data-end=\"2323\" \/>Especificaciones, dimensiones o configuraciones personalizadas disponibles bajo solicitud.<\/p>\n<\/li>\n<li data-start=\"2403\" data-end=\"2533\">\n<p data-start=\"2405\" data-end=\"2533\"><strong data-start=\"2405\" data-end=\"2456\">5000 elevaciones sin deformaci\u00f3n bajo carga nominal<\/strong><br data-start=\"2456\" data-end=\"2459\" \/>Durabilidad comprobada y integridad estructural para uso industrial intensivo.<\/p>\n<\/li>\n<\/ul>\n<hr data-start=\"2535\" data-end=\"2538\" \/>\n<h2 data-start=\"2540\" data-end=\"2563\">Ventajas del producto<\/h2>\n<p data-start=\"2564\" data-end=\"2643\">En comparaci\u00f3n con las transpaletas est\u00e1ndar, la <strong data-start=\"2606\" data-end=\"2635\">carro paletizador manual de 2.5 toneladas<\/strong> ofrece:<\/p>\n<ul data-start=\"2645\" data-end=\"2878\">\n<li data-start=\"2645\" data-end=\"2695\">\n<p data-start=\"2647\" data-end=\"2695\">Mayor capacidad de carga y refuerzo del marco<\/p>\n<\/li>\n<li data-start=\"2696\" data-end=\"2736\">\n<p data-start=\"2698\" data-end=\"2736\">Sistema de elevaci\u00f3n hidr\u00e1ulico m\u00e1s estable<\/p>\n<\/li>\n<li data-start=\"2737\" data-end=\"2796\">\n<p data-start=\"2739\" data-end=\"2796\">Costes de mantenimiento m\u00e1s bajos y mayor vida \u00fatil operativa<\/p>\n<\/li>\n<li data-start=\"2797\" data-end=\"2878\">\n<p data-start=\"2799\" data-end=\"2878\">Competitivo <strong data-start=\"2811\" data-end=\"2846\">precio de transpaleta manual de 2.5 toneladas<\/strong> para compradores al por mayor y en volumen<\/p>\n<\/li>\n<\/ul>\n<p data-start=\"2880\" data-end=\"3038\">Esto lo convierte en una opci\u00f3n ideal para compradores que buscan una opci\u00f3n confiable <strong data-start=\"2940\" data-end=\"2979\">transpaleta hidr\u00e1ulica manual de 2.5 toneladas<\/strong> con rendimiento constante y excelente eficiencia en costos.<\/p>\n<hr data-start=\"3040\" data-end=\"3043\" \/>\n<h2 data-start=\"3045\" data-end=\"3078\">Aseguramiento de calidad y garant\u00eda<\/h2>\n<p data-start=\"3079\" data-end=\"3194\">Cada <strong data-start=\"3084\" data-end=\"3123\">transpaleta manual hidr\u00e1ulica de cami\u00f3n 2.5 toneladas<\/strong> se fabrica bajo estrictos procedimientos de control de calidad.<br data-start=\"3180\" data-end=\"3183\" \/>Ofrecemos:<\/p>\n<ul data-start=\"3196\" data-end=\"3339\">\n<li data-start=\"3196\" data-end=\"3234\">\n<p data-start=\"3198\" data-end=\"3234\">Inspecci\u00f3n en f\u00e1brica antes del env\u00edo<\/p>\n<\/li>\n<li data-start=\"3235\" data-end=\"3272\">\n<p data-start=\"3237\" data-end=\"3272\">Pruebas de carga bajo capacidad nominal<\/p>\n<\/li>\n<li data-start=\"3273\" data-end=\"3339\">\n<p data-start=\"3275\" data-end=\"3339\">Cobertura de garant\u00eda para componentes estructurales y hidr\u00e1ulicos principales<\/p>\n<\/li>\n<\/ul>\n<p data-start=\"3341\" data-end=\"3450\">Nuestro compromiso garantiza que cada <strong data-start=\"3370\" data-end=\"3393\">transpaleta de 2.5 toneladas<\/strong> ofrece un rendimiento estable durante toda su vida \u00fatil.<\/p>\n<hr data-start=\"3452\" data-end=\"3455\" \/>\n<h2 data-start=\"3457\" data-end=\"3507\">Por qu\u00e9 elegir nuestra transpaleta hidr\u00e1ulica de 2.5 toneladas<\/h2>\n<ul data-start=\"3508\" data-end=\"3708\">\n<li data-start=\"3508\" data-end=\"3542\">\n<p data-start=\"3510\" data-end=\"3542\">Dise\u00f1o de grado industrial probado<\/p>\n<\/li>\n<li data-start=\"3543\" data-end=\"3587\">\n<p data-start=\"3545\" data-end=\"3587\">Opciones flexibles de ruedas y personalizaci\u00f3n<\/p>\n<\/li>\n<li data-start=\"3588\" data-end=\"3637\">\n<p data-start=\"3590\" data-end=\"3637\">Suministro estable para pedidos de exportaci\u00f3n y mayoristas<\/p>\n<\/li>\n<li data-start=\"3638\" data-end=\"3708\">\n<p data-start=\"3640\" data-end=\"3708\">Precios competitivos a nivel mundial en <strong data-start=\"3670\" data-end=\"3699\">2,5 toneladas de transpaleta manual<\/strong> modelos<\/p>\n<\/li>\n<\/ul>\n<p data-start=\"3710\" data-end=\"3859\">Para compradores que buscan un fiable <strong data-start=\"3746\" data-end=\"3780\">transpaleta hidr\u00e1ulica de 2.5 toneladas<\/strong>, este modelo ofrece el equilibrio ideal de resistencia, seguridad y valor a largo plazo.<\/p>\n<h4><strong><b>Caracter\u00edsticas del producto:<\/b><\/strong><\/h4>\n<p>* Mango de control de tres velocidades simple<\/p>\n<p>* Bomba de fundici\u00f3n integrada, dispositivo de retorno de aceite y v\u00e1lvula de alivio de seguridad.<\/p>\n<p>* Estructura reforzada y altamente equilibrada<\/p>\n<p>* Velocidad de descenso controlable, descenso lento<\/p>\n<p>* Ruedas opcionales: rueda de nylon, rueda de poliuretano (PU), rueda de acero<\/p>\n<p>* Los requisitos especiales pueden ser negociados y cumplidos<\/p>\n<p>* 5000 elevaciones sin deformaci\u00f3n bajo carga nominal<\/p>\n<figure id=\"attachment_246\" aria-describedby=\"caption-attachment-246\" style=\"width: 600px\" class=\"wp-caption aligncenter\"><img fetchpriority=\"high\" decoding=\"async\" class=\"wp-image-246\" src=\"https:\/\/slforklift.com\/wp-content\/uploads\/2025\/11\/Hand-Pallet-Truck-Details-1.jpg\" alt=\"Manual de instrucciones de la carretilla elevadora hidr\u00e1ulica de mano para camiones\" width=\"600\" height=\"849\" srcset=\"https:\/\/slforklift.com\/wp-content\/uploads\/2025\/11\/Hand-Pallet-Truck-Details-1.jpg 1280w, https:\/\/slforklift.com\/wp-content\/uploads\/2025\/11\/Hand-Pallet-Truck-Details-1-212x300.jpg 212w, https:\/\/slforklift.com\/wp-content\/uploads\/2025\/11\/Hand-Pallet-Truck-Details-1-724x1024.jpg 724w, https:\/\/slforklift.com\/wp-content\/uploads\/2025\/11\/Hand-Pallet-Truck-Details-1-768x1087.jpg 768w, https:\/\/slforklift.com\/wp-content\/uploads\/2025\/11\/Hand-Pallet-Truck-Details-1-1086x1536.jpg 1086w, https:\/\/slforklift.com\/wp-content\/uploads\/2025\/11\/Hand-Pallet-Truck-Details-1-600x849.jpg 600w\" sizes=\"(max-width: 600px) 100vw, 600px\" \/><figcaption id=\"caption-attachment-246\" class=\"wp-caption-text\">Manual de instrucciones de la carretilla elevadora hidr\u00e1ulica de mano para camiones<\/figcaption><\/figure>","protected":false},"excerpt":{"rendered":"<p>Shenli es un fabricante y proveedor de carretillas elevadoras hidr\u00e1ulicas manuales de 2.5T a gran escala en China. Hemos estado especializados en equipos de manejo de carga durante muchos a\u00f1os. Como f\u00e1brica, la ventaja de precio, capacidad OEM y ODM, sistema de control de calidad estricto y buen servicio postventa nos traen tantos clientes en todo el mundo. Esperamos convertirnos en su socio a largo plazo en China.<\/p>","protected":false},"featured_media":407,"template":"","meta":{"_seopress_robots_primary_cat":"none","_seopress_titles_title":"Truck Hand Pallet Hydraulic 2.5 Ton | 2500kg Pallet Truck","_seopress_titles_desc":"Truck hand pallet hydraulic 2.5 ton with 2500kg capacity. Durable hydraulic hand pallet truck, optional wheels, smooth descent, factory price for wholesale buyers.","_seopress_robots_index":"","_uag_custom_page_level_css":"","site-sidebar-layout":"default","site-content-layout":"","ast-site-content-layout":"default","site-content-style":"default","site-sidebar-style":"default","ast-global-header-display":"","ast-banner-title-visibility":"","ast-main-header-display":"","ast-hfb-above-header-display":"","ast-hfb-below-header-display":"","ast-hfb-mobile-header-display":"","site-post-title":"","ast-breadcrumbs-content":"","ast-featured-img":"","footer-sml-layout":"","ast-disable-related-posts":"","theme-transparent-header-meta":"default","adv-header-id-meta":"","stick-header-meta":"","header-above-stick-meta":"","header-main-stick-meta":"","header-below-stick-meta":"","astra-migrate-meta-layouts":"set","ast-page-background-enabled":"default","ast-page-background-meta":{"desktop":{"background-color":"var(--ast-global-color-5)","background-image":"","background-repeat":"repeat","background-position":"center center","background-size":"auto","background-attachment":"scroll","background-type":"","background-media":"","overlay-type":"","overlay-color":"","overlay-opacity":"","overlay-gradient":""},"tablet":{"background-color":"","background-image":"","background-repeat":"repeat","background-position":"center center","background-size":"auto","background-attachment":"scroll","background-type":"","background-media":"","overlay-type":"","overlay-color":"","overlay-opacity":"","overlay-gradient":""},"mobile":{"background-color":"","background-image":"","background-repeat":"repeat","background-position":"center center","background-size":"auto","background-attachment":"scroll","background-type":"","background-media":"","overlay-type":"","overlay-color":"","overlay-opacity":"","overlay-gradient":""}},"ast-content-background-meta":{"desktop":{"background-color":"var(--ast-global-color-4)","background-image":"","background-repeat":"repeat","background-position":"center center","background-size":"auto","background-attachment":"scroll","background-type":"","background-media":"","overlay-type":"","overlay-color":"","overlay-opacity":"","overlay-gradient":""},"tablet":{"background-color":"var(--ast-global-color-4)","background-image":"","background-repeat":"repeat","background-position":"center center","background-size":"auto","background-attachment":"scroll","background-type":"","background-media":"","overlay-type":"","overlay-color":"","overlay-opacity":"","overlay-gradient":""},"mobile":{"background-color":"var(--ast-global-color-4)","background-image":"","background-repeat":"repeat","background-position":"center center","background-size":"auto","background-attachment":"scroll","background-type":"","background-media":"","overlay-type":"","overlay-color":"","overlay-opacity":"","overlay-gradient":""}}},"product_brand":[],"product_cat":[27],"product_tag":[24],"class_list":{"0":"post-78","1":"product","2":"type-product","3":"status-publish","4":"has-post-thumbnail","6":"product_cat-2-5-tonnes","7":"product_tag-hand-pallet-truck","8":"desktop-align-left","9":"tablet-align-left","10":"mobile-align-left","12":"first","13":"instock","14":"shipping-taxable","15":"product-type-simple"},"uagb_featured_image_src":{"full":["https:\/\/slforklift.com\/wp-content\/uploads\/2025\/11\/Hand-Pallet-Truck-2.5T-yellow-1.webp",800,800,false],"thumbnail":["https:\/\/slforklift.com\/wp-content\/uploads\/2025\/11\/Hand-Pallet-Truck-2.5T-yellow-1-150x150.webp",150,150,true],"medium":["https:\/\/slforklift.com\/wp-content\/uploads\/2025\/11\/Hand-Pallet-Truck-2.5T-yellow-1-300x300.webp",300,300,true],"medium_large":["https:\/\/slforklift.com\/wp-content\/uploads\/2025\/11\/Hand-Pallet-Truck-2.5T-yellow-1-768x768.webp",768,768,true],"large":["https:\/\/slforklift.com\/wp-content\/uploads\/2025\/11\/Hand-Pallet-Truck-2.5T-yellow-1.webp",800,800,false],"1536x1536":["https:\/\/slforklift.com\/wp-content\/uploads\/2025\/11\/Hand-Pallet-Truck-2.5T-yellow-1.webp",800,800,false],"2048x2048":["https:\/\/slforklift.com\/wp-content\/uploads\/2025\/11\/Hand-Pallet-Truck-2.5T-yellow-1.webp",800,800,false],"trp-custom-language-flag":["https:\/\/slforklift.com\/wp-content\/uploads\/2025\/11\/Hand-Pallet-Truck-2.5T-yellow-1.webp",12,12,false],"woocommerce_thumbnail":["https:\/\/slforklift.com\/wp-content\/uploads\/2025\/11\/Hand-Pallet-Truck-2.5T-yellow-1-300x300.webp",300,300,true],"woocommerce_single":["https:\/\/slforklift.com\/wp-content\/uploads\/2025\/11\/Hand-Pallet-Truck-2.5T-yellow-1-600x600.webp",600,600,true],"woocommerce_gallery_thumbnail":["https:\/\/slforklift.com\/wp-content\/uploads\/2025\/11\/Hand-Pallet-Truck-2.5T-yellow-1-100x100.webp",100,100,true]},"uagb_author_info":{"display_name":"diniu2025@outlook.com","author_link":"https:\/\/slforklift.com\/es\/author\/"},"uagb_comment_info":0,"uagb_excerpt":"Shenli is a large-scale 2.5T Hydraulic Hand Pallet Truck manufacturer and supplier in China.We have been specialized in Cargo handling equipment for many years.As a factory,the price advantage, OEM&amp;ODM capability,strict quality control system and good sales-after service bring us so many clients all over the world.We look forward to becoming your long-term partner in China.","_links":{"self":[{"href":"https:\/\/slforklift.com\/es\/wp-json\/wp\/v2\/product\/78","targetHints":{"allow":["GET"]}}],"collection":[{"href":"https:\/\/slforklift.com\/es\/wp-json\/wp\/v2\/product"}],"about":[{"href":"https:\/\/slforklift.com\/es\/wp-json\/wp\/v2\/types\/product"}],"version-history":[{"count":2,"href":"https:\/\/slforklift.com\/es\/wp-json\/wp\/v2\/product\/78\/revisions"}],"predecessor-version":[{"id":707,"href":"https:\/\/slforklift.com\/es\/wp-json\/wp\/v2\/product\/78\/revisions\/707"}],"wp:featuredmedia":[{"embeddable":true,"href":"https:\/\/slforklift.com\/es\/wp-json\/wp\/v2\/media\/407"}],"wp:attachment":[{"href":"https:\/\/slforklift.com\/es\/wp-json\/wp\/v2\/media?parent=78"}],"wp:term":[{"taxonomy":"product_brand","embeddable":true,"href":"https:\/\/slforklift.com\/es\/wp-json\/wp\/v2\/product_brand?post=78"},{"taxonomy":"product_cat","embeddable":true,"href":"https:\/\/slforklift.com\/es\/wp-json\/wp\/v2\/product_cat?post=78"},{"taxonomy":"product_tag","embeddable":true,"href":"https:\/\/slforklift.com\/es\/wp-json\/wp\/v2\/product_tag?post=78"}],"curies":[{"name":"wp","href":"https:\/\/api.w.org\/{rel}","templated":true}]}}