{"id":459,"date":"2025-11-18T16:12:46","date_gmt":"2025-11-19T00:12:46","guid":{"rendered":"https:\/\/slforklift.com\/?post_type=product&#038;p=459"},"modified":"2025-12-16T06:41:45","modified_gmt":"2025-12-16T14:41:45","slug":"dsc00936","status":"publish","type":"product","link":"https:\/\/slforklift.com\/es\/product\/dsc00936\/","title":{"rendered":"DSC00936"},"content":{"rendered":"<ol start=\"1\">\n<li>\n<p class=\"ds-markdown-paragraph\"><strong>Incremento Significativo del 20% en la Eficiencia de Producci\u00f3n<\/strong><br \/>\nAl implementar un modo de operaci\u00f3n de l\u00ednea de producci\u00f3n continua y sin interrupciones, el sistema AGV ha eliminado por completo las interrupciones de producci\u00f3n previamente causadas por la manipulaci\u00f3n manual de materiales. Bas\u00e1ndose en un est\u00e1ndar de producci\u00f3n diario de 500 unidades, la eliminaci\u00f3n de 36 minutos de tiempo de inactividad diario ha aumentado la capacidad efectiva a 600 unidades, logrando una mejora notable del 20% en la eficiencia general de la producci\u00f3n. Esta mejora se traduce directamente en un mayor aprovechamiento del equipo y en una mayor producci\u00f3n mensual.<\/p>\n<\/li>\n<li>\n<p class=\"ds-markdown-paragraph\"><strong>Reducci\u00f3n Directa del 7.5% en Costos Laborales Relacionados<\/strong><br \/>\nEn t\u00e9rminos de control de costos, la sustituci\u00f3n de tareas espec\u00edficas de manipulaci\u00f3n de materiales por parte del sistema AGV ha reducido directamente los costos laborales de los puestos relacionados. Bas\u00e1ndose en un salario por hora de 25 RMB por persona, el sistema ahorra el equivalente a 0.6 horas efectivas de trabajo por d\u00eda. Esto representa una reducci\u00f3n directa del 7.5% en el costo laboral total diario para este rol. Adem\u00e1s de reducir los gastos de compensaci\u00f3n directa, esta optimizaci\u00f3n permite reasignar a los empleados a puestos de mayor valor.<\/p>\n<\/li>\n<li>\n<p class=\"ds-markdown-paragraph\"><strong>Reducci\u00f3n Fundamental del 100% en la Intensidad Laboral<\/strong><br \/>\nLa implementaci\u00f3n de los AGV ha liberado completamente a los operadores de tareas repetitivas y f\u00edsicamente exigentes de manipulaci\u00f3n manual. Espec\u00edficamente, para la tarea de \u201ctransferencia de palets en la l\u00ednea de producci\u00f3n\u201d, la intensidad f\u00edsica de trabajo se ha reducido en 100%. Esto no solo refleja una filosof\u00eda de gesti\u00f3n orientada a las personas y mejora el ambiente laboral, sino que tambi\u00e9n sienta una base s\u00f3lida para reducir el riesgo de lesiones en el lugar de trabajo y mejorar la atractividad del empleo.<\/p>\n<\/li>\n<\/ol>\n<p class=\"ds-markdown-paragraph\"><strong>Resumen:<\/strong><br \/>\nEn conclusi\u00f3n, la introducci\u00f3n del sistema de manipulaci\u00f3n de materiales AGV representa una pr\u00e1ctica exitosa de manufactura ajustada. Ha entregado resultados inmediatos en la mejora de la eficiencia (+20%), en la reducci\u00f3n de costos (-7.5%) y en la mejora de las condiciones laborales (-100%), proporcionando experiencia y datos valiosos para apoyar futuras actualizaciones inteligentes integrales.<\/p>","protected":false},"excerpt":{"rendered":"<p>Significant 20% Increase in Production Efficiency By implementing a continuous &#8220;non-stop production line&#8221; operation mode, the AGV system has completely [&hellip;]<\/p>","protected":false},"featured_media":460,"template":"","meta":{"_seopress_robots_primary_cat":"","_seopress_titles_title":"","_seopress_titles_desc":"","_seopress_robots_index":"","_uag_custom_page_level_css":"","site-sidebar-layout":"default","site-content-layout":"","ast-site-content-layout":"default","site-content-style":"default","site-sidebar-style":"default","ast-global-header-display":"","ast-banner-title-visibility":"","ast-main-header-display":"","ast-hfb-above-header-display":"","ast-hfb-below-header-display":"","ast-hfb-mobile-header-display":"","site-post-title":"","ast-breadcrumbs-content":"","ast-featured-img":"","footer-sml-layout":"","ast-disable-related-posts":"","theme-transparent-header-meta":"default","adv-header-id-meta":"","stick-header-meta":"","header-above-stick-meta":"","header-main-stick-meta":"","header-below-stick-meta":"","astra-migrate-meta-layouts":"set","ast-page-background-enabled":"default","ast-page-background-meta":{"desktop":{"background-color":"var(--ast-global-color-5)","background-image":"","background-repeat":"repeat","background-position":"center center","background-size":"auto","background-attachment":"scroll","background-type":"","background-media":"","overlay-type":"","overlay-color":"","overlay-opacity":"","overlay-gradient":""},"tablet":{"background-color":"","background-image":"","background-repeat":"repeat","background-position":"center center","background-size":"auto","background-attachment":"scroll","background-type":"","background-media":"","overlay-type":"","overlay-color":"","overlay-opacity":"","overlay-gradient":""},"mobile":{"background-color":"","background-image":"","background-repeat":"repeat","background-position":"center center","background-size":"auto","background-attachment":"scroll","background-type":"","background-media":"","overlay-type":"","overlay-color":"","overlay-opacity":"","overlay-gradient":""}},"ast-content-background-meta":{"desktop":{"background-color":"var(--ast-global-color-4)","background-image":"","background-repeat":"repeat","background-position":"center center","background-size":"auto","background-attachment":"scroll","background-type":"","background-media":"","overlay-type":"","overlay-color":"","overlay-opacity":"","overlay-gradient":""},"tablet":{"background-color":"var(--ast-global-color-4)","background-image":"","background-repeat":"repeat","background-position":"center center","background-size":"auto","background-attachment":"scroll","background-type":"","background-media":"","overlay-type":"","overlay-color":"","overlay-opacity":"","overlay-gradient":""},"mobile":{"background-color":"var(--ast-global-color-4)","background-image":"","background-repeat":"repeat","background-position":"center center","background-size":"auto","background-attachment":"scroll","background-type":"","background-media":"","overlay-type":"","overlay-color":"","overlay-opacity":"","overlay-gradient":""}}},"product_brand":[],"product_cat":[19],"product_tag":[],"class_list":{"0":"post-459","1":"product","2":"type-product","3":"status-publish","4":"has-post-thumbnail","6":"product_cat-uncategorized","7":"desktop-align-left","8":"tablet-align-left","9":"mobile-align-left","11":"first","12":"instock","13":"shipping-taxable","14":"product-type-simple"},"uagb_featured_image_src":{"full":["https:\/\/slforklift.com\/wp-content\/uploads\/2025\/11\/DSC00936-1-1.webp",800,800,false],"thumbnail":["https:\/\/slforklift.com\/wp-content\/uploads\/2025\/11\/DSC00936-1-1-150x150.webp",150,150,true],"medium":["https:\/\/slforklift.com\/wp-content\/uploads\/2025\/11\/DSC00936-1-1-300x300.webp",300,300,true],"medium_large":["https:\/\/slforklift.com\/wp-content\/uploads\/2025\/11\/DSC00936-1-1-768x768.webp",768,768,true],"large":["https:\/\/slforklift.com\/wp-content\/uploads\/2025\/11\/DSC00936-1-1.webp",800,800,false],"1536x1536":["https:\/\/slforklift.com\/wp-content\/uploads\/2025\/11\/DSC00936-1-1.webp",800,800,false],"2048x2048":["https:\/\/slforklift.com\/wp-content\/uploads\/2025\/11\/DSC00936-1-1.webp",800,800,false],"trp-custom-language-flag":["https:\/\/slforklift.com\/wp-content\/uploads\/2025\/11\/DSC00936-1-1.webp",12,12,false],"woocommerce_thumbnail":["https:\/\/slforklift.com\/wp-content\/uploads\/2025\/11\/DSC00936-1-1-300x300.webp",300,300,true],"woocommerce_single":["https:\/\/slforklift.com\/wp-content\/uploads\/2025\/11\/DSC00936-1-1-600x600.webp",600,600,true],"woocommerce_gallery_thumbnail":["https:\/\/slforklift.com\/wp-content\/uploads\/2025\/11\/DSC00936-1-1-100x100.webp",100,100,true]},"uagb_author_info":{"display_name":"diniu2025@outlook.com","author_link":"https:\/\/slforklift.com\/es\/author\/"},"uagb_comment_info":0,"uagb_excerpt":"Significant 20% Increase in Production Efficiency By implementing a continuous &#8220;non-stop production line&#8221; operation mode, the AGV system has completely [&hellip;]","_links":{"self":[{"href":"https:\/\/slforklift.com\/es\/wp-json\/wp\/v2\/product\/459","targetHints":{"allow":["GET"]}}],"collection":[{"href":"https:\/\/slforklift.com\/es\/wp-json\/wp\/v2\/product"}],"about":[{"href":"https:\/\/slforklift.com\/es\/wp-json\/wp\/v2\/types\/product"}],"version-history":[{"count":0,"href":"https:\/\/slforklift.com\/es\/wp-json\/wp\/v2\/product\/459\/revisions"}],"wp:featuredmedia":[{"embeddable":true,"href":"https:\/\/slforklift.com\/es\/wp-json\/wp\/v2\/media\/460"}],"wp:attachment":[{"href":"https:\/\/slforklift.com\/es\/wp-json\/wp\/v2\/media?parent=459"}],"wp:term":[{"taxonomy":"product_brand","embeddable":true,"href":"https:\/\/slforklift.com\/es\/wp-json\/wp\/v2\/product_brand?post=459"},{"taxonomy":"product_cat","embeddable":true,"href":"https:\/\/slforklift.com\/es\/wp-json\/wp\/v2\/product_cat?post=459"},{"taxonomy":"product_tag","embeddable":true,"href":"https:\/\/slforklift.com\/es\/wp-json\/wp\/v2\/product_tag?post=459"}],"curies":[{"name":"wp","href":"https:\/\/api.w.org\/{rel}","templated":true}]}}