{"id":83,"date":"2025-11-08T10:09:42","date_gmt":"2025-11-08T18:09:42","guid":{"rendered":"https:\/\/slforklift.com\/?post_type=product&#038;p=83"},"modified":"2026-01-07T09:37:29","modified_gmt":"2026-01-07T17:37:29","slug":"truck-hand-pallet-hydraulic-3-ton","status":"publish","type":"product","link":"https:\/\/slforklift.com\/de\/product\/truck-hand-pallet-hydraulic-3-ton\/","title":{"rendered":"Hydraulischer Hand-Palettenwagen 3 Tonnen"},"content":{"rendered":"<h1 data-start=\"160\" data-end=\"197\">LKW-Hand-Paletten-Hydraulik 3 Tonnen<\/h1>\n<p data-start=\"198\" data-end=\"252\"><strong data-start=\"198\" data-end=\"252\">Schwereinsatz- und Industrielle Hand-Palettenwagen-L\u00f6sung<\/strong><\/p>\n<h2 data-start=\"254\" data-end=\"276\">Produktbeschreibung<\/h2>\n<p data-start=\"278\" data-end=\"650\">Das <strong data-start=\"282\" data-end=\"319\">LKW-Hand-Paletten-Hydraulik 3 Tonnen<\/strong> ist eine robuste und zuverl\u00e4ssige Materialtransportl\u00f6sung, die f\u00fcr Lagerh\u00e4user, Fabriken, Logistikzentren und industrielle Umgebungen entwickelt wurde. Diese <strong data-start=\"461\" data-end=\"488\">Hand-Palettenwagen 3 Tonnen<\/strong> kombiniert einen verst\u00e4rkten Stahlrahmen mit einem Hochleistungs-Hydrauliksystem, das stabiles Anheben, sanftes Absenken und langfristige Haltbarkeit bei schweren Lasten gew\u00e4hrleistet.<\/p>\n<p data-start=\"652\" data-end=\"1122\">Als <strong data-start=\"657\" data-end=\"684\">3-Tonnen-Handhubwagen<\/strong>, ist es so konstruiert, dass es anspruchsvolle t\u00e4gliche Eins\u00e4tze bew\u00e4ltigt und eine konstante Leistung f\u00fcr den Palettentransport bietet. Ob als <strong data-start=\"818\" data-end=\"852\">manueller Hand-Palettenwagen 3 Tonnen<\/strong> oder als <strong data-start=\"858\" data-end=\"895\">Hydraulischer Hand-Palettenwagen 3 Tonnen<\/strong>, dieses Modell bietet hervorragende Ladungskontrolle, Sicherheit und Betriebseffizienz. Es ist weithin anerkannt als ein <strong data-start=\"1006\" data-end=\"1044\">3-Tonnen-Schwerlast-Hand-Palettenwagen<\/strong> und ein <strong data-start=\"1051\" data-end=\"1089\">3-Tonnen-Industrieller Hand-Palettenwagen<\/strong> geeignet f\u00fcr globale B2B-M\u00e4rkte.<\/p>\n<p><img alt=\"\" fetchpriority=\"high\" decoding=\"async\" class=\"wp-image-86 aligncenter\" src=\"https:\/\/slforklift.com\/wp-content\/uploads\/2025\/11\/Hand-Pallet-Truck-3.0T-red-5.jpg\" width=\"600\" height=\"600\" srcset=\"https:\/\/slforklift.com\/wp-content\/uploads\/2025\/11\/Hand-Pallet-Truck-3.0T-red-5.jpg 800w, https:\/\/slforklift.com\/wp-content\/uploads\/2025\/11\/Hand-Pallet-Truck-3.0T-red-5-300x300.jpg 300w, https:\/\/slforklift.com\/wp-content\/uploads\/2025\/11\/Hand-Pallet-Truck-3.0T-red-5-100x100.jpg 100w, https:\/\/slforklift.com\/wp-content\/uploads\/2025\/11\/Hand-Pallet-Truck-3.0T-red-5-600x600.jpg 600w, https:\/\/slforklift.com\/wp-content\/uploads\/2025\/11\/Hand-Pallet-Truck-3.0T-red-5-150x150.jpg 150w, https:\/\/slforklift.com\/wp-content\/uploads\/2025\/11\/Hand-Pallet-Truck-3.0T-red-5-768x768.jpg 768w\" sizes=\"(max-width: 600px) 100vw, 600px\" \/><\/p>\n<h2 data-start=\"1129\" data-end=\"1148\">Produktmerkmale<\/h2>\n<ul data-start=\"1150\" data-end=\"1790\">\n<li data-start=\"1150\" data-end=\"1242\">\n<p data-start=\"1152\" data-end=\"1242\"><strong data-start=\"1152\" data-end=\"1189\">Einfache Drei-Geschwindigkeiten-Steuerungshandgriff<\/strong> f\u00fcr pr\u00e4zises Anheben, Neutral- und Absenksteuerung<\/p>\n<\/li>\n<li data-start=\"1243\" data-end=\"1351\">\n<p data-start=\"1245\" data-end=\"1351\"><strong data-start=\"1245\" data-end=\"1272\">Integrierte Guss-Pumpe<\/strong>, R\u00fccklauf\u00f6lger\u00e4t und Sicherheits-Entlastungsventil f\u00fcr stabile hydraulische Leistung<\/p>\n<\/li>\n<li data-start=\"1352\" data-end=\"1424\">\n<p data-start=\"1354\" data-end=\"1424\"><strong data-start=\"1354\" data-end=\"1390\">Hoch ausgewogenes verst\u00e4rktes Rahmen<\/strong> sichert St\u00e4rke und Haltbarkeit<\/p>\n<\/li>\n<li data-start=\"1425\" data-end=\"1509\">\n<p data-start=\"1427\" data-end=\"1509\"><strong data-start=\"1427\" data-end=\"1457\">Kontrollierte Abstiegsgeschwindigkeit<\/strong> mit langsamer und sanfter Absenkung f\u00fcr erh\u00f6hte Sicherheit<\/p>\n<\/li>\n<li data-start=\"1510\" data-end=\"1587\">\n<p data-start=\"1512\" data-end=\"1587\"><strong data-start=\"1512\" data-end=\"1531\">Optionale R\u00e4der<\/strong>: Nylonrad, Polyurethan (PU) Rad oder Stahlrad<\/p>\n<\/li>\n<li data-start=\"1588\" data-end=\"1691\">\n<p data-start=\"1590\" data-end=\"1691\"><strong data-start=\"1590\" data-end=\"1640\">Spezielle Anforderungen k\u00f6nnen verhandelt und erf\u00fcllt werden<\/strong> (Gabelgr\u00f6\u00dfe, Farbe, Markenbildung, Lastrollenoptionen)<\/p>\n<\/li>\n<li data-start=\"1692\" data-end=\"1790\">\n<p data-start=\"1694\" data-end=\"1790\"><strong data-start=\"1694\" data-end=\"1745\">5000 Hebevorg\u00e4nge ohne Verformung bei Nennlast<\/strong>, was eine lange Lebensdauer und Zuverl\u00e4ssigkeit beweist<\/p>\n<\/li>\n<\/ul>\n<p data-start=\"1792\" data-end=\"1978\">Beliebte Konfigurationen umfassen <strong data-start=\"1823\" data-end=\"1869\">Hydraulischer Handhubwagen mit 3 Tonnen Kapazit\u00e4t<\/strong> und <strong data-start=\"1874\" data-end=\"1952\">Hydraulischer Handhubwagen mit 3 Tonnen Preis, Schwerlast-Handhubwagen 3 Tonnen<\/strong> Modelle f\u00fcr intensive Nutzung.<\/p>\n<h4><strong><b>Shenli <\/b><\/strong><strong><b>3.0<\/b><\/strong><strong><b>T Hydraulischer Hand Palettenwagen Parameter (Spezifikation)<\/b><\/strong><\/h4>\n<h2 data-start=\"1985\" data-end=\"2008\">Produktanwendungen<\/h2>\n<p data-start=\"2010\" data-end=\"2096\">Dies <strong data-start=\"2015\" data-end=\"2042\">3-Tonnen-Handhubwagen<\/strong> ist ideal f\u00fcr eine Vielzahl von Anwendungen, einschlie\u00dflich:<\/p>\n<ul data-start=\"2098\" data-end=\"2348\">\n<li data-start=\"2098\" data-end=\"2137\">\n<p data-start=\"2100\" data-end=\"2137\">Lagerh\u00e4user und Vertriebszentren<\/p>\n<\/li>\n<li data-start=\"2138\" data-end=\"2176\">\n<p data-start=\"2140\" data-end=\"2176\">Fertigungsanlagen und Werkst\u00e4tten<\/p>\n<\/li>\n<li data-start=\"2177\" data-end=\"2222\">\n<p data-start=\"2179\" data-end=\"2222\">Logistik- und Frachtabwicklung<\/p>\n<\/li>\n<li data-start=\"2223\" data-end=\"2268\">\n<p data-start=\"2225\" data-end=\"2268\">Einzelhandels-Backrooms und Gro\u00dfhandelsanlagen<\/p>\n<\/li>\n<li data-start=\"2269\" data-end=\"2348\">\n<p data-start=\"2271\" data-end=\"2348\">Export- und Industrieprojekte, die eine <strong data-start=\"2312\" data-end=\"2348\">3-Tonnen-Handgabelhubwagen-Kapazit\u00e4t<\/strong><\/p>\n<\/li>\n<\/ul>\n<p data-start=\"2350\" data-end=\"2588\">Es wird h\u00e4ufig auf internationalen M\u00e4rkten wie <strong data-start=\"2403\" data-end=\"2439\">3-Tonnen-Handgabelhubwagen in Deutschland<\/strong>, <strong data-start=\"2441\" data-end=\"2488\">Handgabelhubwagen 3 Tonnen Preis in Bangladesch<\/strong>, und S\u00fcdostasien, wo K\u00e4ufer vergleichen <strong data-start=\"2531\" data-end=\"2564\">Preis f\u00fcr Handgabelhubwagen 3 Tonnen<\/strong> f\u00fcr Beschaffungsentscheidungen.<\/p>\n<hr data-start=\"2590\" data-end=\"2593\" \/>\n<h2 data-start=\"2595\" data-end=\"2628\">R\u00e4der &amp; Konfigurationsoptionen<\/h2>\n<p data-start=\"2630\" data-end=\"2929\">Um unterschiedlichen Betriebsbedingungen gerecht zu werden, unterst\u00fctzt dieses Modell mehrere Radoptionen, einschlie\u00dflich <strong data-start=\"2724\" data-end=\"2793\">3 Polyurethan-Laderr\u00e4der, globaler Handgabelhubwagen Seriennummer e682577<\/strong>, Nylonr\u00e4der und Stahlr\u00e4der. Kunden k\u00f6nnen Konfigurationen basierend auf Bodenbedingungen, Ger\u00e4uschanforderungen und Belastungsintensit\u00e4t w\u00e4hlen.<\/p>\n<hr data-start=\"2931\" data-end=\"2934\" \/>\n<h2 data-start=\"2936\" data-end=\"2967\">Qualit\u00e4tssicherung &amp; Garantie<\/h2>\n<p data-start=\"2969\" data-end=\"3281\">Jede <strong data-start=\"2975\" data-end=\"3012\">LKW-Hand-Paletten-Hydraulik 3 Tonnen<\/strong> wird unter strengen Qualit\u00e4tskontrollstandards hergestellt. Jede Einheit durchl\u00e4uft Belastungstests und hydraulische Inspektionen vor der Lieferung. Wir bieten eine Standardgarantie, die die strukturelle Integrit\u00e4t und hydraulische Komponenten abdeckt, um Vertrauen f\u00fcr eine langfristige B2B-Zusammenarbeit zu gew\u00e4hrleisten.<\/p>\n<hr data-start=\"3283\" data-end=\"3286\" \/>\n<h2 data-start=\"3288\" data-end=\"3317\">Preisgestaltung &amp; Marktreferenz<\/h2>\n<p data-start=\"3319\" data-end=\"3666\">Preise f\u00fcr dieses <strong data-start=\"3336\" data-end=\"3369\">Handhubwagen 3 Tonnen Preis<\/strong> variiert je nach Konfiguration, Radtyp, Bestellmenge und Anpassung. K\u00e4ufer vergleichen oft <strong data-start=\"3469\" data-end=\"3502\">3 Tonnen Handhubwagen Preis<\/strong>, <strong data-start=\"3504\" data-end=\"3547\">Hydraulischer Handhubwagen 3 Tonnen Preis<\/strong>, und regionale Referenzen wie <strong data-start=\"3581\" data-end=\"3628\">Handgabelhubwagen 3 Tonnen Preis in Bangladesch<\/strong> or <strong data-start=\"3632\" data-end=\"3665\">Preis f\u00fcr Handgabelhubwagen 3 Tonnen<\/strong>.<\/p>\n<p data-start=\"3668\" data-end=\"3932\">Unser direkt vom Werk bezogener Vorrat bietet wettbewerbsf\u00e4hige Alternativen zu bekannten Marken wie <strong data-start=\"3755\" data-end=\"3789\">Godrej Handhubwagen 3 Tonnen<\/strong>, <strong data-start=\"3791\" data-end=\"3827\">Nilkamal Handhubwagen 3 Tonnen<\/strong>, und <strong data-start=\"3833\" data-end=\"3873\">ITI Handhubwagen 3 Tonnen 685\u00d71150<\/strong>, w\u00e4hrend zuverl\u00e4ssige Qualit\u00e4t und stabile Lieferzeiten gewahrt bleiben.<\/p>\n<hr data-start=\"3934\" data-end=\"3937\" \/>\n<h2 data-start=\"3939\" data-end=\"3959\">OEM \/ ODM Unterst\u00fctzung<\/h2>\n<p data-start=\"3961\" data-end=\"4154\">Wir unterst\u00fctzen OEM- und ODM-Produktion f\u00fcr <strong data-start=\"3999\" data-end=\"4045\">Hydraulischer Handhubwagen mit 3 Tonnen Kapazit\u00e4t<\/strong> Modelle, einschlie\u00dflich ma\u00dfgeschneiderter Gabelgr\u00f6\u00dfen, Markenbildung, Verpackung und Spezifikationen, um den Marktbed\u00fcrfnissen gerecht zu werden.<\/p>\n<figure id=\"attachment_246\" aria-describedby=\"caption-attachment-246\" style=\"width: 600px\" class=\"wp-caption aligncenter\"><img decoding=\"async\" class=\"wp-image-246\" src=\"https:\/\/slforklift.com\/wp-content\/uploads\/2025\/11\/Hand-Pallet-Truck-Details-1.jpg\" alt=\"Anleitung f\u00fcr hydraulischen Handhubwagen\" width=\"600\" height=\"849\" srcset=\"https:\/\/slforklift.com\/wp-content\/uploads\/2025\/11\/Hand-Pallet-Truck-Details-1.jpg 1280w, https:\/\/slforklift.com\/wp-content\/uploads\/2025\/11\/Hand-Pallet-Truck-Details-1-212x300.jpg 212w, https:\/\/slforklift.com\/wp-content\/uploads\/2025\/11\/Hand-Pallet-Truck-Details-1-724x1024.jpg 724w, https:\/\/slforklift.com\/wp-content\/uploads\/2025\/11\/Hand-Pallet-Truck-Details-1-768x1087.jpg 768w, https:\/\/slforklift.com\/wp-content\/uploads\/2025\/11\/Hand-Pallet-Truck-Details-1-1086x1536.jpg 1086w, https:\/\/slforklift.com\/wp-content\/uploads\/2025\/11\/Hand-Pallet-Truck-Details-1-600x849.jpg 600w\" sizes=\"(max-width: 600px) 100vw, 600px\" \/><figcaption id=\"caption-attachment-246\" class=\"wp-caption-text\">Anleitung f\u00fcr hydraulischen Handhubwagen<\/figcaption><\/figure>\n<p><strong>Shenli <\/strong><strong>3.0<\/strong><strong>Details zum hydraulischen Handhubwagen:<\/strong><\/p>\n<figure id=\"attachment_322\" aria-describedby=\"caption-attachment-322\" style=\"width: 600px\" class=\"wp-caption aligncenter\"><img decoding=\"async\" class=\"wp-image-322 size-full\" src=\"https:\/\/slforklift.com\/wp-content\/uploads\/2025\/11\/Hand-Pallet-Truck-Details3.webp\" alt=\"Anleitung f\u00fcr hydraulischen Handhubwagen\" width=\"600\" height=\"600\" srcset=\"https:\/\/slforklift.com\/wp-content\/uploads\/2025\/11\/Hand-Pallet-Truck-Details3.webp 600w, https:\/\/slforklift.com\/wp-content\/uploads\/2025\/11\/Hand-Pallet-Truck-Details3-300x300.webp 300w, https:\/\/slforklift.com\/wp-content\/uploads\/2025\/11\/Hand-Pallet-Truck-Details3-150x150.webp 150w, https:\/\/slforklift.com\/wp-content\/uploads\/2025\/11\/Hand-Pallet-Truck-Details3-100x100.webp 100w\" sizes=\"(max-width: 600px) 100vw, 600px\" \/><figcaption id=\"caption-attachment-322\" class=\"wp-caption-text\">Anleitung f\u00fcr hydraulischen Handhubwagen<\/figcaption><\/figure>","protected":false},"excerpt":{"rendered":"<p>Shenli ist ein gro\u00df angelegter Hersteller und Lieferant von 2,5T Hydraulischen Hand Palettenwagen in China. Wir sind seit vielen Jahren auf Ladungshandhabungsausr\u00fcstung spezialisiert. Als Fabrik bieten wir Preisvorteile, OEM- &amp; ODM-F\u00e4higkeiten, ein strenges Qualit\u00e4tskontrollsystem und einen guten Verkaufs- und After-Sales-Service, was uns viele Kunden auf der ganzen Welt bringt. Wir freuen uns darauf, Ihr langfristiger Partner in China zu werden.<\/p>","protected":false},"featured_media":406,"template":"","meta":{"_seopress_robots_primary_cat":"none","_seopress_titles_title":"Truck Hand Pallet Hydraulic 3 Ton | Heavy Duty Pallet Truck","_seopress_titles_desc":"Truck hand pallet hydraulic 3 ton with reinforced frame and stable hydraulic system. Heavy duty hand pallet truck for warehouse and industrial use.","_seopress_robots_index":"","_uag_custom_page_level_css":"","site-sidebar-layout":"default","site-content-layout":"","ast-site-content-layout":"default","site-content-style":"default","site-sidebar-style":"default","ast-global-header-display":"","ast-banner-title-visibility":"","ast-main-header-display":"","ast-hfb-above-header-display":"","ast-hfb-below-header-display":"","ast-hfb-mobile-header-display":"","site-post-title":"","ast-breadcrumbs-content":"","ast-featured-img":"","footer-sml-layout":"","ast-disable-related-posts":"","theme-transparent-header-meta":"default","adv-header-id-meta":"","stick-header-meta":"","header-above-stick-meta":"","header-main-stick-meta":"","header-below-stick-meta":"","astra-migrate-meta-layouts":"set","ast-page-background-enabled":"default","ast-page-background-meta":{"desktop":{"background-color":"var(--ast-global-color-5)","background-image":"","background-repeat":"repeat","background-position":"center center","background-size":"auto","background-attachment":"scroll","background-type":"","background-media":"","overlay-type":"","overlay-color":"","overlay-opacity":"","overlay-gradient":""},"tablet":{"background-color":"","background-image":"","background-repeat":"repeat","background-position":"center center","background-size":"auto","background-attachment":"scroll","background-type":"","background-media":"","overlay-type":"","overlay-color":"","overlay-opacity":"","overlay-gradient":""},"mobile":{"background-color":"","background-image":"","background-repeat":"repeat","background-position":"center center","background-size":"auto","background-attachment":"scroll","background-type":"","background-media":"","overlay-type":"","overlay-color":"","overlay-opacity":"","overlay-gradient":""}},"ast-content-background-meta":{"desktop":{"background-color":"var(--ast-global-color-4)","background-image":"","background-repeat":"repeat","background-position":"center center","background-size":"auto","background-attachment":"scroll","background-type":"","background-media":"","overlay-type":"","overlay-color":"","overlay-opacity":"","overlay-gradient":""},"tablet":{"background-color":"var(--ast-global-color-4)","background-image":"","background-repeat":"repeat","background-position":"center center","background-size":"auto","background-attachment":"scroll","background-type":"","background-media":"","overlay-type":"","overlay-color":"","overlay-opacity":"","overlay-gradient":""},"mobile":{"background-color":"var(--ast-global-color-4)","background-image":"","background-repeat":"repeat","background-position":"center center","background-size":"auto","background-attachment":"scroll","background-type":"","background-media":"","overlay-type":"","overlay-color":"","overlay-opacity":"","overlay-gradient":""}}},"product_brand":[],"product_cat":[28],"product_tag":[24],"class_list":{"0":"post-83","1":"product","2":"type-product","3":"status-publish","4":"has-post-thumbnail","6":"product_cat-3-0-tonnes","7":"product_tag-hand-pallet-truck","8":"desktop-align-left","9":"tablet-align-left","10":"mobile-align-left","12":"first","13":"instock","14":"shipping-taxable","15":"product-type-simple"},"uagb_featured_image_src":{"full":["https:\/\/slforklift.com\/wp-content\/uploads\/2025\/11\/Hand-Pallet-Truck-3.0T-red-1-1.webp",800,800,false],"thumbnail":["https:\/\/slforklift.com\/wp-content\/uploads\/2025\/11\/Hand-Pallet-Truck-3.0T-red-1-1-150x150.webp",150,150,true],"medium":["https:\/\/slforklift.com\/wp-content\/uploads\/2025\/11\/Hand-Pallet-Truck-3.0T-red-1-1-300x300.webp",300,300,true],"medium_large":["https:\/\/slforklift.com\/wp-content\/uploads\/2025\/11\/Hand-Pallet-Truck-3.0T-red-1-1-768x768.webp",768,768,true],"large":["https:\/\/slforklift.com\/wp-content\/uploads\/2025\/11\/Hand-Pallet-Truck-3.0T-red-1-1.webp",800,800,false],"1536x1536":["https:\/\/slforklift.com\/wp-content\/uploads\/2025\/11\/Hand-Pallet-Truck-3.0T-red-1-1.webp",800,800,false],"2048x2048":["https:\/\/slforklift.com\/wp-content\/uploads\/2025\/11\/Hand-Pallet-Truck-3.0T-red-1-1.webp",800,800,false],"trp-custom-language-flag":["https:\/\/slforklift.com\/wp-content\/uploads\/2025\/11\/Hand-Pallet-Truck-3.0T-red-1-1.webp",12,12,false],"woocommerce_thumbnail":["https:\/\/slforklift.com\/wp-content\/uploads\/2025\/11\/Hand-Pallet-Truck-3.0T-red-1-1-300x300.webp",300,300,true],"woocommerce_single":["https:\/\/slforklift.com\/wp-content\/uploads\/2025\/11\/Hand-Pallet-Truck-3.0T-red-1-1-600x600.webp",600,600,true],"woocommerce_gallery_thumbnail":["https:\/\/slforklift.com\/wp-content\/uploads\/2025\/11\/Hand-Pallet-Truck-3.0T-red-1-1-100x100.webp",100,100,true]},"uagb_author_info":{"display_name":"diniu2025@outlook.com","author_link":"https:\/\/slforklift.com\/de\/author\/"},"uagb_comment_info":0,"uagb_excerpt":"Shenli is a large-scale 3.0T Hydraulic Hand Pallet Truck manufacturer and supplier in China.We have been specialized in Cargo handling equipment for many years.As a factory,the price advantage, OEM&amp;ODM capability,strict quality control system and good sales-after service bring us so many clients all over the world.We look forward to becoming your long-term partner in China.","_links":{"self":[{"href":"https:\/\/slforklift.com\/de\/wp-json\/wp\/v2\/product\/83","targetHints":{"allow":["GET"]}}],"collection":[{"href":"https:\/\/slforklift.com\/de\/wp-json\/wp\/v2\/product"}],"about":[{"href":"https:\/\/slforklift.com\/de\/wp-json\/wp\/v2\/types\/product"}],"version-history":[{"count":2,"href":"https:\/\/slforklift.com\/de\/wp-json\/wp\/v2\/product\/83\/revisions"}],"predecessor-version":[{"id":712,"href":"https:\/\/slforklift.com\/de\/wp-json\/wp\/v2\/product\/83\/revisions\/712"}],"wp:featuredmedia":[{"embeddable":true,"href":"https:\/\/slforklift.com\/de\/wp-json\/wp\/v2\/media\/406"}],"wp:attachment":[{"href":"https:\/\/slforklift.com\/de\/wp-json\/wp\/v2\/media?parent=83"}],"wp:term":[{"taxonomy":"product_brand","embeddable":true,"href":"https:\/\/slforklift.com\/de\/wp-json\/wp\/v2\/product_brand?post=83"},{"taxonomy":"product_cat","embeddable":true,"href":"https:\/\/slforklift.com\/de\/wp-json\/wp\/v2\/product_cat?post=83"},{"taxonomy":"product_tag","embeddable":true,"href":"https:\/\/slforklift.com\/de\/wp-json\/wp\/v2\/product_tag?post=83"}],"curies":[{"name":"wp","href":"https:\/\/api.w.org\/{rel}","templated":true}]}}