{"id":78,"date":"2025-11-08T10:05:41","date_gmt":"2025-11-08T18:05:41","guid":{"rendered":"https:\/\/slforklift.com\/?post_type=product&#038;p=78"},"modified":"2026-01-04T05:01:39","modified_gmt":"2026-01-04T13:01:39","slug":"truck-hand-pallet-hydraulic-2-5-ton","status":"publish","type":"product","link":"https:\/\/slforklift.com\/de\/product\/truck-hand-pallet-hydraulic-2-5-ton\/","title":{"rendered":"Hydraulischer Hand-Palettenwagen 2,5 Tonnen\u200b"},"content":{"rendered":"<h2 data-start=\"127\" data-end=\"167\">LKW-Handpalette hydraulisch 2,5 Tonnen<\/h2>\n<h3 data-start=\"168\" data-end=\"238\">2500kg Palettenwagen | Hydraulischer Handpalettenwagen mit 2,5 Tonnen Kapazit\u00e4t<\/h3>\n<h3 data-start=\"240\" data-end=\"265\">Produktbeschreibung<\/h3>\n<p data-start=\"266\" data-end=\"691\">Das <strong data-start=\"270\" data-end=\"309\">LKW-Handpalette hydraulisch 2,5 Tonnen<\/strong> ist eine schwere Lastenhandhabungsl\u00f6sung, die f\u00fcr den effizienten Palettentransport in Lagern, Fabriken, Logistikzentren und Einzelhandelsverteilungsumgebungen entwickelt wurde.<br data-start=\"480\" data-end=\"483\" \/>Dies <strong data-start=\"488\" data-end=\"517\">2,5-Tonnen-Handpalettenwagen<\/strong> kombiniert einen robusten Stahlrahmen mit einem Hochleistungs-Hydrauliksystem, das stabiles Heben, sanftes Absenken und langfristige Haltbarkeit bei intensiver t\u00e4glicher Nutzung bietet.<\/p>\n<p data-start=\"693\" data-end=\"990\">Mit einer Nennladung von <strong data-start=\"714\" data-end=\"737\">2500kg Palettenwagen<\/strong>, diese <strong data-start=\"744\" data-end=\"792\">hydraulischer Handpalettenwagen mit 2,5 Tonnen Kapazit\u00e4t<\/strong> ist so konzipiert, dass er internationalen Industriestandards entspricht und wird weltweit als <strong data-start=\"874\" data-end=\"897\">Palettenheber 2,5 Tonnen<\/strong>, <strong data-start=\"899\" data-end=\"933\">hydraulischer Palettenwagen 2,5 Tonnen<\/strong>oder <strong data-start=\"938\" data-end=\"967\">hydraulischer Trolley 2,5 Tonnen<\/strong> auf globalen M\u00e4rkten eingesetzt.<\/p>\n<hr data-start=\"992\" data-end=\"995\" \/>\n<h2 data-start=\"997\" data-end=\"1022\">Produktanwendungen<\/h2>\n<p data-start=\"1023\" data-end=\"1141\">Das <strong data-start=\"1027\" data-end=\"1066\">Hydraulischer Handpalettenwagen mit 2,5 Tonnen Kapazit\u00e4t<\/strong> ist geeignet f\u00fcr eine Vielzahl von Materialhandhabungsanwendungen, einschlie\u00dflich:<\/p>\n<ul data-start=\"1143\" data-end=\"1351\">\n<li data-start=\"1143\" data-end=\"1183\">\n<p data-start=\"1145\" data-end=\"1183\">Lagerh\u00e4user und Verteilzentren<\/p>\n<\/li>\n<li data-start=\"1184\" data-end=\"1226\">\n<p data-start=\"1186\" data-end=\"1226\">Lebensmittelverarbeitungs- und Getr\u00e4nkehersteller<\/p>\n<\/li>\n<li data-start=\"1227\" data-end=\"1265\">\n<p data-start=\"1229\" data-end=\"1265\">Fertigungsanlagen und Werkst\u00e4tten<\/p>\n<\/li>\n<li data-start=\"1266\" data-end=\"1304\">\n<p data-start=\"1268\" data-end=\"1304\">Superm\u00e4rkte und Gro\u00dfm\u00e4rkte<\/p>\n<\/li>\n<li data-start=\"1305\" data-end=\"1351\">\n<p data-start=\"1307\" data-end=\"1351\">Containerbeladungs- und -entladungsoperationen<\/p>\n<\/li>\n<\/ul>\n<p data-start=\"1353\" data-end=\"1547\">In Einrichtungen, die vertikales Stapeln oder h\u00f6here Hebeoperationen erfordern, kann dieses Modell auch mit einem <strong data-start=\"1464\" data-end=\"1512\">Handstapler 2,5 m hoher Gabelstapler-Palettenwagen<\/strong> f\u00fcr verbesserte Handhabungsflexibilit\u00e4t kombiniert werden.<\/p>\n<hr data-start=\"1549\" data-end=\"1552\" \/>\n<h2 data-start=\"1554\" data-end=\"1575\">Produktmerkmale<\/h2>\n<ul data-start=\"1577\" data-end=\"2533\">\n<li data-start=\"1577\" data-end=\"1708\">\n<p data-start=\"1579\" data-end=\"1708\"><strong data-start=\"1579\" data-end=\"1616\">Einfache Drei-Geschwindigkeiten-Steuerungshandgriff<\/strong><br data-start=\"1616\" data-end=\"1619\" \/>Erm\u00f6glicht Heben, Neutral- und Absenkfunktionen mit pr\u00e4ziser und m\u00fcheloser Bedienung.<\/p>\n<\/li>\n<li data-start=\"1710\" data-end=\"1872\">\n<p data-start=\"1712\" data-end=\"1872\"><strong data-start=\"1712\" data-end=\"1782\">*Integrierte Gie\u00dfpumpen, R\u00fccklauf\u00f6lvorrichtung und Sicherheits-Entlastungsventil.<\/strong><br data-start=\"1782\" data-end=\"1785\" \/>Sichert stabile hydraulische Leistung, \u00dcberlastschutz und verl\u00e4ngerte Lebensdauer.<\/p>\n<\/li>\n<li data-start=\"1874\" data-end=\"1995\">\n<p data-start=\"1876\" data-end=\"1995\"><strong data-start=\"1876\" data-end=\"1912\">Hoch ausgewogenes verst\u00e4rktes Rahmen<\/strong><br data-start=\"1912\" data-end=\"1915\" \/>Entwickelt f\u00fcr hohe Ladestabilit\u00e4t, um Verformungen bei langfristigem Gebrauch zu verhindern.<\/p>\n<\/li>\n<li data-start=\"1997\" data-end=\"2122\">\n<p data-start=\"1999\" data-end=\"2122\"><strong data-start=\"1999\" data-end=\"2043\">Kontrollierte Abstiegsgeschwindigkeit, langsamer Abstieg<\/strong><br data-start=\"2043\" data-end=\"2046\" \/>Garantiert ein reibungsloses und sicheres Absenken der G\u00fcter, reduziert das Risiko von Ladungssch\u00e4den.<\/p>\n<\/li>\n<li data-start=\"2124\" data-end=\"2266\">\n<p data-start=\"2126\" data-end=\"2266\"><strong data-start=\"2126\" data-end=\"2196\">Optionale R\u00e4der: Nylonrad, Polyurethan (PU) Rad, Stahlrad<\/strong><br data-start=\"2196\" data-end=\"2199\" \/>Anpassbar an unterschiedliche Bodenbedingungen und Arbeitsumgebungen.<\/p>\n<\/li>\n<li data-start=\"2268\" data-end=\"2401\">\n<p data-start=\"2270\" data-end=\"2401\"><strong data-start=\"2270\" data-end=\"2320\">Spezielle Anforderungen k\u00f6nnen verhandelt und erf\u00fcllt werden<\/strong><br data-start=\"2320\" data-end=\"2323\" \/>Ma\u00dfgeschneiderte Spezifikationen, Abmessungen oder Konfigurationen auf Anfrage erh\u00e4ltlich.<\/p>\n<\/li>\n<li data-start=\"2403\" data-end=\"2533\">\n<p data-start=\"2405\" data-end=\"2533\"><strong data-start=\"2405\" data-end=\"2456\">5000 Hebevorg\u00e4nge ohne Verformung bei Nennlast<\/strong><br data-start=\"2456\" data-end=\"2459\" \/>Bew\u00e4hrte Haltbarkeit und strukturelle Integrit\u00e4t f\u00fcr intensive industrielle Nutzung.<\/p>\n<\/li>\n<\/ul>\n<hr data-start=\"2535\" data-end=\"2538\" \/>\n<h2 data-start=\"2540\" data-end=\"2563\">Produktvorteile<\/h2>\n<p data-start=\"2564\" data-end=\"2643\">Verglichen mit Standard-Palettenwagen bietet die <strong data-start=\"2606\" data-end=\"2635\">Handpalettenwagen 2,5 Tonnen<\/strong> folgendes:<\/p>\n<ul data-start=\"2645\" data-end=\"2878\">\n<li data-start=\"2645\" data-end=\"2695\">\n<p data-start=\"2647\" data-end=\"2695\">St\u00e4rkere Tragf\u00e4higkeit und Rahmenverst\u00e4rkung<\/p>\n<\/li>\n<li data-start=\"2696\" data-end=\"2736\">\n<p data-start=\"2698\" data-end=\"2736\">Stabileres hydraulisches Hebesystem<\/p>\n<\/li>\n<li data-start=\"2737\" data-end=\"2796\">\n<p data-start=\"2739\" data-end=\"2796\">Geringere Wartungskosten und l\u00e4ngere Lebensdauer im Betrieb<\/p>\n<\/li>\n<li data-start=\"2797\" data-end=\"2878\">\n<p data-start=\"2799\" data-end=\"2878\">Wettbewerbsf\u00e4hig <strong data-start=\"2811\" data-end=\"2846\">Handgabelhubwagen 2,5 Tonnen Preis<\/strong> f\u00fcr Gro\u00df- und Gro\u00dfhandelskunden<\/p>\n<\/li>\n<\/ul>\n<p data-start=\"2880\" data-end=\"3038\">Dies macht es zu einer idealen Wahl f\u00fcr K\u00e4ufer, die eine zuverl\u00e4ssige <strong data-start=\"2940\" data-end=\"2979\">Hydraulischer Handhubwagen 2,5 Tonnen<\/strong> mit gleichbleibender Leistung und hervorragender Kosteneffizienz suchen.<\/p>\n<hr data-start=\"3040\" data-end=\"3043\" \/>\n<h2 data-start=\"3045\" data-end=\"3078\">Qualit\u00e4tssicherung &amp; Garantie<\/h2>\n<p data-start=\"3079\" data-end=\"3194\">Jeder <strong data-start=\"3084\" data-end=\"3123\">LKW-Handpalette hydraulisch 2,5 Tonnen<\/strong> wird unter strengen Qualit\u00e4tskontrollverfahren hergestellt.<br data-start=\"3180\" data-end=\"3183\" \/>Wir bieten:<\/p>\n<ul data-start=\"3196\" data-end=\"3339\">\n<li data-start=\"3196\" data-end=\"3234\">\n<p data-start=\"3198\" data-end=\"3234\">Werksinspektion vor Versand<\/p>\n<\/li>\n<li data-start=\"3235\" data-end=\"3272\">\n<p data-start=\"3237\" data-end=\"3272\">Belastungstest bei Nennkapazit\u00e4t<\/p>\n<\/li>\n<li data-start=\"3273\" data-end=\"3339\">\n<p data-start=\"3275\" data-end=\"3339\">Garantieabdeckung f\u00fcr zentrale strukturelle und hydraulische Komponenten<\/p>\n<\/li>\n<\/ul>\n<p data-start=\"3341\" data-end=\"3450\">Unser Engagement stellt sicher, dass jeder <strong data-start=\"3370\" data-end=\"3393\">Palettenheber 2,5 Tonnen<\/strong> stabile Leistung w\u00e4hrend seiner gesamten Lebensdauer liefert.<\/p>\n<hr data-start=\"3452\" data-end=\"3455\" \/>\n<h2 data-start=\"3457\" data-end=\"3507\">Warum unseren 2,5-Tonnen-Hydraulik-Palettenwagen w\u00e4hlen<\/h2>\n<ul data-start=\"3508\" data-end=\"3708\">\n<li data-start=\"3508\" data-end=\"3542\">\n<p data-start=\"3510\" data-end=\"3542\">Bew\u00e4hrtes industrielles Design<\/p>\n<\/li>\n<li data-start=\"3543\" data-end=\"3587\">\n<p data-start=\"3545\" data-end=\"3587\">Flexible R\u00e4der- und Anpassungsoptionen<\/p>\n<\/li>\n<li data-start=\"3588\" data-end=\"3637\">\n<p data-start=\"3590\" data-end=\"3637\">Stabile Versorgung f\u00fcr Export- und Gro\u00dfhandelsbestellungen<\/p>\n<\/li>\n<li data-start=\"3638\" data-end=\"3708\">\n<p data-start=\"3640\" data-end=\"3708\">Wettbewerbsf\u00e4hige globale Preise f\u00fcr <strong data-start=\"3670\" data-end=\"3699\">2,5-Tonnen-Handpalettenwagen<\/strong> Modelle<\/p>\n<\/li>\n<\/ul>\n<p data-start=\"3710\" data-end=\"3859\">F\u00fcr K\u00e4ufer, die nach einem zuverl\u00e4ssigen <strong data-start=\"3746\" data-end=\"3780\">hydraulischer Palettenwagen 2,5 Tonnen<\/strong>, bietet dieses Modell die ideale Balance zwischen St\u00e4rke, Sicherheit und langfristigem Wert.<\/p>\n<h4><strong><b>Produktmerkmale:<\/b><\/strong><\/h4>\n<p>*Einfacher Drei-Gang-Steuergriff<\/p>\n<p>*Integrierte Gie\u00dfpumpen, R\u00fccklauf\u00f6lvorrichtung und Sicherheits-Entlastungsventil.<\/p>\n<p>*Hoch ausgewogener verst\u00e4rkter Rahmen<\/p>\n<p>*Kontrollierte Abstiegsgeschwindigkeit, langsamer Abstieg<\/p>\n<p>*Optionale R\u00e4der: Nylonrad, Polyurethan(PU)-Rad, Stahlrad<\/p>\n<p>*Spezielle Anforderungen k\u00f6nnen verhandelt und erf\u00fcllt werden<\/p>\n<p>*5000 Hebevorg\u00e4nge ohne Verformung bei Nennlast<\/p>\n<figure id=\"attachment_246\" aria-describedby=\"caption-attachment-246\" style=\"width: 600px\" class=\"wp-caption aligncenter\"><img fetchpriority=\"high\" decoding=\"async\" class=\"wp-image-246\" src=\"https:\/\/slforklift.com\/wp-content\/uploads\/2025\/11\/Hand-Pallet-Truck-Details-1.jpg\" alt=\"Anleitung f\u00fcr hydraulischen Handhubwagen\" width=\"600\" height=\"849\" srcset=\"https:\/\/slforklift.com\/wp-content\/uploads\/2025\/11\/Hand-Pallet-Truck-Details-1.jpg 1280w, https:\/\/slforklift.com\/wp-content\/uploads\/2025\/11\/Hand-Pallet-Truck-Details-1-212x300.jpg 212w, https:\/\/slforklift.com\/wp-content\/uploads\/2025\/11\/Hand-Pallet-Truck-Details-1-724x1024.jpg 724w, https:\/\/slforklift.com\/wp-content\/uploads\/2025\/11\/Hand-Pallet-Truck-Details-1-768x1087.jpg 768w, https:\/\/slforklift.com\/wp-content\/uploads\/2025\/11\/Hand-Pallet-Truck-Details-1-1086x1536.jpg 1086w, https:\/\/slforklift.com\/wp-content\/uploads\/2025\/11\/Hand-Pallet-Truck-Details-1-600x849.jpg 600w\" sizes=\"(max-width: 600px) 100vw, 600px\" \/><figcaption id=\"caption-attachment-246\" class=\"wp-caption-text\">Anleitung f\u00fcr hydraulischen Handhubwagen<\/figcaption><\/figure>","protected":false},"excerpt":{"rendered":"<p>Shenli ist ein gro\u00df angelegter Hersteller und Lieferant von 2,5T Hydraulischen Hand Palettenwagen in China. Wir sind seit vielen Jahren auf Ladungshandhabungsausr\u00fcstung spezialisiert. Als Fabrik bieten wir Preisvorteile, OEM- &amp; ODM-F\u00e4higkeiten, ein strenges Qualit\u00e4tskontrollsystem und einen guten Verkaufs- und After-Sales-Service, was uns viele Kunden auf der ganzen Welt bringt. Wir freuen uns darauf, Ihr langfristiger Partner in China zu werden.<\/p>","protected":false},"featured_media":407,"template":"","meta":{"_seopress_robots_primary_cat":"none","_seopress_titles_title":"Truck Hand Pallet Hydraulic 2.5 Ton | 2500kg Pallet Truck","_seopress_titles_desc":"Truck hand pallet hydraulic 2.5 ton with 2500kg capacity. Durable hydraulic hand pallet truck, optional wheels, smooth descent, factory price for wholesale buyers.","_seopress_robots_index":"","_uag_custom_page_level_css":"","site-sidebar-layout":"default","site-content-layout":"","ast-site-content-layout":"default","site-content-style":"default","site-sidebar-style":"default","ast-global-header-display":"","ast-banner-title-visibility":"","ast-main-header-display":"","ast-hfb-above-header-display":"","ast-hfb-below-header-display":"","ast-hfb-mobile-header-display":"","site-post-title":"","ast-breadcrumbs-content":"","ast-featured-img":"","footer-sml-layout":"","ast-disable-related-posts":"","theme-transparent-header-meta":"default","adv-header-id-meta":"","stick-header-meta":"","header-above-stick-meta":"","header-main-stick-meta":"","header-below-stick-meta":"","astra-migrate-meta-layouts":"set","ast-page-background-enabled":"default","ast-page-background-meta":{"desktop":{"background-color":"var(--ast-global-color-5)","background-image":"","background-repeat":"repeat","background-position":"center center","background-size":"auto","background-attachment":"scroll","background-type":"","background-media":"","overlay-type":"","overlay-color":"","overlay-opacity":"","overlay-gradient":""},"tablet":{"background-color":"","background-image":"","background-repeat":"repeat","background-position":"center center","background-size":"auto","background-attachment":"scroll","background-type":"","background-media":"","overlay-type":"","overlay-color":"","overlay-opacity":"","overlay-gradient":""},"mobile":{"background-color":"","background-image":"","background-repeat":"repeat","background-position":"center center","background-size":"auto","background-attachment":"scroll","background-type":"","background-media":"","overlay-type":"","overlay-color":"","overlay-opacity":"","overlay-gradient":""}},"ast-content-background-meta":{"desktop":{"background-color":"var(--ast-global-color-4)","background-image":"","background-repeat":"repeat","background-position":"center center","background-size":"auto","background-attachment":"scroll","background-type":"","background-media":"","overlay-type":"","overlay-color":"","overlay-opacity":"","overlay-gradient":""},"tablet":{"background-color":"var(--ast-global-color-4)","background-image":"","background-repeat":"repeat","background-position":"center center","background-size":"auto","background-attachment":"scroll","background-type":"","background-media":"","overlay-type":"","overlay-color":"","overlay-opacity":"","overlay-gradient":""},"mobile":{"background-color":"var(--ast-global-color-4)","background-image":"","background-repeat":"repeat","background-position":"center center","background-size":"auto","background-attachment":"scroll","background-type":"","background-media":"","overlay-type":"","overlay-color":"","overlay-opacity":"","overlay-gradient":""}}},"product_brand":[],"product_cat":[27],"product_tag":[24],"class_list":{"0":"post-78","1":"product","2":"type-product","3":"status-publish","4":"has-post-thumbnail","6":"product_cat-2-5-tonnes","7":"product_tag-hand-pallet-truck","8":"desktop-align-left","9":"tablet-align-left","10":"mobile-align-left","12":"first","13":"instock","14":"shipping-taxable","15":"product-type-simple"},"uagb_featured_image_src":{"full":["https:\/\/slforklift.com\/wp-content\/uploads\/2025\/11\/Hand-Pallet-Truck-2.5T-yellow-1.webp",800,800,false],"thumbnail":["https:\/\/slforklift.com\/wp-content\/uploads\/2025\/11\/Hand-Pallet-Truck-2.5T-yellow-1-150x150.webp",150,150,true],"medium":["https:\/\/slforklift.com\/wp-content\/uploads\/2025\/11\/Hand-Pallet-Truck-2.5T-yellow-1-300x300.webp",300,300,true],"medium_large":["https:\/\/slforklift.com\/wp-content\/uploads\/2025\/11\/Hand-Pallet-Truck-2.5T-yellow-1-768x768.webp",768,768,true],"large":["https:\/\/slforklift.com\/wp-content\/uploads\/2025\/11\/Hand-Pallet-Truck-2.5T-yellow-1.webp",800,800,false],"1536x1536":["https:\/\/slforklift.com\/wp-content\/uploads\/2025\/11\/Hand-Pallet-Truck-2.5T-yellow-1.webp",800,800,false],"2048x2048":["https:\/\/slforklift.com\/wp-content\/uploads\/2025\/11\/Hand-Pallet-Truck-2.5T-yellow-1.webp",800,800,false],"trp-custom-language-flag":["https:\/\/slforklift.com\/wp-content\/uploads\/2025\/11\/Hand-Pallet-Truck-2.5T-yellow-1.webp",12,12,false],"woocommerce_thumbnail":["https:\/\/slforklift.com\/wp-content\/uploads\/2025\/11\/Hand-Pallet-Truck-2.5T-yellow-1-300x300.webp",300,300,true],"woocommerce_single":["https:\/\/slforklift.com\/wp-content\/uploads\/2025\/11\/Hand-Pallet-Truck-2.5T-yellow-1-600x600.webp",600,600,true],"woocommerce_gallery_thumbnail":["https:\/\/slforklift.com\/wp-content\/uploads\/2025\/11\/Hand-Pallet-Truck-2.5T-yellow-1-100x100.webp",100,100,true]},"uagb_author_info":{"display_name":"diniu2025@outlook.com","author_link":"https:\/\/slforklift.com\/de\/author\/"},"uagb_comment_info":0,"uagb_excerpt":"Shenli is a large-scale 2.5T Hydraulic Hand Pallet Truck manufacturer and supplier in China.We have been specialized in Cargo handling equipment for many years.As a factory,the price advantage, OEM&amp;ODM capability,strict quality control system and good sales-after service bring us so many clients all over the world.We look forward to becoming your long-term partner in China.","_links":{"self":[{"href":"https:\/\/slforklift.com\/de\/wp-json\/wp\/v2\/product\/78","targetHints":{"allow":["GET"]}}],"collection":[{"href":"https:\/\/slforklift.com\/de\/wp-json\/wp\/v2\/product"}],"about":[{"href":"https:\/\/slforklift.com\/de\/wp-json\/wp\/v2\/types\/product"}],"version-history":[{"count":2,"href":"https:\/\/slforklift.com\/de\/wp-json\/wp\/v2\/product\/78\/revisions"}],"predecessor-version":[{"id":707,"href":"https:\/\/slforklift.com\/de\/wp-json\/wp\/v2\/product\/78\/revisions\/707"}],"wp:featuredmedia":[{"embeddable":true,"href":"https:\/\/slforklift.com\/de\/wp-json\/wp\/v2\/media\/407"}],"wp:attachment":[{"href":"https:\/\/slforklift.com\/de\/wp-json\/wp\/v2\/media?parent=78"}],"wp:term":[{"taxonomy":"product_brand","embeddable":true,"href":"https:\/\/slforklift.com\/de\/wp-json\/wp\/v2\/product_brand?post=78"},{"taxonomy":"product_cat","embeddable":true,"href":"https:\/\/slforklift.com\/de\/wp-json\/wp\/v2\/product_cat?post=78"},{"taxonomy":"product_tag","embeddable":true,"href":"https:\/\/slforklift.com\/de\/wp-json\/wp\/v2\/product_tag?post=78"}],"curies":[{"name":"wp","href":"https:\/\/api.w.org\/{rel}","templated":true}]}}