{"id":67,"date":"2025-11-08T10:01:55","date_gmt":"2025-11-08T18:01:55","guid":{"rendered":"https:\/\/slforklift.com\/?post_type=product&#038;p=67"},"modified":"2025-11-16T08:54:33","modified_gmt":"2025-11-16T16:54:33","slug":"hand-pallet-truck-2-5t-green","status":"publish","type":"product","link":"https:\/\/slforklift.com\/de\/product\/hand-pallet-truck-2-5t-green\/","title":{"rendered":"Handhubwagen 2,5T Gr\u00fcn"},"content":{"rendered":"<h4><strong>Produktbeschreibung<\/strong><\/h4>\n<p>Shenli Hydraulische Hand Palettenwagen sind die kosteng\u00fcnstige Ausr\u00fcstung f\u00fcr viele kurze Transportaufgaben. Weit verbreitet in Superm\u00e4rkten, Lagern, Fabriken, Logistikindustrien usw. Wir haben das passende Modell, um all Ihre Bed\u00fcrfnisse zu erf\u00fcllen.<\/p>\n<p>Die Nenntragf\u00e4higkeit der 2,5T Hydraulischen Hand Palettenwagen betr\u00e4gt 2,5 Tonnen (2500 kg).<\/p>\n<p><img alt=\"\" fetchpriority=\"high\" decoding=\"async\" class=\"wp-image-68\" src=\"https:\/\/slforklift.com\/wp-content\/uploads\/2025\/11\/Hand-Pallet-Truck-2.5T-green-2.jpg\" width=\"600\" height=\"600\" srcset=\"https:\/\/slforklift.com\/wp-content\/uploads\/2025\/11\/Hand-Pallet-Truck-2.5T-green-2.jpg 800w, https:\/\/slforklift.com\/wp-content\/uploads\/2025\/11\/Hand-Pallet-Truck-2.5T-green-2-300x300.jpg 300w, https:\/\/slforklift.com\/wp-content\/uploads\/2025\/11\/Hand-Pallet-Truck-2.5T-green-2-100x100.jpg 100w, https:\/\/slforklift.com\/wp-content\/uploads\/2025\/11\/Hand-Pallet-Truck-2.5T-green-2-600x600.jpg 600w, https:\/\/slforklift.com\/wp-content\/uploads\/2025\/11\/Hand-Pallet-Truck-2.5T-green-2-150x150.jpg 150w, https:\/\/slforklift.com\/wp-content\/uploads\/2025\/11\/Hand-Pallet-Truck-2.5T-green-2-768x768.jpg 768w\" sizes=\"(max-width: 600px) 100vw, 600px\" \/><\/p>\n<h4><strong><b>Produktmerkmale:<\/b><\/strong><\/h4>\n<p>*Einfacher Drei-Gang-Steuergriff<\/p>\n<p>*Integrierte Gie\u00dfpumpen, R\u00fccklauf\u00f6lvorrichtung und Sicherheits-Entlastungsventil.<\/p>\n<p>*Hoch ausgewogener verst\u00e4rkter Rahmen<\/p>\n<p>*Kontrollierte Abstiegsgeschwindigkeit, langsamer Abstieg<\/p>\n<p>*Optionale R\u00e4der: Nylonrad, Polyurethan(PU)-Rad, Stahlrad<\/p>\n<p>*Spezielle Anforderungen k\u00f6nnen verhandelt und erf\u00fcllt werden<\/p>\n<p>*5000 Hebevorg\u00e4nge ohne Verformung bei Nennlast<\/p>\n<h4><strong><b>Shenli 2<\/b><\/strong><strong><b>.5<\/b><\/strong><strong><b>T Hydraulischer Hand Palettenwagen Parameter (Spezifikation)<\/b><\/strong><\/h4>\n<p><img alt=\"\" decoding=\"async\" class=\"alignnone wp-image-246\" src=\"https:\/\/slforklift.com\/wp-content\/uploads\/2025\/11\/Hand-Pallet-Truck-Details-1.jpg\" width=\"600\" height=\"849\" srcset=\"https:\/\/slforklift.com\/wp-content\/uploads\/2025\/11\/Hand-Pallet-Truck-Details-1.jpg 1280w, https:\/\/slforklift.com\/wp-content\/uploads\/2025\/11\/Hand-Pallet-Truck-Details-1-212x300.jpg 212w, https:\/\/slforklift.com\/wp-content\/uploads\/2025\/11\/Hand-Pallet-Truck-Details-1-724x1024.jpg 724w, https:\/\/slforklift.com\/wp-content\/uploads\/2025\/11\/Hand-Pallet-Truck-Details-1-768x1087.jpg 768w, https:\/\/slforklift.com\/wp-content\/uploads\/2025\/11\/Hand-Pallet-Truck-Details-1-1086x1536.jpg 1086w, https:\/\/slforklift.com\/wp-content\/uploads\/2025\/11\/Hand-Pallet-Truck-Details-1-600x849.jpg 600w\" sizes=\"(max-width: 600px) 100vw, 600px\" \/><\/p>\n<p><strong>Shenli 2,5T Hydraulischer Hand Palettenwagen Details:<\/strong><\/p>\n<p><img alt=\"\" decoding=\"async\" class=\"wp-image-325 size-full\" src=\"https:\/\/slforklift.com\/wp-content\/uploads\/2025\/11\/Hand-Pallet-Truck-Details4.webp\" width=\"600\" height=\"600\" srcset=\"https:\/\/slforklift.com\/wp-content\/uploads\/2025\/11\/Hand-Pallet-Truck-Details4.webp 600w, https:\/\/slforklift.com\/wp-content\/uploads\/2025\/11\/Hand-Pallet-Truck-Details4-300x300.webp 300w, https:\/\/slforklift.com\/wp-content\/uploads\/2025\/11\/Hand-Pallet-Truck-Details4-150x150.webp 150w, https:\/\/slforklift.com\/wp-content\/uploads\/2025\/11\/Hand-Pallet-Truck-Details4-100x100.webp 100w\" sizes=\"(max-width: 600px) 100vw, 600px\" \/><\/p>","protected":false},"excerpt":{"rendered":"<p>Shengli ist ein Hersteller im Bereich Handling und Heben. Das von uns produzierte manuelle Palettenfahrzeug ist kompakt im Design und einfach zu bedienen. Es eignet sich f\u00fcr den G\u00fcterumschlag in Lagern, Fabriken und anderen Orten, was die Arbeitseffizienz effektiv verbessern kann. Haupts\u00e4chlich verwendet in Logistik, Lagern und anderen Orten, an denen h\u00e4ufig G\u00fcter umgeschlagen werden.<\/p>","protected":false},"featured_media":409,"template":"","meta":{"_seopress_robots_primary_cat":"","_seopress_titles_title":"","_seopress_titles_desc":"","_seopress_robots_index":"","_uag_custom_page_level_css":"","site-sidebar-layout":"default","site-content-layout":"","ast-site-content-layout":"default","site-content-style":"default","site-sidebar-style":"default","ast-global-header-display":"","ast-banner-title-visibility":"","ast-main-header-display":"","ast-hfb-above-header-display":"","ast-hfb-below-header-display":"","ast-hfb-mobile-header-display":"","site-post-title":"","ast-breadcrumbs-content":"","ast-featured-img":"","footer-sml-layout":"","ast-disable-related-posts":"","theme-transparent-header-meta":"default","adv-header-id-meta":"","stick-header-meta":"","header-above-stick-meta":"","header-main-stick-meta":"","header-below-stick-meta":"","astra-migrate-meta-layouts":"set","ast-page-background-enabled":"default","ast-page-background-meta":{"desktop":{"background-color":"var(--ast-global-color-5)","background-image":"","background-repeat":"repeat","background-position":"center center","background-size":"auto","background-attachment":"scroll","background-type":"","background-media":"","overlay-type":"","overlay-color":"","overlay-opacity":"","overlay-gradient":""},"tablet":{"background-color":"","background-image":"","background-repeat":"repeat","background-position":"center center","background-size":"auto","background-attachment":"scroll","background-type":"","background-media":"","overlay-type":"","overlay-color":"","overlay-opacity":"","overlay-gradient":""},"mobile":{"background-color":"","background-image":"","background-repeat":"repeat","background-position":"center center","background-size":"auto","background-attachment":"scroll","background-type":"","background-media":"","overlay-type":"","overlay-color":"","overlay-opacity":"","overlay-gradient":""}},"ast-content-background-meta":{"desktop":{"background-color":"var(--ast-global-color-4)","background-image":"","background-repeat":"repeat","background-position":"center center","background-size":"auto","background-attachment":"scroll","background-type":"","background-media":"","overlay-type":"","overlay-color":"","overlay-opacity":"","overlay-gradient":""},"tablet":{"background-color":"var(--ast-global-color-4)","background-image":"","background-repeat":"repeat","background-position":"center center","background-size":"auto","background-attachment":"scroll","background-type":"","background-media":"","overlay-type":"","overlay-color":"","overlay-opacity":"","overlay-gradient":""},"mobile":{"background-color":"var(--ast-global-color-4)","background-image":"","background-repeat":"repeat","background-position":"center center","background-size":"auto","background-attachment":"scroll","background-type":"","background-media":"","overlay-type":"","overlay-color":"","overlay-opacity":"","overlay-gradient":""}}},"product_brand":[],"product_cat":[27],"product_tag":[24],"class_list":{"0":"post-67","1":"product","2":"type-product","3":"status-publish","4":"has-post-thumbnail","6":"product_cat-2-5-tonnes","7":"product_tag-hand-pallet-truck","8":"desktop-align-left","9":"tablet-align-left","10":"mobile-align-left","12":"first","13":"instock","14":"shipping-taxable","15":"product-type-simple"},"uagb_featured_image_src":{"full":["https:\/\/slforklift.com\/wp-content\/uploads\/2025\/11\/2.5T-GREEN-1.webp",800,800,false],"thumbnail":["https:\/\/slforklift.com\/wp-content\/uploads\/2025\/11\/2.5T-GREEN-1-150x150.webp",150,150,true],"medium":["https:\/\/slforklift.com\/wp-content\/uploads\/2025\/11\/2.5T-GREEN-1-300x300.webp",300,300,true],"medium_large":["https:\/\/slforklift.com\/wp-content\/uploads\/2025\/11\/2.5T-GREEN-1-768x768.webp",768,768,true],"large":["https:\/\/slforklift.com\/wp-content\/uploads\/2025\/11\/2.5T-GREEN-1.webp",800,800,false],"1536x1536":["https:\/\/slforklift.com\/wp-content\/uploads\/2025\/11\/2.5T-GREEN-1.webp",800,800,false],"2048x2048":["https:\/\/slforklift.com\/wp-content\/uploads\/2025\/11\/2.5T-GREEN-1.webp",800,800,false],"trp-custom-language-flag":["https:\/\/slforklift.com\/wp-content\/uploads\/2025\/11\/2.5T-GREEN-1.webp",12,12,false],"woocommerce_thumbnail":["https:\/\/slforklift.com\/wp-content\/uploads\/2025\/11\/2.5T-GREEN-1-300x300.webp",300,300,true],"woocommerce_single":["https:\/\/slforklift.com\/wp-content\/uploads\/2025\/11\/2.5T-GREEN-1-600x600.webp",600,600,true],"woocommerce_gallery_thumbnail":["https:\/\/slforklift.com\/wp-content\/uploads\/2025\/11\/2.5T-GREEN-1-100x100.webp",100,100,true]},"uagb_author_info":{"display_name":"diniu2025@outlook.com","author_link":"https:\/\/slforklift.com\/de\/author\/"},"uagb_comment_info":0,"uagb_excerpt":"Shengli is a manufacturer in the field of handling and lifting. The manual pallet truck we produce is compact in design and easy to operate. It is suitable for cargo handling in warehouses, factories and other places, which can effectively improve work efficiency.mainly used in logistics, warehouses and other places where there are often goods&hellip;","_links":{"self":[{"href":"https:\/\/slforklift.com\/de\/wp-json\/wp\/v2\/product\/67","targetHints":{"allow":["GET"]}}],"collection":[{"href":"https:\/\/slforklift.com\/de\/wp-json\/wp\/v2\/product"}],"about":[{"href":"https:\/\/slforklift.com\/de\/wp-json\/wp\/v2\/types\/product"}],"version-history":[{"count":0,"href":"https:\/\/slforklift.com\/de\/wp-json\/wp\/v2\/product\/67\/revisions"}],"wp:featuredmedia":[{"embeddable":true,"href":"https:\/\/slforklift.com\/de\/wp-json\/wp\/v2\/media\/409"}],"wp:attachment":[{"href":"https:\/\/slforklift.com\/de\/wp-json\/wp\/v2\/media?parent=67"}],"wp:term":[{"taxonomy":"product_brand","embeddable":true,"href":"https:\/\/slforklift.com\/de\/wp-json\/wp\/v2\/product_brand?post=67"},{"taxonomy":"product_cat","embeddable":true,"href":"https:\/\/slforklift.com\/de\/wp-json\/wp\/v2\/product_cat?post=67"},{"taxonomy":"product_tag","embeddable":true,"href":"https:\/\/slforklift.com\/de\/wp-json\/wp\/v2\/product_tag?post=67"}],"curies":[{"name":"wp","href":"https:\/\/api.w.org\/{rel}","templated":true}]}}