{"id":459,"date":"2025-11-18T16:12:46","date_gmt":"2025-11-19T00:12:46","guid":{"rendered":"https:\/\/slforklift.com\/?post_type=product&#038;p=459"},"modified":"2025-12-16T06:41:45","modified_gmt":"2025-12-16T14:41:45","slug":"dsc00936","status":"publish","type":"product","link":"https:\/\/slforklift.com\/de\/product\/dsc00936\/","title":{"rendered":"DSC00936"},"content":{"rendered":"<ol start=\"1\">\n<li>\n<p class=\"ds-markdown-paragraph\"><strong>Signifikante 20%-Steigerung der Produktionseffizienz<\/strong><br \/>\nDurch die Implementierung eines kontinuierlichen \u201eNon-Stop-Produktion\u201c Betriebsmodus hat das AGV-System Produktionsunterbrechungen, die zuvor durch manuelle Materialhandhabung verursacht wurden, vollst\u00e4ndig eliminiert. Basierend auf einem t\u00e4glichen Produktionsbenchmark von 500 Einheiten hat die Eliminierung von 36 Minuten t\u00e4glicher Stillstandszeit die effektive Kapazit\u00e4t auf 600 Einheiten erh\u00f6ht, was eine bemerkenswerte Verbesserung der Gesamteffizienz um 20% bedeutet. Diese Verbesserung f\u00fchrt direkt zu einer h\u00f6heren Anlagenutzung und einem monatlichen Output.<\/p>\n<\/li>\n<li>\n<p class=\"ds-markdown-paragraph\"><strong>Direkte 7,5%-Reduktion der damit verbundenen Personalkosten<\/strong><br \/>\nIm Hinblick auf Kostenkontrolle hat die Substitution bestimmter Materialhandhabungsaufgaben durch das AGV-System die Personalkosten f\u00fcr die entsprechenden Positionen direkt reduziert. Bei einem Stundenlohn von RMB 25 pro Person spart das System die \u00e4quivalente von 0,6 effektiven Arbeitsstunden pro Tag. Dies stellt eine direkte Reduktion der t\u00e4glichen Gesamtlohnkosten um 7,5% f\u00fcr diese Rolle dar. Zus\u00e4tzlich zu den niedrigeren direkten Verg\u00fctungsaufwendungen erm\u00f6glicht diese Optimierung die Umverteilung der Mitarbeiter in h\u00f6herwertige Positionen.<\/p>\n<\/li>\n<li>\n<p class=\"ds-markdown-paragraph\"><strong>Grundlegende 100%-Reduktion der Arbeitsintensit\u00e4t<\/strong><br \/>\nDie Implementierung von AGVs hat die Bediener vollst\u00e4ndig von repetitiven und k\u00f6rperlich anstrengenden manuellen Aufgaben befreit. Insbesondere bei der \u201eTransport von Paletten auf der Produktionslinie\u201c wurde die k\u00f6rperliche Arbeitsintensit\u00e4t um 100% reduziert. Dies spiegelt nicht nur eine menschenorientierte Managementphilosophie wider und verbessert das Arbeitsumfeld, sondern legt auch eine solide Grundlage f\u00fcr die Reduzierung des Risikos von Arbeitsunf\u00e4llen und die Steigerung der Attraktivit\u00e4t der Arbeitspl\u00e4tze.<\/p>\n<\/li>\n<\/ol>\n<p class=\"ds-markdown-paragraph\"><strong>Zusammenfassung:<\/strong><br \/>\nAbschlie\u00dfend stellt die Einf\u00fchrung des AGV-Materialflusssystems eine erfolgreiche Praxis des Lean Manufacturing dar. Es hat sofortige Ergebnisse bei der Effizienzsteigerung (+20%), Kostensenkung (-7,5%) und Verbesserung der Arbeitsbedingungen (-100%) geliefert und wertvolle Erfahrungen und Daten f\u00fcr zuk\u00fcnftige umfassende intelligente Aufr\u00fcstungen bereitgestellt.<\/p>","protected":false},"excerpt":{"rendered":"<p>Significant 20% Increase in Production Efficiency By implementing a continuous &#8220;non-stop production line&#8221; operation mode, the AGV system has completely [&hellip;]<\/p>","protected":false},"featured_media":460,"template":"","meta":{"_seopress_robots_primary_cat":"","_seopress_titles_title":"","_seopress_titles_desc":"","_seopress_robots_index":"","_uag_custom_page_level_css":"","site-sidebar-layout":"default","site-content-layout":"","ast-site-content-layout":"default","site-content-style":"default","site-sidebar-style":"default","ast-global-header-display":"","ast-banner-title-visibility":"","ast-main-header-display":"","ast-hfb-above-header-display":"","ast-hfb-below-header-display":"","ast-hfb-mobile-header-display":"","site-post-title":"","ast-breadcrumbs-content":"","ast-featured-img":"","footer-sml-layout":"","ast-disable-related-posts":"","theme-transparent-header-meta":"default","adv-header-id-meta":"","stick-header-meta":"","header-above-stick-meta":"","header-main-stick-meta":"","header-below-stick-meta":"","astra-migrate-meta-layouts":"set","ast-page-background-enabled":"default","ast-page-background-meta":{"desktop":{"background-color":"var(--ast-global-color-5)","background-image":"","background-repeat":"repeat","background-position":"center center","background-size":"auto","background-attachment":"scroll","background-type":"","background-media":"","overlay-type":"","overlay-color":"","overlay-opacity":"","overlay-gradient":""},"tablet":{"background-color":"","background-image":"","background-repeat":"repeat","background-position":"center center","background-size":"auto","background-attachment":"scroll","background-type":"","background-media":"","overlay-type":"","overlay-color":"","overlay-opacity":"","overlay-gradient":""},"mobile":{"background-color":"","background-image":"","background-repeat":"repeat","background-position":"center center","background-size":"auto","background-attachment":"scroll","background-type":"","background-media":"","overlay-type":"","overlay-color":"","overlay-opacity":"","overlay-gradient":""}},"ast-content-background-meta":{"desktop":{"background-color":"var(--ast-global-color-4)","background-image":"","background-repeat":"repeat","background-position":"center center","background-size":"auto","background-attachment":"scroll","background-type":"","background-media":"","overlay-type":"","overlay-color":"","overlay-opacity":"","overlay-gradient":""},"tablet":{"background-color":"var(--ast-global-color-4)","background-image":"","background-repeat":"repeat","background-position":"center center","background-size":"auto","background-attachment":"scroll","background-type":"","background-media":"","overlay-type":"","overlay-color":"","overlay-opacity":"","overlay-gradient":""},"mobile":{"background-color":"var(--ast-global-color-4)","background-image":"","background-repeat":"repeat","background-position":"center center","background-size":"auto","background-attachment":"scroll","background-type":"","background-media":"","overlay-type":"","overlay-color":"","overlay-opacity":"","overlay-gradient":""}}},"product_brand":[],"product_cat":[19],"product_tag":[],"class_list":{"0":"post-459","1":"product","2":"type-product","3":"status-publish","4":"has-post-thumbnail","6":"product_cat-uncategorized","7":"desktop-align-left","8":"tablet-align-left","9":"mobile-align-left","11":"first","12":"instock","13":"shipping-taxable","14":"product-type-simple"},"uagb_featured_image_src":{"full":["https:\/\/slforklift.com\/wp-content\/uploads\/2025\/11\/DSC00936-1-1.webp",800,800,false],"thumbnail":["https:\/\/slforklift.com\/wp-content\/uploads\/2025\/11\/DSC00936-1-1-150x150.webp",150,150,true],"medium":["https:\/\/slforklift.com\/wp-content\/uploads\/2025\/11\/DSC00936-1-1-300x300.webp",300,300,true],"medium_large":["https:\/\/slforklift.com\/wp-content\/uploads\/2025\/11\/DSC00936-1-1-768x768.webp",768,768,true],"large":["https:\/\/slforklift.com\/wp-content\/uploads\/2025\/11\/DSC00936-1-1.webp",800,800,false],"1536x1536":["https:\/\/slforklift.com\/wp-content\/uploads\/2025\/11\/DSC00936-1-1.webp",800,800,false],"2048x2048":["https:\/\/slforklift.com\/wp-content\/uploads\/2025\/11\/DSC00936-1-1.webp",800,800,false],"trp-custom-language-flag":["https:\/\/slforklift.com\/wp-content\/uploads\/2025\/11\/DSC00936-1-1.webp",12,12,false],"woocommerce_thumbnail":["https:\/\/slforklift.com\/wp-content\/uploads\/2025\/11\/DSC00936-1-1-300x300.webp",300,300,true],"woocommerce_single":["https:\/\/slforklift.com\/wp-content\/uploads\/2025\/11\/DSC00936-1-1-600x600.webp",600,600,true],"woocommerce_gallery_thumbnail":["https:\/\/slforklift.com\/wp-content\/uploads\/2025\/11\/DSC00936-1-1-100x100.webp",100,100,true]},"uagb_author_info":{"display_name":"diniu2025@outlook.com","author_link":"https:\/\/slforklift.com\/de\/author\/"},"uagb_comment_info":0,"uagb_excerpt":"Significant 20% Increase in Production Efficiency By implementing a continuous &#8220;non-stop production line&#8221; operation mode, the AGV system has completely [&hellip;]","_links":{"self":[{"href":"https:\/\/slforklift.com\/de\/wp-json\/wp\/v2\/product\/459","targetHints":{"allow":["GET"]}}],"collection":[{"href":"https:\/\/slforklift.com\/de\/wp-json\/wp\/v2\/product"}],"about":[{"href":"https:\/\/slforklift.com\/de\/wp-json\/wp\/v2\/types\/product"}],"version-history":[{"count":0,"href":"https:\/\/slforklift.com\/de\/wp-json\/wp\/v2\/product\/459\/revisions"}],"wp:featuredmedia":[{"embeddable":true,"href":"https:\/\/slforklift.com\/de\/wp-json\/wp\/v2\/media\/460"}],"wp:attachment":[{"href":"https:\/\/slforklift.com\/de\/wp-json\/wp\/v2\/media?parent=459"}],"wp:term":[{"taxonomy":"product_brand","embeddable":true,"href":"https:\/\/slforklift.com\/de\/wp-json\/wp\/v2\/product_brand?post=459"},{"taxonomy":"product_cat","embeddable":true,"href":"https:\/\/slforklift.com\/de\/wp-json\/wp\/v2\/product_cat?post=459"},{"taxonomy":"product_tag","embeddable":true,"href":"https:\/\/slforklift.com\/de\/wp-json\/wp\/v2\/product_tag?post=459"}],"curies":[{"name":"wp","href":"https:\/\/api.w.org\/{rel}","templated":true}]}}